{"id":30638,"date":"2023-01-24T20:54:27","date_gmt":"2023-01-24T12:54:27","guid":{"rendered":"https:\/\/gretasexylingerie.com\/?post_type=product&#038;p=30638"},"modified":"2023-09-05T20:50:16","modified_gmt":"2023-09-05T12:50:16","slug":"decote-em-v-profundo-fenda-lateral-sexy-camisola-longa","status":"publish","type":"product","link":"https:\/\/gretasexylingerie.com\/pt\/products\/deep-v-neck-side-slit-sexy-long-chemise\/","title":{"rendered":"Chemise longa sexy com decote em V profundo fenda lateral"},"content":{"rendered":"<p>Caracter\u00edsticas:<\/p>\n\n\n\n<p>1. La\u00e7o transparente de alta qualidade, a estrutura de malha aumenta a elasticidade do material e o padr\u00e3o \u00e9 especialmente projetado.<br>2. A estrutura arrast\u00e3o do peito n\u00e3o s\u00f3 aumenta a capacidade do peito, mas tamb\u00e9m torna seu peito mais sexy.<br>3. A saia de fenda alta permite que voc\u00ea libere seu charme encantador mais livremente e desfrute de uma noite maravilhosa.<\/p>\n\n\n\n<figure class=\"wp-block-table is-style-stripes\"><table><tbody><tr><td colspan=\"4\">Gr\u00e1fico do local (CM)<\/td><\/tr><tr><td>Tamanho<\/td><td>Abaixo do busto<\/td><td>Comprimento<\/td><td>Cintura<\/td><\/tr><tr><td>S<\/td><td>88<\/td><td>112<\/td><td>65<\/td><\/tr><tr><td>M<\/td><td>92<\/td><td>114<\/td><td>70<\/td><\/tr><tr><td>eu<\/td><td>96<\/td><td>116<\/td><td>75<\/td><\/tr><tr><td>GG<\/td><td>100<\/td><td>118<\/td><td>80<\/td><\/tr><tr><td>XXL<\/td><td>104<\/td><td>120<\/td><td>85<\/td><\/tr><tr><td colspan=\"4\">Gr\u00e1fico do Local (POLEGADAS)<\/td><\/tr><tr><td>Tamanho<\/td><td>Abaixo do busto<\/td><td>Altura do copo<\/td><td>Cintura<\/td><\/tr><tr><td>S<\/td><td>35.2<\/td><td>44.8<\/td><td>26<\/td><\/tr><tr><td>M<\/td><td>36.8<\/td><td>45.6<\/td><td>28<\/td><\/tr><tr><td>eu<\/td><td>38.4<\/td><td>46.4<\/td><td>30<\/td><\/tr><tr><td>GG<\/td><td>40<\/td><td>47.2<\/td><td>32<\/td><\/tr><tr><td>XXL<\/td><td>41.6<\/td><td>48<\/td><td>34<\/td><\/tr><tr><td colspan=\"4\">Observa\u00e7\u00e3o: 1. Pode haver um desvio de 1 a 2 cm em diferentes tamanhos, locais e elasticidade dos tecidos. A tabela de tamanhos \u00e9 apenas para refer\u00eancia, pode haver uma pequena diferen\u00e7a com o que voc\u00ea recebe. 2.Existem 3 tipos de elasticidade: Elasticidade Alta (esticada nos dois lados), Elasticidade M\u00e9dia (esticada em um lado) e N\u00e3o El\u00e1stica (n\u00e3o pode ser esticada). 3. A cor pode ser mais clara ou mais escura devido \u00e0s diferentes telas do PC. 4. Lave \u00e0 m\u00e3o em \u00e1gua a 30 graus, pendure para secar \u00e0 sombra, pro\u00edba o branqueamento. 5. Pode haver uma pequena diferen\u00e7a nos detalhes e no padr\u00e3o.<\/td><\/tr><\/tbody><\/table><\/figure>","protected":false},"excerpt":{"rendered":"<p>O design da camisa longa sexy com decote em V profundo \u00e9 inspirado no quimono japon\u00eas. O corpo transparente e sexy com certeza vai fazer voc\u00ea querer parar. \u00c9 feito de tecido de renda oca e padr\u00f5es especialmente projetados, cobrindo seu corpo com uma camada de gaze misteriosa. A parte de tr\u00e1s \u00e9 feita de tecido de malha el\u00e1stica, com al\u00e7as finas ajust\u00e1veis e tanga combinando.<\/p>","protected":false},"featured_media":30640,"template":"","meta":[],"product_brand":[],"product_cat":[393,392,422,367],"product_tag":[452,516,446,504],"class_list":{"0":"post-30638","1":"product","2":"type-product","3":"status-publish","4":"has-post-thumbnail","6":"product_cat-wholesale-long-chemise","7":"product_cat-wholesale-lace-chemise","8":"product_cat-sexy-chemise","9":"product_cat-sexy-lingerie","10":"product_tag-wholesale-boudoir-lingerie","11":"product_tag-lace-lingerie","12":"product_tag-wholesale-sexy-see-through-lingerie","13":"product_tag-ultra-sexy","14":"pa_color-black","15":"pa_color-fire-brick-women-sexy-lingerie","16":"pa_color-sea-green-women-sexy-lingerie","17":"pa_color-white","18":"pa_cup-full-cup","19":"pa_size-wholesale-large-size-women-sexy-lingerie","20":"pa_size-wholesale-medium-size-women-sexy-lingerie","21":"pa_size-wholesale-small-size-sexy-lingerie","22":"pa_size-wholesale-extra-large-sexy-lingerie","23":"pa_size-extra-extra-large-sexy-lingerie","25":"first","26":"instock","27":"taxable","28":"shipping-taxable","29":"purchasable","30":"product-type-variable"},"tiered_pricing_type":"fixed","tiered_pricing_fixed_rules":[],"tiered_pricing_product_settings":{"layout":"default","base_unit_name":{"singular":null,"plural":null},"default_variation":null},"tiered_pricing_minimum_quantity":null,"tiered_pricing_roles_data":{"default_wholesaler":{"product_id":30638,"role":"default_wholesaler","pricing_type":"flat","regular_price":null,"sale_price":null,"discount":null,"discount_type":"sale_price","tiered_pricing_type":"fixed","percentage_rules":[],"fixed_rules":{"2":"7.29","30":"6.29","500":"5.49"},"minimum":null},"dropshippinger":{"product_id":30638,"role":"dropshippinger","pricing_type":"flat","regular_price":null,"sale_price":null,"discount":null,"discount_type":"sale_price","tiered_pricing_type":"fixed","percentage_rules":[],"fixed_rules":{"1":"8.79","5":"7.29","30":"6.29"},"minimum":null}},"tiered_pricing_percentage_rules":[],"tiered_pricing_maximum_quantity":null,"tiered_pricing_quantity_step":null,"_links":{"self":[{"href":"https:\/\/gretasexylingerie.com\/pt\/wp-json\/wp\/v2\/product\/30638","targetHints":{"allow":["GET"]}}],"collection":[{"href":"https:\/\/gretasexylingerie.com\/pt\/wp-json\/wp\/v2\/product"}],"about":[{"href":"https:\/\/gretasexylingerie.com\/pt\/wp-json\/wp\/v2\/types\/product"}],"wp:featuredmedia":[{"embeddable":true,"href":"https:\/\/gretasexylingerie.com\/pt\/wp-json\/wp\/v2\/media\/30640"}],"wp:attachment":[{"href":"https:\/\/gretasexylingerie.com\/pt\/wp-json\/wp\/v2\/media?parent=30638"}],"wp:term":[{"taxonomy":"product_brand","embeddable":true,"href":"https:\/\/gretasexylingerie.com\/pt\/wp-json\/wp\/v2\/product_brand?post=30638"},{"taxonomy":"product_cat","embeddable":true,"href":"https:\/\/gretasexylingerie.com\/pt\/wp-json\/wp\/v2\/product_cat?post=30638"},{"taxonomy":"product_tag","embeddable":true,"href":"https:\/\/gretasexylingerie.com\/pt\/wp-json\/wp\/v2\/product_tag?post=30638"}],"curies":[{"name":"wp","href":"https:\/\/api.w.org\/{rel}","templated":true}]}}