{"id":30618,"date":"2023-01-24T20:43:50","date_gmt":"2023-01-24T12:43:50","guid":{"rendered":"https:\/\/gretasexylingerie.com\/?post_type=product&#038;p=30618"},"modified":"2023-09-05T20:50:15","modified_gmt":"2023-09-05T12:50:15","slug":"camisola-longa-de-malha-transparente-com-mangas-compridas","status":"publish","type":"product","link":"https:\/\/gretasexylingerie.com\/pt\/products\/sheer-mesh-long-sleeve-long-chemise\/","title":{"rendered":"Chemise de malha transparente manga longa"},"content":{"rendered":"<p>Caracter\u00edsticas:<\/p>\n\n\n\n<p>1. Utiliza-se renda floral de alta qualidade, que possui alta elasticidade e pode ser bem adaptada a diferentes seios.<br>2. A saia composta de malha fina e design plissado adiciona uma sensa\u00e7\u00e3o de mist\u00e9rio ao seu corpo.<br>3. Decote em V profundo e al\u00e7as ajust\u00e1veis no peito, voc\u00ea pode facilmente controlar seu peito e deix\u00e1-lo us\u00e1-lo com mais facilidade.<\/p>\n\n\n\n<figure class=\"wp-block-table is-style-stripes\"><table><tbody><tr><td colspan=\"4\">Gr\u00e1fico do local (CM)<\/td><\/tr><tr><td>Tamanho<\/td><td>Abaixo do busto<\/td><td>Comprimento<\/td><td>Cintura<\/td><\/tr><tr><td>S<\/td><td>78<\/td><td>130<\/td><td>65<\/td><\/tr><tr><td>M<\/td><td>80<\/td><td>132<\/td><td>70<\/td><\/tr><tr><td>eu<\/td><td>82<\/td><td>134<\/td><td>75<\/td><\/tr><tr><td>GG<\/td><td>84<\/td><td>136<\/td><td>80<\/td><\/tr><tr><td colspan=\"4\">Gr\u00e1fico do Local (POLEGADAS)<\/td><\/tr><tr><td>Tamanho<\/td><td>Abaixo do busto<\/td><td>Altura do copo<\/td><td>Cintura<\/td><\/tr><tr><td>S<\/td><td>31.2<\/td><td>52<\/td><td>26<\/td><\/tr><tr><td>M<\/td><td>32<\/td><td>52.8<\/td><td>28<\/td><\/tr><tr><td>eu<\/td><td>32.8<\/td><td>53.6<\/td><td>30<\/td><\/tr><tr><td>GG<\/td><td>33.6<\/td><td>54.4<\/td><td>32<\/td><\/tr><tr><td colspan=\"4\">Observa\u00e7\u00e3o: 1. Pode haver um desvio de 1 a 2 cm em diferentes tamanhos, locais e elasticidade dos tecidos. A tabela de tamanhos \u00e9 apenas para refer\u00eancia, pode haver uma pequena diferen\u00e7a com o que voc\u00ea recebe. 2.Existem 3 tipos de elasticidade: Elasticidade Alta (esticada nos dois lados), Elasticidade M\u00e9dia (esticada em um lado) e N\u00e3o El\u00e1stica (n\u00e3o pode ser esticada). 3. A cor pode ser mais clara ou mais escura devido \u00e0s diferentes telas do PC. 4. Lave \u00e0 m\u00e3o em \u00e1gua a 30 graus, pendure para secar \u00e0 sombra, pro\u00edba o branqueamento. 5. Pode haver uma pequena diferen\u00e7a nos detalhes e no padr\u00e3o.<\/td><\/tr><\/tbody><\/table><\/figure>","protected":false},"excerpt":{"rendered":"<p>Chemise de manga comprida de malha pura na cama, jogue-se nos bra\u00e7os do seu amante. O peito e as mangas compridas s\u00e3o decorados com renda floral transparente, a saia \u00e9 feita de malha fina, o decote em V profundo \u00e9 projetado e a gravata ajust\u00e1vel \u00e9 usada na parte do peito, que pode ser ajustada de acordo com as necessidades.<\/p>","protected":false},"featured_media":30623,"template":"","meta":[],"product_brand":[],"product_cat":[393,394,422,367],"product_tag":[452,518,446,504],"class_list":{"0":"post-30618","1":"product","2":"type-product","3":"status-publish","4":"has-post-thumbnail","6":"product_cat-wholesale-long-chemise","7":"product_cat-wholesale-mesh-chemise","8":"product_cat-sexy-chemise","9":"product_cat-sexy-lingerie","10":"product_tag-wholesale-boudoir-lingerie","11":"product_tag-mesh-lingerie","12":"product_tag-wholesale-sexy-see-through-lingerie","13":"product_tag-ultra-sexy","14":"pa_color-black","15":"pa_color-light-blue-women-sexy-lingerie","16":"pa_color-white","17":"pa_cup-full-cup","18":"pa_size-wholesale-large-size-women-sexy-lingerie","19":"pa_size-wholesale-medium-size-women-sexy-lingerie","20":"pa_size-wholesale-small-size-sexy-lingerie","21":"pa_size-wholesale-extra-large-sexy-lingerie","23":"first","24":"instock","25":"taxable","26":"shipping-taxable","27":"purchasable","28":"product-type-variable"},"tiered_pricing_type":"fixed","tiered_pricing_fixed_rules":[],"tiered_pricing_product_settings":{"layout":"default","base_unit_name":{"singular":null,"plural":null},"default_variation":null},"tiered_pricing_minimum_quantity":null,"tiered_pricing_roles_data":{"default_wholesaler":{"product_id":30618,"role":"default_wholesaler","pricing_type":"flat","regular_price":null,"sale_price":null,"discount":null,"discount_type":"sale_price","tiered_pricing_type":"fixed","percentage_rules":[],"fixed_rules":{"2":"6.79","30":"5.89","500":"5.09"},"minimum":null},"dropshippinger":{"product_id":30618,"role":"dropshippinger","pricing_type":"flat","regular_price":null,"sale_price":null,"discount":null,"discount_type":"sale_price","tiered_pricing_type":"fixed","percentage_rules":[],"fixed_rules":{"1":"8.19","5":"6.79","30":"5.89"},"minimum":null}},"tiered_pricing_percentage_rules":[],"tiered_pricing_maximum_quantity":null,"tiered_pricing_quantity_step":null,"_links":{"self":[{"href":"https:\/\/gretasexylingerie.com\/pt\/wp-json\/wp\/v2\/product\/30618","targetHints":{"allow":["GET"]}}],"collection":[{"href":"https:\/\/gretasexylingerie.com\/pt\/wp-json\/wp\/v2\/product"}],"about":[{"href":"https:\/\/gretasexylingerie.com\/pt\/wp-json\/wp\/v2\/types\/product"}],"wp:featuredmedia":[{"embeddable":true,"href":"https:\/\/gretasexylingerie.com\/pt\/wp-json\/wp\/v2\/media\/30623"}],"wp:attachment":[{"href":"https:\/\/gretasexylingerie.com\/pt\/wp-json\/wp\/v2\/media?parent=30618"}],"wp:term":[{"taxonomy":"product_brand","embeddable":true,"href":"https:\/\/gretasexylingerie.com\/pt\/wp-json\/wp\/v2\/product_brand?post=30618"},{"taxonomy":"product_cat","embeddable":true,"href":"https:\/\/gretasexylingerie.com\/pt\/wp-json\/wp\/v2\/product_cat?post=30618"},{"taxonomy":"product_tag","embeddable":true,"href":"https:\/\/gretasexylingerie.com\/pt\/wp-json\/wp\/v2\/product_tag?post=30618"}],"curies":[{"name":"wp","href":"https:\/\/api.w.org\/{rel}","templated":true}]}}