{"id":30560,"date":"2023-01-24T20:09:19","date_gmt":"2023-01-24T12:09:19","guid":{"rendered":"https:\/\/gretasexylingerie.com\/?post_type=product&#038;p=30560"},"modified":"2023-12-09T21:32:53","modified_gmt":"2023-12-09T13:32:53","slug":"perspectiva-halter-renda-chemise","status":"publish","type":"product","link":"https:\/\/gretasexylingerie.com\/pt\/products\/perspective-halter-lace-chemise\/","title":{"rendered":"Por atacado Perspectiva Halter Lace Chemise"},"content":{"rendered":"<p>Caracter\u00edsticas:<\/p>\n\n\n\n<p>1. Tecido de renda el\u00e1stica de alta qualidade e padr\u00f5es cuidadosamente projetados fazem seu corpo se sentir como se estivesse no meio de flores.<br>2. Design de pesco\u00e7o halter, al\u00e7as de ombro el\u00e1sticas finas ajust\u00e1veis e conectadas por um anel na parte de tr\u00e1s.<br>3. Dispon\u00edvel em 2 cores e 5 tamanhos, tangas combinando feitas da mesma renda floral.<\/p>\n\n\n\n<figure class=\"wp-block-table is-style-stripes\"><table><tbody><tr><td colspan=\"4\">Gr\u00e1fico do local (CM)<\/td><\/tr><tr><td>Tamanho<\/td><td>Abaixo do busto<\/td><td>Comprimento<\/td><td>Cintura<\/td><\/tr><tr><td>S<\/td><td>86<\/td><td>59<\/td><td>65<\/td><\/tr><tr><td>M<\/td><td>91<\/td><td>61<\/td><td>70<\/td><\/tr><tr><td>eu<\/td><td>96<\/td><td>62<\/td><td>75<\/td><\/tr><tr><td>GG<\/td><td>101<\/td><td>63<\/td><td>80<\/td><\/tr><tr><td>XXL<\/td><td>106<\/td><td>64<\/td><td>85<\/td><\/tr><tr><td colspan=\"4\">Gr\u00e1fico do Local (POLEGADAS)<\/td><\/tr><tr><td>Tamanho<\/td><td>Abaixo do busto<\/td><td>Altura do copo<\/td><td>Cintura<\/td><\/tr><tr><td>S<\/td><td>34.4<\/td><td>23.6<\/td><td>26<\/td><\/tr><tr><td>M<\/td><td>36.4<\/td><td>24.4<\/td><td>28<\/td><\/tr><tr><td>eu<\/td><td>38.4<\/td><td>24.8<\/td><td>30<\/td><\/tr><tr><td>GG<\/td><td>40.4<\/td><td>25.2<\/td><td>32<\/td><\/tr><tr><td>XXL<\/td><td>42.4<\/td><td>25.6<\/td><td>34<\/td><\/tr><tr><td colspan=\"4\">Observa\u00e7\u00e3o: 1. Pode haver um desvio de 1 a 2 cm em diferentes tamanhos, locais e elasticidade dos tecidos. A tabela de tamanhos \u00e9 apenas para refer\u00eancia, pode haver uma pequena diferen\u00e7a com o que voc\u00ea recebe. 2.Existem 3 tipos de elasticidade: Elasticidade Alta (esticada nos dois lados), Elasticidade M\u00e9dia (esticada em um lado) e N\u00e3o El\u00e1stica (n\u00e3o pode ser esticada). 3. A cor pode ser mais clara ou mais escura devido \u00e0s diferentes telas do PC. 4. Lave \u00e0 m\u00e3o em \u00e1gua a 30 graus, pendure para secar \u00e0 sombra, pro\u00edba o branqueamento. 5. Pode haver uma pequena diferen\u00e7a nos detalhes e no padr\u00e3o.<\/td><\/tr><\/tbody><\/table><\/figure>","protected":false},"excerpt":{"rendered":"<p>Perspective Halter Renda Chemise coloca um v\u00e9u de mist\u00e9rio em seu corpo. Tecido de renda floral oco, flores especialmente projetadas, fazem seu corpo se sentir como se estivesse nas flores, design de gola alta aprimora seu peito, suspens\u00f3rios ajust\u00e1veis para completar a cruz nas costas, com calcinha de renda.<\/p>","protected":false},"featured_media":30561,"template":"","meta":[],"product_brand":[],"product_cat":[392,422,367],"product_tag":[452,516,973,451,446],"class_list":{"0":"post-30560","1":"product","2":"type-product","3":"status-publish","4":"has-post-thumbnail","6":"product_cat-wholesale-lace-chemise","7":"product_cat-sexy-chemise","8":"product_cat-sexy-lingerie","9":"product_tag-wholesale-boudoir-lingerie","10":"product_tag-lace-lingerie","11":"product_tag-oem","12":"product_tag-wholesale-revealing-lingerie","13":"product_tag-wholesale-sexy-see-through-lingerie","14":"pa_color-black","15":"pa_color-fire-brick-women-sexy-lingerie","16":"pa_cup-full-cup","17":"pa_size-wholesale-large-size-women-sexy-lingerie","18":"pa_size-wholesale-medium-size-women-sexy-lingerie","19":"pa_size-wholesale-small-size-sexy-lingerie","20":"pa_size-wholesale-extra-large-sexy-lingerie","21":"pa_size-extra-extra-large-sexy-lingerie","23":"first","24":"outofstock","25":"taxable","26":"shipping-taxable","27":"purchasable","28":"product-type-variable"},"tiered_pricing_type":"fixed","tiered_pricing_fixed_rules":[],"tiered_pricing_product_settings":{"layout":"default","base_unit_name":{"singular":null,"plural":null},"default_variation":{}},"tiered_pricing_minimum_quantity":null,"tiered_pricing_roles_data":{"default_wholesaler":{"product_id":30560,"role":"default_wholesaler","pricing_type":"flat","regular_price":null,"sale_price":null,"discount":null,"discount_type":"sale_price","tiered_pricing_type":"fixed","percentage_rules":[],"fixed_rules":{"2":"6.79","30":"5.89","500":"5.09"},"minimum":null},"dropshippinger":{"product_id":30560,"role":"dropshippinger","pricing_type":"flat","regular_price":null,"sale_price":null,"discount":null,"discount_type":"sale_price","tiered_pricing_type":"fixed","percentage_rules":[],"fixed_rules":{"1":"8.19","5":"6.79","30":"5.89"},"minimum":null}},"tiered_pricing_percentage_rules":[],"tiered_pricing_maximum_quantity":null,"tiered_pricing_quantity_step":null,"_links":{"self":[{"href":"https:\/\/gretasexylingerie.com\/pt\/wp-json\/wp\/v2\/product\/30560","targetHints":{"allow":["GET"]}}],"collection":[{"href":"https:\/\/gretasexylingerie.com\/pt\/wp-json\/wp\/v2\/product"}],"about":[{"href":"https:\/\/gretasexylingerie.com\/pt\/wp-json\/wp\/v2\/types\/product"}],"wp:featuredmedia":[{"embeddable":true,"href":"https:\/\/gretasexylingerie.com\/pt\/wp-json\/wp\/v2\/media\/30561"}],"wp:attachment":[{"href":"https:\/\/gretasexylingerie.com\/pt\/wp-json\/wp\/v2\/media?parent=30560"}],"wp:term":[{"taxonomy":"product_brand","embeddable":true,"href":"https:\/\/gretasexylingerie.com\/pt\/wp-json\/wp\/v2\/product_brand?post=30560"},{"taxonomy":"product_cat","embeddable":true,"href":"https:\/\/gretasexylingerie.com\/pt\/wp-json\/wp\/v2\/product_cat?post=30560"},{"taxonomy":"product_tag","embeddable":true,"href":"https:\/\/gretasexylingerie.com\/pt\/wp-json\/wp\/v2\/product_tag?post=30560"}],"curies":[{"name":"wp","href":"https:\/\/api.w.org\/{rel}","templated":true}]}}