{"id":30544,"date":"2023-01-24T19:46:54","date_gmt":"2023-01-24T11:46:54","guid":{"rendered":"https:\/\/gretasexylingerie.com\/?post_type=product&#038;p=30544"},"modified":"2023-09-05T20:50:13","modified_gmt":"2023-09-05T12:50:13","slug":"conjunto-de-camisola-sexy-de-renda-e-liga","status":"publish","type":"product","link":"https:\/\/gretasexylingerie.com\/pt\/products\/sexy-garter-lace-chemise-set\/","title":{"rendered":"Conjunto Chemise Sexy Jarreteira Renda"},"content":{"rendered":"<p>Caracter\u00edsticas:<\/p>\n\n\n\n<p>1. Renda floral de alta qualidade, design oco, decore a frente do corpo, libere o charme do seu corpo.<br>2. Al\u00e7as de ombro ajust\u00e1veis, tecido de malha de alta elasticidade na parte de tr\u00e1s e v\u00e1rias fivelas permitem que voc\u00ea ajuste seu corpo com mais facilidade.<br>3. Equipado com 4 cintas-liga, material el\u00e1stico alto e roupas \u00edntimas feitas de malha para torn\u00e1-lo mais sexy.<\/p>\n\n\n\n<figure class=\"wp-block-table is-style-stripes\"><table><tbody><tr><td colspan=\"4\">Gr\u00e1fico do local (CM)<\/td><\/tr><tr><td>Tamanho<\/td><td>Abaixo do busto<\/td><td>Comprimento<\/td><td>Cintura<\/td><\/tr><tr><td>S<\/td><td>86<\/td><td>59<\/td><td>65<\/td><\/tr><tr><td>M<\/td><td>91<\/td><td>61<\/td><td>70<\/td><\/tr><tr><td>eu<\/td><td>96<\/td><td>62<\/td><td>75<\/td><\/tr><tr><td colspan=\"4\">Gr\u00e1fico do Local (POLEGADAS)<\/td><\/tr><tr><td>Tamanho<\/td><td>Abaixo do busto<\/td><td>Altura do copo<\/td><td>Cintura<\/td><\/tr><tr><td>S<\/td><td>34.4<\/td><td>23.6<\/td><td>26<\/td><\/tr><tr><td>M<\/td><td>36.4<\/td><td>24.4<\/td><td>28<\/td><\/tr><tr><td>eu<\/td><td>38.4<\/td><td>24.8<\/td><td>30<\/td><\/tr><tr><td colspan=\"4\">Observa\u00e7\u00e3o: 1. Pode haver um desvio de 1 a 2 cm em diferentes tamanhos, locais e elasticidade dos tecidos. A tabela de tamanhos \u00e9 apenas para refer\u00eancia, pode haver uma pequena diferen\u00e7a com o que voc\u00ea recebe. 2.Existem 3 tipos de elasticidade: Elasticidade Alta (esticada nos dois lados), Elasticidade M\u00e9dia (esticada em um lado) e N\u00e3o El\u00e1stica (n\u00e3o pode ser esticada). 3. A cor pode ser mais clara ou mais escura devido \u00e0s diferentes telas do PC. 4. Lave \u00e0 m\u00e3o em \u00e1gua a 30 graus, pendure para secar \u00e0 sombra, pro\u00edba o branqueamento. 5. Pode haver uma pequena diferen\u00e7a nos detalhes e no padr\u00e3o.<\/td><\/tr><\/tbody><\/table><\/figure>\n\n\n\n<p><\/p>","protected":false},"excerpt":{"rendered":"<p>Use o kit combinando de renda sexy Garter para que todos os homens possam esquecer voc\u00ea, apresentando recortes de renda floral floral adornando a frente do corpo e a cintura sob os suspens\u00f3rios com calcinha tanga combinando.<\/p><\/p>","protected":false},"featured_media":30546,"template":"","meta":[],"product_brand":[],"product_cat":[392,422,367],"product_tag":[448,516,451,446],"class_list":{"0":"post-30544","1":"product","2":"type-product","3":"status-publish","4":"has-post-thumbnail","6":"product_cat-wholesale-lace-chemise","7":"product_cat-sexy-chemise","8":"product_cat-sexy-lingerie","9":"product_tag-wholesale-elegant-sexy-lingerie","10":"product_tag-lace-lingerie","11":"product_tag-wholesale-revealing-lingerie","12":"product_tag-wholesale-sexy-see-through-lingerie","13":"pa_color-black","14":"pa_color-white","15":"pa_cup-full-cup","16":"pa_size-wholesale-large-size-women-sexy-lingerie","17":"pa_size-wholesale-medium-size-women-sexy-lingerie","18":"pa_size-wholesale-small-size-sexy-lingerie","20":"first","21":"instock","22":"taxable","23":"shipping-taxable","24":"purchasable","25":"product-type-variable"},"tiered_pricing_type":"fixed","tiered_pricing_fixed_rules":[],"tiered_pricing_product_settings":{"layout":"default","base_unit_name":{"singular":null,"plural":null},"default_variation":null},"tiered_pricing_minimum_quantity":null,"tiered_pricing_roles_data":{"default_wholesaler":{"product_id":30544,"role":"default_wholesaler","pricing_type":"flat","regular_price":null,"sale_price":null,"discount":null,"discount_type":"sale_price","tiered_pricing_type":"fixed","percentage_rules":[],"fixed_rules":{"2":"6.79","30":"5.89","500":"5.09"},"minimum":null},"dropshippinger":{"product_id":30544,"role":"dropshippinger","pricing_type":"flat","regular_price":null,"sale_price":null,"discount":null,"discount_type":"sale_price","tiered_pricing_type":"fixed","percentage_rules":[],"fixed_rules":{"1":"8.19","5":"6.79","30":"5.89"},"minimum":null}},"tiered_pricing_percentage_rules":[],"tiered_pricing_maximum_quantity":null,"tiered_pricing_quantity_step":null,"_links":{"self":[{"href":"https:\/\/gretasexylingerie.com\/pt\/wp-json\/wp\/v2\/product\/30544","targetHints":{"allow":["GET"]}}],"collection":[{"href":"https:\/\/gretasexylingerie.com\/pt\/wp-json\/wp\/v2\/product"}],"about":[{"href":"https:\/\/gretasexylingerie.com\/pt\/wp-json\/wp\/v2\/types\/product"}],"wp:featuredmedia":[{"embeddable":true,"href":"https:\/\/gretasexylingerie.com\/pt\/wp-json\/wp\/v2\/media\/30546"}],"wp:attachment":[{"href":"https:\/\/gretasexylingerie.com\/pt\/wp-json\/wp\/v2\/media?parent=30544"}],"wp:term":[{"taxonomy":"product_brand","embeddable":true,"href":"https:\/\/gretasexylingerie.com\/pt\/wp-json\/wp\/v2\/product_brand?post=30544"},{"taxonomy":"product_cat","embeddable":true,"href":"https:\/\/gretasexylingerie.com\/pt\/wp-json\/wp\/v2\/product_cat?post=30544"},{"taxonomy":"product_tag","embeddable":true,"href":"https:\/\/gretasexylingerie.com\/pt\/wp-json\/wp\/v2\/product_tag?post=30544"}],"curies":[{"name":"wp","href":"https:\/\/api.w.org\/{rel}","templated":true}]}}