{"id":30506,"date":"2023-01-24T18:31:41","date_gmt":"2023-01-24T10:31:41","guid":{"rendered":"https:\/\/gretasexylingerie.com\/?post_type=product&#038;p=30506"},"modified":"2023-09-05T20:50:11","modified_gmt":"2023-09-05T12:50:11","slug":"camisola-de-renda-ajustavel-com-costas-abertas","status":"publish","type":"product","link":"https:\/\/gretasexylingerie.com\/pt\/products\/open-back-adjustable-lace-chemise\/","title":{"rendered":"Chemise de renda ajust\u00e1vel aberto nas costas"},"content":{"rendered":"<p>Caracter\u00edsticas:<\/p>\n\n\n\n<p>1. O tecido de renda oca deixa voc\u00ea mais sexy e confort\u00e1vel.<br>2, design traseiro aberto, aumente seu fasc\u00ednio.<br>3. Com quatro cintas-liga, voc\u00ea pode facilmente usar meias sensuais.<\/p>\n\n\n\n<figure class=\"wp-block-table is-style-stripes\"><table><tbody><tr><td colspan=\"4\">Gr\u00e1fico do local (CM)<\/td><\/tr><tr><td>Tamanho<\/td><td>Abaixo do busto<\/td><td>Cintura<\/td><td>Comprimento<\/td><\/tr><tr><td>S<\/td><td>67<\/td><td>66<\/td><td>49<\/td><\/tr><tr><td>M<\/td><td>72<\/td><td>72<\/td><td>50<\/td><\/tr><tr><td>eu<\/td><td>77<\/td><td>78<\/td><td>51<\/td><\/tr><tr><td>GG<\/td><td>82<\/td><td>84<\/td><td>52<\/td><\/tr><tr><td>XXL<\/td><td>87<\/td><td>90<\/td><td>53<\/td><\/tr><tr><td colspan=\"4\">Gr\u00e1fico do Local (POLEGADAS)<\/td><\/tr><tr><td>Tamanho<\/td><td>Abaixo do busto<\/td><td>Cintura<\/td><td>Cintura<\/td><\/tr><tr><td>S<\/td><td>26.8<\/td><td>26.4<\/td><td>19.6<\/td><\/tr><tr><td>M<\/td><td>28.8<\/td><td>28.8<\/td><td>20<\/td><\/tr><tr><td>eu<\/td><td>30.8<\/td><td>31.2<\/td><td>20.4<\/td><\/tr><tr><td>GG<\/td><td>32.8<\/td><td>33.6<\/td><td>20.8<\/td><\/tr><tr><td>XXL<\/td><td>34.8<\/td><td>36<\/td><td>21.2<\/td><\/tr><tr><td colspan=\"4\">Observa\u00e7\u00e3o: 1. Pode haver um desvio de 1 a 2 cm em diferentes tamanhos, locais e elasticidade dos tecidos. A tabela de tamanhos \u00e9 apenas para refer\u00eancia, pode haver uma pequena diferen\u00e7a com o que voc\u00ea recebe. 2.Existem 3 tipos de elasticidade: Elasticidade Alta (esticada nos dois lados), Elasticidade M\u00e9dia (esticada em um lado) e N\u00e3o El\u00e1stica (n\u00e3o pode ser esticada). 3. A cor pode ser mais clara ou mais escura devido \u00e0s diferentes telas do PC. 4. Lave \u00e0 m\u00e3o em \u00e1gua a 30 graus, pendure para secar \u00e0 sombra, pro\u00edba o branqueamento. 5. Pode haver uma pequena diferen\u00e7a nos detalhes e no padr\u00e3o.<\/td><\/tr><\/tbody><\/table><\/figure>","protected":false},"excerpt":{"rendered":"<p>Aproveite o seu tempo doce com esta camisola sexy aberta nas costas ajust\u00e1vel em renda babydoll.<br \/>\nCom um design aberto nas costas, a parte traseira consiste em tiras finas tecidas com pequenas pontas, e o tecido \u00e9 feito de renda aberta de alta qualidade, com quatro ligas e al\u00e7as finas ajust\u00e1veis.<\/p>","protected":false},"featured_media":30507,"template":"","meta":[],"product_brand":[],"product_cat":[392,422,367],"product_tag":[448,516,451,446],"class_list":{"0":"post-30506","1":"product","2":"type-product","3":"status-publish","4":"has-post-thumbnail","6":"product_cat-wholesale-lace-chemise","7":"product_cat-sexy-chemise","8":"product_cat-sexy-lingerie","9":"product_tag-wholesale-elegant-sexy-lingerie","10":"product_tag-lace-lingerie","11":"product_tag-wholesale-revealing-lingerie","12":"product_tag-wholesale-sexy-see-through-lingerie","13":"pa_color-black","14":"pa_color-purple-women-sexy-lingerie","15":"pa_color-red-women-sexy-lingerie","16":"pa_color-slate-blue-women-sexy-lingerie","17":"pa_color-white","18":"pa_cup-full-cup","19":"pa_size-wholesale-large-size-women-sexy-lingerie","20":"pa_size-wholesale-medium-size-women-sexy-lingerie","21":"pa_size-wholesale-small-size-sexy-lingerie","22":"pa_size-wholesale-extra-large-sexy-lingerie","23":"pa_size-extra-extra-large-sexy-lingerie","25":"first","26":"instock","27":"taxable","28":"shipping-taxable","29":"purchasable","30":"product-type-variable"},"tiered_pricing_type":"fixed","tiered_pricing_fixed_rules":[],"tiered_pricing_product_settings":{"layout":"default","base_unit_name":{"singular":null,"plural":null},"default_variation":null},"tiered_pricing_minimum_quantity":null,"tiered_pricing_roles_data":{"default_wholesaler":{"product_id":30506,"role":"default_wholesaler","pricing_type":"flat","regular_price":null,"sale_price":null,"discount":null,"discount_type":"sale_price","tiered_pricing_type":"fixed","percentage_rules":[],"fixed_rules":{"2":"7.09","30":"6.09","500":"5.29"},"minimum":null},"dropshippinger":{"product_id":30506,"role":"dropshippinger","pricing_type":"flat","regular_price":null,"sale_price":null,"discount":null,"discount_type":"sale_price","tiered_pricing_type":"fixed","percentage_rules":[],"fixed_rules":{"1":"8.49","5":"7.09","30":"6.09"},"minimum":null}},"tiered_pricing_percentage_rules":[],"tiered_pricing_maximum_quantity":null,"tiered_pricing_quantity_step":null,"_links":{"self":[{"href":"https:\/\/gretasexylingerie.com\/pt\/wp-json\/wp\/v2\/product\/30506","targetHints":{"allow":["GET"]}}],"collection":[{"href":"https:\/\/gretasexylingerie.com\/pt\/wp-json\/wp\/v2\/product"}],"about":[{"href":"https:\/\/gretasexylingerie.com\/pt\/wp-json\/wp\/v2\/types\/product"}],"wp:featuredmedia":[{"embeddable":true,"href":"https:\/\/gretasexylingerie.com\/pt\/wp-json\/wp\/v2\/media\/30507"}],"wp:attachment":[{"href":"https:\/\/gretasexylingerie.com\/pt\/wp-json\/wp\/v2\/media?parent=30506"}],"wp:term":[{"taxonomy":"product_brand","embeddable":true,"href":"https:\/\/gretasexylingerie.com\/pt\/wp-json\/wp\/v2\/product_brand?post=30506"},{"taxonomy":"product_cat","embeddable":true,"href":"https:\/\/gretasexylingerie.com\/pt\/wp-json\/wp\/v2\/product_cat?post=30506"},{"taxonomy":"product_tag","embeddable":true,"href":"https:\/\/gretasexylingerie.com\/pt\/wp-json\/wp\/v2\/product_tag?post=30506"}],"curies":[{"name":"wp","href":"https:\/\/api.w.org\/{rel}","templated":true}]}}