{"id":30336,"date":"2023-01-23T21:14:11","date_gmt":"2023-01-23T13:14:11","guid":{"rendered":"https:\/\/gretasexylingerie.com\/?post_type=product&#038;p=30336"},"modified":"2023-09-05T20:50:05","modified_gmt":"2023-09-05T12:50:05","slug":"babydoll-renda-cruzada-no-peito","status":"publish","type":"product","link":"https:\/\/gretasexylingerie.com\/pt\/products\/chest-cross-lace-babydoll\/","title":{"rendered":"Babydoll de renda cruzado no peito"},"content":{"rendered":"<p>Caracter\u00edsticas:<\/p>\n\n\n\n<p>1. Adota design de renda floral de alta qualidade, e a textura floral projetada torna seu corpo mais bonito e cheio de charme. H\u00e1 c\u00edlios de renda ao redor do corpo como decora\u00e7\u00e3o.<br>2. Design cruzado no peito, al\u00e7as finas ajust\u00e1veis e cruz completa nas costas.<br>3. Tangas de renda combinando, flores ocas e desenhos ocos tornar\u00e3o seu jardim secreto mais bonito.<\/p>\n\n\n\n<figure class=\"wp-block-table is-style-stripes\"><table><tbody><tr><td colspan=\"4\">Gr\u00e1fico do local (CM)<\/td><\/tr><tr><td>Tamanho<\/td><td>Abaixo do busto<\/td><td>Cintura<\/td><td>Comprimento<\/td><\/tr><tr><td>S<\/td><td>88<\/td><td>68<\/td><td>68<\/td><\/tr><tr><td>M<\/td><td>92<\/td><td>72<\/td><td>69<\/td><\/tr><tr><td>eu<\/td><td>96<\/td><td>76<\/td><td>70<\/td><\/tr><tr><td>GG<\/td><td>100<\/td><td>80<\/td><td>71<\/td><\/tr><tr><td>XXL<\/td><td>105<\/td><td>84<\/td><td>72<\/td><\/tr><tr><td colspan=\"4\">Gr\u00e1fico do Local (POLEGADAS)<\/td><\/tr><tr><td>Tamanho<\/td><td>Abaixo do busto<\/td><td>Cintura<\/td><td>Cintura<\/td><\/tr><tr><td>S<\/td><td>35.2<\/td><td>27.2<\/td><td>27.2<\/td><\/tr><tr><td>M<\/td><td>36.8<\/td><td>28.8<\/td><td>27.6<\/td><\/tr><tr><td>eu<\/td><td>38.4<\/td><td>30.4<\/td><td>28<\/td><\/tr><tr><td>GG<\/td><td>40<\/td><td>32<\/td><td>28.4<\/td><\/tr><tr><td>XXL<\/td><td>42<\/td><td>33.6<\/td><td>28.8<\/td><\/tr><tr><td colspan=\"4\">Observa\u00e7\u00e3o: 1. Pode haver um desvio de 1 a 2 cm em diferentes tamanhos, locais e elasticidade dos tecidos. A tabela de tamanhos \u00e9 apenas para refer\u00eancia, pode haver uma pequena diferen\u00e7a com o que voc\u00ea recebe. 2.Existem 3 tipos de elasticidade: Elasticidade Alta (esticada nos dois lados), Elasticidade M\u00e9dia (esticada em um lado) e N\u00e3o El\u00e1stica (n\u00e3o pode ser esticada). 3. A cor pode ser mais clara ou mais escura devido \u00e0s diferentes telas do PC. 4. Lave \u00e0 m\u00e3o em \u00e1gua a 30 graus, pendure para secar \u00e0 sombra, pro\u00edba o branqueamento. 5. Pode haver uma pequena diferen\u00e7a nos detalhes e no padr\u00e3o.<\/td><\/tr><\/tbody><\/table><\/figure>","protected":false},"excerpt":{"rendered":"<p>Uma noite perfeita na companhia do babydoll de renda cruzada no peito. Feito de renda recortada de alta qualidade, textura de folha, cruzado no peito, al\u00e7as cruzadas ajust\u00e1veis, acabamento de c\u00edlios de renda no busto, tanga de renda combinando.<\/p>","protected":false},"featured_media":30338,"template":"","meta":[],"product_brand":[],"product_cat":[384,382,367],"product_tag":[448,516,451,446,504],"class_list":{"0":"post-30336","1":"product","2":"type-product","3":"status-publish","4":"has-post-thumbnail","6":"product_cat-wholesale-lace-babydoll","7":"product_cat-sexy-babydoll","8":"product_cat-sexy-lingerie","9":"product_tag-wholesale-elegant-sexy-lingerie","10":"product_tag-lace-lingerie","11":"product_tag-wholesale-revealing-lingerie","12":"product_tag-wholesale-sexy-see-through-lingerie","13":"product_tag-ultra-sexy","14":"pa_color-black","15":"pa_color-fire-brick-women-sexy-lingerie","16":"pa_color-purple-women-sexy-lingerie","17":"pa_color-red-women-sexy-lingerie","18":"pa_color-steel-blue-women-sexy-lingerie","19":"pa_cup-full-cup","20":"pa_size-wholesale-large-size-women-sexy-lingerie","21":"pa_size-wholesale-medium-size-women-sexy-lingerie","22":"pa_size-wholesale-small-size-sexy-lingerie","23":"pa_size-wholesale-extra-large-sexy-lingerie","24":"pa_size-extra-extra-large-sexy-lingerie","26":"first","27":"instock","28":"taxable","29":"shipping-taxable","30":"purchasable","31":"product-type-variable"},"tiered_pricing_type":"fixed","tiered_pricing_fixed_rules":[],"tiered_pricing_product_settings":{"layout":"default","base_unit_name":{"singular":null,"plural":null},"default_variation":null},"tiered_pricing_minimum_quantity":null,"tiered_pricing_roles_data":{"default_wholesaler":{"product_id":30336,"role":"default_wholesaler","pricing_type":"flat","regular_price":null,"sale_price":null,"discount":null,"discount_type":"sale_price","tiered_pricing_type":"fixed","percentage_rules":[],"fixed_rules":{"2":"6.79","30":"5.89","500":"5.09"},"minimum":null},"dropshippinger":{"product_id":30336,"role":"dropshippinger","pricing_type":"flat","regular_price":null,"sale_price":null,"discount":null,"discount_type":"sale_price","tiered_pricing_type":"fixed","percentage_rules":[],"fixed_rules":{"1":"8.19","5":"6.79","30":"5.89"},"minimum":null}},"tiered_pricing_percentage_rules":[],"tiered_pricing_maximum_quantity":null,"tiered_pricing_quantity_step":null,"_links":{"self":[{"href":"https:\/\/gretasexylingerie.com\/pt\/wp-json\/wp\/v2\/product\/30336","targetHints":{"allow":["GET"]}}],"collection":[{"href":"https:\/\/gretasexylingerie.com\/pt\/wp-json\/wp\/v2\/product"}],"about":[{"href":"https:\/\/gretasexylingerie.com\/pt\/wp-json\/wp\/v2\/types\/product"}],"wp:featuredmedia":[{"embeddable":true,"href":"https:\/\/gretasexylingerie.com\/pt\/wp-json\/wp\/v2\/media\/30338"}],"wp:attachment":[{"href":"https:\/\/gretasexylingerie.com\/pt\/wp-json\/wp\/v2\/media?parent=30336"}],"wp:term":[{"taxonomy":"product_brand","embeddable":true,"href":"https:\/\/gretasexylingerie.com\/pt\/wp-json\/wp\/v2\/product_brand?post=30336"},{"taxonomy":"product_cat","embeddable":true,"href":"https:\/\/gretasexylingerie.com\/pt\/wp-json\/wp\/v2\/product_cat?post=30336"},{"taxonomy":"product_tag","embeddable":true,"href":"https:\/\/gretasexylingerie.com\/pt\/wp-json\/wp\/v2\/product_tag?post=30336"}],"curies":[{"name":"wp","href":"https:\/\/api.w.org\/{rel}","templated":true}]}}