{"id":30324,"date":"2023-01-23T21:02:45","date_gmt":"2023-01-23T13:02:45","guid":{"rendered":"https:\/\/gretasexylingerie.com\/?post_type=product&#038;p=30324"},"modified":"2023-12-09T21:29:21","modified_gmt":"2023-12-09T13:29:21","slug":"babydoll-renda-paixao-meia-noite","status":"publish","type":"product","link":"https:\/\/gretasexylingerie.com\/pt\/products\/midnight-passion-lace-babydoll\/","title":{"rendered":"Por atacado Midnight Passion Lace Babydoll"},"content":{"rendered":"<p>Caracter\u00edsticas:<\/p>\n\n\n\n<p>1. O peito \u00e9 decorado com renda floral oca, e 3 la\u00e7os finos s\u00e3o usados para levantar o peito, deixando voc\u00ea mais sexy.<br>2. Design de saia de camada dupla, a camada externa \u00e9 feita de tecido de renda floral requintado e a camada interna \u00e9 feita de tecido de malha fina. Anexa ao suti\u00e3 com 4 an\u00e9is de metal.<br>3. Design aberto nas costas, al\u00e7as finas ajust\u00e1veis, peito duplo. Vem com calcinha.<\/p>","protected":false},"excerpt":{"rendered":"<p>Delicie-se com a melhor alegria da noite com o Babydoll Midnight Passion Lace. Renda floral oca, suti\u00e3 estilo cruzado, design de saia dupla, camada externa de renda, camada interna de malha fina, al\u00e7as finas ajust\u00e1veis, bot\u00f5es trespassados, calcinha tanga para c\u00f4njuge.<\/p>\n<p>https:\/\/youtu.be\/jqSIuYBdIqI<\/p>","protected":false},"featured_media":30325,"template":"","meta":[],"product_brand":[],"product_cat":[384,385,382,367],"product_tag":[448,516,973,451,446,504],"class_list":{"0":"post-30324","1":"product","2":"type-product","3":"status-publish","4":"has-post-thumbnail","6":"product_cat-wholesale-lace-babydoll","7":"product_cat-wholesale-mesh-babydoll","8":"product_cat-sexy-babydoll","9":"product_cat-sexy-lingerie","10":"product_tag-wholesale-elegant-sexy-lingerie","11":"product_tag-lace-lingerie","12":"product_tag-oem","13":"product_tag-wholesale-revealing-lingerie","14":"product_tag-wholesale-sexy-see-through-lingerie","15":"product_tag-ultra-sexy","16":"pa_color-black","17":"pa_color-red-women-sexy-lingerie","18":"pa_cup-wholesale-half-cup-women-sexy-lingerie","19":"pa_size-free","21":"first","22":"outofstock","23":"taxable","24":"shipping-taxable","25":"purchasable","26":"product-type-variable"},"tiered_pricing_type":"fixed","tiered_pricing_fixed_rules":[],"tiered_pricing_product_settings":{"layout":"default","base_unit_name":{"singular":null,"plural":null},"default_variation":{}},"tiered_pricing_minimum_quantity":null,"tiered_pricing_roles_data":{"default_wholesaler":{"product_id":30324,"role":"default_wholesaler","pricing_type":"flat","regular_price":null,"sale_price":null,"discount":null,"discount_type":"sale_price","tiered_pricing_type":"fixed","percentage_rules":[],"fixed_rules":{"2":"6.29","30":"5.39","500":"4.69"},"minimum":null},"dropshippinger":{"product_id":30324,"role":"dropshippinger","pricing_type":"flat","regular_price":null,"sale_price":null,"discount":null,"discount_type":"sale_price","tiered_pricing_type":"fixed","percentage_rules":[],"fixed_rules":{"1":"7.59","5":"6.29","30":"5.39"},"minimum":null}},"tiered_pricing_percentage_rules":[],"tiered_pricing_maximum_quantity":null,"tiered_pricing_quantity_step":null,"_links":{"self":[{"href":"https:\/\/gretasexylingerie.com\/pt\/wp-json\/wp\/v2\/product\/30324","targetHints":{"allow":["GET"]}}],"collection":[{"href":"https:\/\/gretasexylingerie.com\/pt\/wp-json\/wp\/v2\/product"}],"about":[{"href":"https:\/\/gretasexylingerie.com\/pt\/wp-json\/wp\/v2\/types\/product"}],"wp:featuredmedia":[{"embeddable":true,"href":"https:\/\/gretasexylingerie.com\/pt\/wp-json\/wp\/v2\/media\/30325"}],"wp:attachment":[{"href":"https:\/\/gretasexylingerie.com\/pt\/wp-json\/wp\/v2\/media?parent=30324"}],"wp:term":[{"taxonomy":"product_brand","embeddable":true,"href":"https:\/\/gretasexylingerie.com\/pt\/wp-json\/wp\/v2\/product_brand?post=30324"},{"taxonomy":"product_cat","embeddable":true,"href":"https:\/\/gretasexylingerie.com\/pt\/wp-json\/wp\/v2\/product_cat?post=30324"},{"taxonomy":"product_tag","embeddable":true,"href":"https:\/\/gretasexylingerie.com\/pt\/wp-json\/wp\/v2\/product_tag?post=30324"}],"curies":[{"name":"wp","href":"https:\/\/api.w.org\/{rel}","templated":true}]}}