{"id":30162,"date":"2023-01-21T15:19:11","date_gmt":"2023-01-21T07:19:11","guid":{"rendered":"https:\/\/gretasexylingerie.com\/?post_type=product&#038;p=30162"},"modified":"2024-04-04T15:52:57","modified_gmt":"2024-04-04T07:52:57","slug":"body-modelador-sexy-com-recortes-e-alcas","status":"publish","type":"product","link":"https:\/\/gretasexylingerie.com\/pt\/products\/sexy-cutout-body-sculpting-strappy-teddy-suit\/","title":{"rendered":"Terno de pel\u00facia com tiras sexy recortado para modelar o corpo"},"content":{"rendered":"<p>Caracter\u00edsticas:<\/p>\n\n\n\n<p>1. Usando alta cinta el\u00e1stica, atrav\u00e9s de design requintado, envolve firmemente seu corpo.<br>2. Design oco, al\u00e7as de camada dupla s\u00e3o usadas para cobrir os mamilos no peito. O design completo do copo deixa voc\u00ea mais gordo. Al\u00e7as de ombro ajust\u00e1veis e um design de encaixe facilitam a coloca\u00e7\u00e3o e a retirada.<br>3. Abre a Calcinha, As Partes Secretas N\u00e3o Ficam Cobertas, E Tem Duas Al\u00e7as Sustentadas Atr\u00e1s das N\u00e1degas, Deixando-a Mais Sensual.<\/p>\n\n\n\n<p>1. Todos os nossos produtos t\u00eam estoque suficiente, bem-vindo para fazer um pedido a qualquer momento. Confirmaremos o pedido dentro de 24 horas ap\u00f3s voc\u00ea fazer o pedido.<\/p>\n\n\n\n<p>2. N\u00e3o h\u00e1 exig\u00eancia de MOQ para todos os nossos produtos em estoque, e apoiamos atacado misto. Depois de selecionar um SKU completo, o sistema exibir\u00e1 automaticamente os pre\u00e7os correspondentes \u00e0s diferentes quantidades.<\/p>\n\n\n\n<p>3. Depois de confirmar o pedido, geralmente conclu\u00edmos a entrega dentro de 2 a 3 dias \u00fateis (exceto feriados ou outros motivos especiais), voc\u00ea pode encontrar seu pedido e rastre\u00e1-lo no <a href=\"https:\/\/gretasexylingerie.com\/pt\/contate-nos\/\"><span class=\"s1\">Minha conta<\/span><\/a>&nbsp;p\u00e1gina.<\/p>\n\n\n\n<p>4. nosso m\u00e9todo de envio padr\u00e3o \u00e9 por via a\u00e9rea, principalmente via fedex, tnt, ems, ups, dhl ou outros provedores de servi\u00e7os de log\u00edstica, depende principalmente do seu pedido e endere\u00e7o. Se voc\u00ea precisar de um m\u00e9todo de envio mais econ\u00f4mico ou tiver alguma d\u00favida sobre os custos de envio, sinta-se \u00e0 vontade para <a href=\"https:\/\/gretasexylingerie.com\/pt\/minha-conta\/\"><span class=\"s1\">Contate-nos<\/span><\/a>.<\/p>\n\n\n\n<p>5. n\u00e3o pagaremos imposto de importa\u00e7\u00e3o pelo seu pedido por padr\u00e3o. Voc\u00ea precisa concluir o pagamento de acordo com os requisitos do seu pa\u00eds quando a alf\u00e2ndega entrar em contato com voc\u00ea. No entanto, se voc\u00ea precisar, observe no pedido, podemos cobrar extra.<\/p>\n\n\n\n<p>6. Nossos pedidos aceitam devolu\u00e7\u00f5es, visite nosso <a href=\"https:\/\/gretasexylingerie.com\/pt\/politica-de-devolucao\/\"><span class=\"s1\">Pol\u00edtica do retorno<\/span><\/a>&nbsp;Para maiores informa\u00e7\u00f5es.<\/p>\n\n\n\n<p>7. Se voc\u00ea precisa saber mais perguntas frequentes, visite <a href=\"https:\/\/gretasexylingerie.com\/pt\/ajuda-ao-cliente\/\"><span class=\"s1\">Ajuda ao cliente<\/span><\/a>.<\/p>","protected":false},"excerpt":{"rendered":"<p>Escolha o terno Strappyteddy sexy recortado para o melhor happy hour. Possui uma al\u00e7a de alta elasticidade, um design de copo cheio recortado no peito, al\u00e7as de ombro ajust\u00e1veis, uma fivela de peito destac\u00e1vel e uma virilha aberta.<\/p>","protected":false},"featured_media":30170,"template":"","meta":[],"product_brand":[],"product_cat":[398,379,377,367,395],"product_tag":[448,973,451,446,449,447,504],"class_list":{"0":"post-30162","1":"product","2":"type-product","3":"status-publish","4":"has-post-thumbnail","6":"product_cat-wholesale-strappy-teddy","7":"product_cat-wholesale-harness-bodysuit","8":"product_cat-harness-lingerie","9":"product_cat-sexy-lingerie","10":"product_cat-sexy-teddy-suit","11":"product_tag-wholesale-elegant-sexy-lingerie","12":"product_tag-oem","13":"product_tag-wholesale-revealing-lingerie","14":"product_tag-wholesale-sexy-see-through-lingerie","15":"product_tag-wholesale-sexy-crotchless-lingerie","16":"product_tag-wholesale-strappy-sexy-lingerie","17":"product_tag-ultra-sexy","18":"pa_color-black","19":"pa_color-blue-women-sexy-lingerie","20":"pa_color-red-women-sexy-lingerie","21":"pa_cup-full-cup","22":"pa_size-wholesale-large-size-women-sexy-lingerie","23":"pa_size-wholesale-medium-size-women-sexy-lingerie","24":"pa_size-wholesale-small-size-sexy-lingerie","26":"first","27":"instock","28":"taxable","29":"shipping-taxable","30":"purchasable","31":"product-type-variable"},"tiered_pricing_type":"fixed","tiered_pricing_fixed_rules":[],"tiered_pricing_product_settings":{"layout":"table","base_unit_name":{"singular":null,"plural":null},"default_variation":null},"tiered_pricing_minimum_quantity":null,"tiered_pricing_roles_data":[],"tiered_pricing_percentage_rules":[],"tiered_pricing_maximum_quantity":null,"tiered_pricing_quantity_step":null,"_links":{"self":[{"href":"https:\/\/gretasexylingerie.com\/pt\/wp-json\/wp\/v2\/product\/30162","targetHints":{"allow":["GET"]}}],"collection":[{"href":"https:\/\/gretasexylingerie.com\/pt\/wp-json\/wp\/v2\/product"}],"about":[{"href":"https:\/\/gretasexylingerie.com\/pt\/wp-json\/wp\/v2\/types\/product"}],"wp:featuredmedia":[{"embeddable":true,"href":"https:\/\/gretasexylingerie.com\/pt\/wp-json\/wp\/v2\/media\/30170"}],"wp:attachment":[{"href":"https:\/\/gretasexylingerie.com\/pt\/wp-json\/wp\/v2\/media?parent=30162"}],"wp:term":[{"taxonomy":"product_brand","embeddable":true,"href":"https:\/\/gretasexylingerie.com\/pt\/wp-json\/wp\/v2\/product_brand?post=30162"},{"taxonomy":"product_cat","embeddable":true,"href":"https:\/\/gretasexylingerie.com\/pt\/wp-json\/wp\/v2\/product_cat?post=30162"},{"taxonomy":"product_tag","embeddable":true,"href":"https:\/\/gretasexylingerie.com\/pt\/wp-json\/wp\/v2\/product_tag?post=30162"}],"curies":[{"name":"wp","href":"https:\/\/api.w.org\/{rel}","templated":true}]}}