{"id":30111,"date":"2023-01-21T14:46:44","date_gmt":"2023-01-21T06:46:44","guid":{"rendered":"https:\/\/gretasexylingerie.com\/?post_type=product&#038;p=30111"},"modified":"2023-10-22T23:17:45","modified_gmt":"2023-10-22T15:17:45","slug":"terno-de-pelucia-listrado-com-gravata-floral","status":"publish","type":"product","link":"https:\/\/gretasexylingerie.com\/pt\/products\/floral-tie-stripe-teddy-suit\/","title":{"rendered":"Terno de pel\u00facia listrado com gravata floral"},"content":{"rendered":"<p>Caracter\u00edsticas:<\/p>\n\n\n\n<p>1. O cinto de tecido fino el\u00e1stico alto \u00e9 cuidadosamente projetado para melhor destacar sua figura com o m\u00ednimo de estrutura.<br>2. Corte as flores no peito e no meio do corpo. Esconda seus pontos mais sensuais para adicionar mist\u00e9rio.<br>3. Al\u00e7as de ombro finas ajust\u00e1veis e duas camadas de bot\u00f5es tornam mais f\u00e1cil para voc\u00ea colocar e tirar. Cinto fino ajust\u00e1vel na cintura.<\/p>\n\n\n\n<figure class=\"wp-block-table is-style-stripes\"><table><tbody><tr><td colspan=\"4\">Gr\u00e1fico do local (CM)<\/td><\/tr><tr><td>Tamanho<\/td><td>Abaixo do busto<\/td><td>Cintura<\/td><td>Comprimento<\/td><\/tr><tr><td>S<\/td><td>71<\/td><td>58<\/td><td>49<\/td><\/tr><tr><td>M<\/td><td>75<\/td><td>62<\/td><td>50<\/td><\/tr><tr><td>eu<\/td><td>79<\/td><td>66<\/td><td>53<\/td><\/tr><tr><td colspan=\"4\">Gr\u00e1fico do Local (POLEGADAS)<\/td><\/tr><tr><td>Tamanho<\/td><td>Abaixo do busto<\/td><td>Cintura<\/td><td>Cintura<\/td><\/tr><tr><td>S<\/td><td>28.4<\/td><td>23.2<\/td><td>19.6<\/td><\/tr><tr><td>M<\/td><td>30<\/td><td>24.8<\/td><td>20<\/td><\/tr><tr><td>eu<\/td><td>31.6<\/td><td>26.4<\/td><td>21.2<\/td><\/tr><tr><td colspan=\"4\">Observa\u00e7\u00e3o: 1. Pode haver um desvio de 1 a 2 cm em diferentes tamanhos, locais e elasticidade dos tecidos. A tabela de tamanhos \u00e9 apenas para refer\u00eancia, pode haver uma pequena diferen\u00e7a com o que voc\u00ea recebe. 2.Existem 3 tipos de elasticidade: Elasticidade Alta (esticada nos dois lados), Elasticidade M\u00e9dia (esticada em um lado) e N\u00e3o El\u00e1stica (n\u00e3o pode ser esticada). 3. A cor pode ser mais clara ou mais escura devido \u00e0s diferentes telas do PC. 4. Lave \u00e0 m\u00e3o em \u00e1gua a 30 graus, pendure para secar \u00e0 sombra, pro\u00edba o branqueamento. 5. Pode haver uma pequena diferen\u00e7a nos detalhes e no padr\u00e3o.<\/td><\/tr><\/tbody><\/table><\/figure>","protected":false},"excerpt":{"rendered":"<p>O melhor terno de pel\u00facia com listras florais e sexy para ajudar voc\u00ea a liberar todo o seu amor pelo seu amante. Al\u00e7as tran\u00e7adas finas de alta elasticidade s\u00e3o usadas como material principal, flores ocas decoram o peito e a parte central do corpo, al\u00e7as finas ajust\u00e1veis e bot\u00f5es trespassados.<\/p>\n<p>https:\/\/youtu.be\/jJFBrHr12ww<\/p>","protected":false},"featured_media":30113,"template":"","meta":[],"product_brand":[],"product_cat":[398,367,395],"product_tag":[973,446,447,504],"class_list":{"0":"post-30111","1":"product","2":"type-product","3":"status-publish","4":"has-post-thumbnail","6":"product_cat-wholesale-strappy-teddy","7":"product_cat-sexy-lingerie","8":"product_cat-sexy-teddy-suit","9":"product_tag-oem","10":"product_tag-wholesale-sexy-see-through-lingerie","11":"product_tag-wholesale-strappy-sexy-lingerie","12":"product_tag-ultra-sexy","13":"pa_color-black","14":"pa_color-hot-pink-women-sexy-lingerie","15":"pa_color-red-women-sexy-lingerie","16":"pa_cup-wholesale-half-cup-women-sexy-lingerie","17":"pa_size-wholesale-large-size-women-sexy-lingerie","18":"pa_size-wholesale-medium-size-women-sexy-lingerie","19":"pa_size-wholesale-small-size-sexy-lingerie","21":"first","22":"instock","23":"taxable","24":"shipping-taxable","25":"purchasable","26":"product-type-variable"},"tiered_pricing_type":"fixed","tiered_pricing_fixed_rules":[],"tiered_pricing_product_settings":{"layout":"default","base_unit_name":{"singular":null,"plural":null},"default_variation":{}},"tiered_pricing_minimum_quantity":150,"tiered_pricing_roles_data":{"default_wholesaler":{"product_id":30111,"role":"default_wholesaler","pricing_type":"flat","regular_price":null,"sale_price":null,"discount":null,"discount_type":"sale_price","tiered_pricing_type":"fixed","percentage_rules":[],"fixed_rules":{"2":"7.89","30":"6.79","500":"5.89"},"minimum":null},"dropshippinger":{"product_id":30111,"role":"dropshippinger","pricing_type":"flat","regular_price":null,"sale_price":null,"discount":null,"discount_type":"sale_price","tiered_pricing_type":"fixed","percentage_rules":[],"fixed_rules":{"1":"9.39","5":"7.89","20":"6.79"},"minimum":null}},"tiered_pricing_percentage_rules":[],"tiered_pricing_maximum_quantity":null,"tiered_pricing_quantity_step":null,"_links":{"self":[{"href":"https:\/\/gretasexylingerie.com\/pt\/wp-json\/wp\/v2\/product\/30111","targetHints":{"allow":["GET"]}}],"collection":[{"href":"https:\/\/gretasexylingerie.com\/pt\/wp-json\/wp\/v2\/product"}],"about":[{"href":"https:\/\/gretasexylingerie.com\/pt\/wp-json\/wp\/v2\/types\/product"}],"wp:featuredmedia":[{"embeddable":true,"href":"https:\/\/gretasexylingerie.com\/pt\/wp-json\/wp\/v2\/media\/30113"}],"wp:attachment":[{"href":"https:\/\/gretasexylingerie.com\/pt\/wp-json\/wp\/v2\/media?parent=30111"}],"wp:term":[{"taxonomy":"product_brand","embeddable":true,"href":"https:\/\/gretasexylingerie.com\/pt\/wp-json\/wp\/v2\/product_brand?post=30111"},{"taxonomy":"product_cat","embeddable":true,"href":"https:\/\/gretasexylingerie.com\/pt\/wp-json\/wp\/v2\/product_cat?post=30111"},{"taxonomy":"product_tag","embeddable":true,"href":"https:\/\/gretasexylingerie.com\/pt\/wp-json\/wp\/v2\/product_tag?post=30111"}],"curies":[{"name":"wp","href":"https:\/\/api.w.org\/{rel}","templated":true}]}}