{"id":30052,"date":"2023-01-21T14:01:03","date_gmt":"2023-01-21T06:01:03","guid":{"rendered":"https:\/\/gretasexylingerie.com\/?post_type=product&#038;p=30052"},"modified":"2023-09-05T20:49:54","modified_gmt":"2023-09-05T12:49:54","slug":"gola-de-malha-sexy-teddy","status":"publish","type":"product","link":"https:\/\/gretasexylingerie.com\/pt\/products\/mesh-collar-sexy-teddy\/","title":{"rendered":"Gola de malha Sexy Teddy"},"content":{"rendered":"<p>Caracter\u00edsticas:<\/p>\n\n\n\n<p>1. La\u00e7o floral de alta qualidade, design oco, aumenta o mist\u00e9rio do corpo e contrasta padr\u00f5es de cores para decorar partes importantes.<br>2. Design de pesco\u00e7o pendurado em renda, dois pares de cintos de tecido fino para fixar o peito, mais confort\u00e1vel de usar e torn\u00e1-lo mais gordo.<br>3. H\u00e1 um cinto fino ajust\u00e1vel na cintura, e um cinto tecido na frente pode controlar a cintura \u00e0 vontade.<\/p>\n\n\n\n<figure class=\"wp-block-table is-style-stripes\"><table><tbody><tr><td colspan=\"4\">Gr\u00e1fico do local (CM)<\/td><\/tr><tr><td>Tamanho<\/td><td>Abaixo do busto<\/td><td>Cintura<\/td><td>Comprimento<\/td><\/tr><tr><td>S<\/td><td>68<\/td><td>55<\/td><td>57<\/td><\/tr><tr><td>M<\/td><td>72<\/td><td>60<\/td><td>58<\/td><\/tr><tr><td>eu<\/td><td>76<\/td><td>65<\/td><td>59<\/td><\/tr><tr><td>GG<\/td><td>80<\/td><td>70<\/td><td>60<\/td><\/tr><tr><td>XXL<\/td><td>84<\/td><td>75<\/td><td>61<\/td><\/tr><tr><td colspan=\"4\">Gr\u00e1fico do Local (POLEGADAS)<\/td><\/tr><tr><td>Tamanho<\/td><td>Abaixo do busto<\/td><td>Cintura<\/td><td>Cintura<\/td><\/tr><tr><td>S<\/td><td>27.2<\/td><td>22<\/td><td>22.8<\/td><\/tr><tr><td>M<\/td><td>28.8<\/td><td>24<\/td><td>23.2<\/td><\/tr><tr><td>eu<\/td><td>30.4<\/td><td>26<\/td><td>23.6<\/td><\/tr><tr><td>GG<\/td><td>32<\/td><td>28<\/td><td>24<\/td><\/tr><tr><td>XXL<\/td><td>33.6<\/td><td>30<\/td><td>24.4<\/td><\/tr><tr><td colspan=\"4\">Observa\u00e7\u00e3o: 1. Pode haver um desvio de 1 a 2 cm em diferentes tamanhos, locais e elasticidade dos tecidos. A tabela de tamanhos \u00e9 apenas para refer\u00eancia, pode haver uma pequena diferen\u00e7a com o que voc\u00ea recebe. 2.Existem 3 tipos de elasticidade: Elasticidade Alta (esticada nos dois lados), Elasticidade M\u00e9dia (esticada em um lado) e N\u00e3o El\u00e1stica (n\u00e3o pode ser esticada). 3. A cor pode ser mais clara ou mais escura devido \u00e0s diferentes telas do PC. 4. Lave \u00e0 m\u00e3o em \u00e1gua a 30 graus, pendure para secar \u00e0 sombra, pro\u00edba o branqueamento. 5. Pode haver uma pequena diferen\u00e7a nos detalhes e no padr\u00e3o.<\/td><\/tr><\/tbody><\/table><\/figure>","protected":false},"excerpt":{"rendered":"<p>Deixe o Mesh Collar Sexy Teddy ajud\u00e1-lo a liberar seu brilho mais sexy. Feito de renda floral vazada, flores bordadas em cores contrastantes em pontos-chave, design de gola alta em renda, 2 pares de tiras finas tran\u00e7adas para prender o peito e cinto ajust\u00e1vel na cintura.<\/p>","protected":false},"featured_media":30062,"template":"","meta":[],"product_brand":[],"product_cat":[397,370,396,371,367,395],"product_tag":[448,454,516,451,446],"class_list":{"0":"post-30052","1":"product","2":"type-product","3":"status-publish","4":"has-post-thumbnail","6":"product_cat-wholesale-sexy-lace-teddy","7":"product_cat-bodysuit","8":"product_cat-wholesale-see-through-teddy","9":"product_cat-wholesale-sexy-lace-bodysuit","10":"product_cat-sexy-lingerie","11":"product_cat-sexy-teddy-suit","12":"product_tag-wholesale-elegant-sexy-lingerie","13":"product_tag-wholesale-sexy-embroidered-lingerie","14":"product_tag-lace-lingerie","15":"product_tag-wholesale-revealing-lingerie","16":"product_tag-wholesale-sexy-see-through-lingerie","17":"pa_color-blue-women-sexy-lingerie","18":"pa_color-fire-brick-women-sexy-lingerie","19":"pa_color-green","20":"pa_cup-wholesale-half-cup-women-sexy-lingerie","21":"pa_size-wholesale-large-size-women-sexy-lingerie","22":"pa_size-wholesale-medium-size-women-sexy-lingerie","23":"pa_size-wholesale-small-size-sexy-lingerie","24":"pa_size-wholesale-extra-large-sexy-lingerie","25":"pa_size-extra-extra-large-sexy-lingerie","27":"first","28":"instock","29":"taxable","30":"shipping-taxable","31":"purchasable","32":"product-type-variable"},"tiered_pricing_type":"fixed","tiered_pricing_fixed_rules":[],"tiered_pricing_product_settings":{"layout":"default","base_unit_name":{"singular":null,"plural":null},"default_variation":null},"tiered_pricing_minimum_quantity":null,"tiered_pricing_roles_data":{"default_wholesaler":{"product_id":30052,"role":"default_wholesaler","pricing_type":"flat","regular_price":null,"sale_price":null,"discount":null,"discount_type":"sale_price","tiered_pricing_type":"fixed","percentage_rules":[],"fixed_rules":{"2":"7.59","30":"6.49","500":"5.69"},"minimum":null},"dropshippinger":{"product_id":30052,"role":"dropshippinger","pricing_type":"flat","regular_price":null,"sale_price":null,"discount":null,"discount_type":"sale_price","tiered_pricing_type":"fixed","percentage_rules":[],"fixed_rules":{"1":"9.09","5":"7.59","20":"6.49"},"minimum":null}},"tiered_pricing_percentage_rules":[],"tiered_pricing_maximum_quantity":null,"tiered_pricing_quantity_step":null,"_links":{"self":[{"href":"https:\/\/gretasexylingerie.com\/pt\/wp-json\/wp\/v2\/product\/30052","targetHints":{"allow":["GET"]}}],"collection":[{"href":"https:\/\/gretasexylingerie.com\/pt\/wp-json\/wp\/v2\/product"}],"about":[{"href":"https:\/\/gretasexylingerie.com\/pt\/wp-json\/wp\/v2\/types\/product"}],"wp:featuredmedia":[{"embeddable":true,"href":"https:\/\/gretasexylingerie.com\/pt\/wp-json\/wp\/v2\/media\/30062"}],"wp:attachment":[{"href":"https:\/\/gretasexylingerie.com\/pt\/wp-json\/wp\/v2\/media?parent=30052"}],"wp:term":[{"taxonomy":"product_brand","embeddable":true,"href":"https:\/\/gretasexylingerie.com\/pt\/wp-json\/wp\/v2\/product_brand?post=30052"},{"taxonomy":"product_cat","embeddable":true,"href":"https:\/\/gretasexylingerie.com\/pt\/wp-json\/wp\/v2\/product_cat?post=30052"},{"taxonomy":"product_tag","embeddable":true,"href":"https:\/\/gretasexylingerie.com\/pt\/wp-json\/wp\/v2\/product_tag?post=30052"}],"curies":[{"name":"wp","href":"https:\/\/api.w.org\/{rel}","templated":true}]}}