{"id":29990,"date":"2023-01-20T20:56:35","date_gmt":"2023-01-20T12:56:35","guid":{"rendered":"https:\/\/gretasexylingerie.com\/?post_type=product&#038;p=29990"},"modified":"2023-12-09T21:23:38","modified_gmt":"2023-12-09T13:23:38","slug":"terno-de-pelucia-com-decote-em-v-profundo-e-copa-aberta","status":"publish","type":"product","link":"https:\/\/gretasexylingerie.com\/pt\/products\/snake-deep-v-open-cup-teddy-suit\/","title":{"rendered":"Por atacado Snake Deep-v Open Cup Teddy Suit"},"content":{"rendered":"<p>Caracter\u00edsticas:<\/p>\n\n\n\n<p>1. Tecido padr\u00e3o de cobra de alta qualidade, n\u00e3o apenas sexy, mas tamb\u00e9m confort\u00e1vel.<br>2. Decora\u00e7\u00e3o de c\u00edlios de renda preta, aumente seu charme.<br>3. Design de peito aberto, com al\u00e7as cruzadas no abd\u00f4men para evitar exposi\u00e7\u00e3o.<\/p>\n\n\n\n<figure class=\"wp-block-table\"><table><tbody><tr><td colspan=\"4\">Gr\u00e1fico do local (CM)<\/td><\/tr><tr><td>Tamanho<\/td><td>Abaixo do busto<\/td><td>Cintura<\/td><td>Comprimento<\/td><\/tr><tr><td>S<\/td><td>88<\/td><td>64-94<\/td><td>61<\/td><\/tr><tr><td>M<\/td><td>92<\/td><td>68-98<\/td><td>62<\/td><\/tr><tr><td>eu<\/td><td>96<\/td><td>72-102<\/td><td>63<\/td><\/tr><tr><td colspan=\"4\">Gr\u00e1fico do Local (POLEGADAS)<\/td><\/tr><tr><td>Tamanho<\/td><td>Abaixo do busto<\/td><td>Cintura<\/td><td>Cintura<\/td><\/tr><tr><td>S<\/td><td>35.2<\/td><td>25.6-37.6<\/td><td>24.4<\/td><\/tr><tr><td>M<\/td><td>36.8<\/td><td>27.2-39.2<\/td><td>24.8<\/td><\/tr><tr><td>eu<\/td><td>38.4<\/td><td>28.8-40.8<\/td><td>25.2<\/td><\/tr><tr><td colspan=\"4\">Observa\u00e7\u00e3o: 1. Pode haver um desvio de 1 a 2 cm em diferentes tamanhos, locais e elasticidade dos tecidos. A tabela de tamanhos \u00e9 apenas para refer\u00eancia, pode haver uma pequena diferen\u00e7a com o que voc\u00ea recebe. 2.Existem 3 tipos de elasticidade: Elasticidade Alta (esticada nos dois lados), Elasticidade M\u00e9dia (esticada em um lado) e N\u00e3o El\u00e1stica (n\u00e3o pode ser esticada). 3. A cor pode ser mais clara ou mais escura devido \u00e0s diferentes telas do PC. 4. Lave \u00e0 m\u00e3o em \u00e1gua a 30 graus, pendure para secar \u00e0 sombra, pro\u00edba o branqueamento. 5. Pode haver uma pequena diferen\u00e7a nos detalhes e no padr\u00e3o.<\/td><\/tr><\/tbody><\/table><\/figure>","protected":false},"excerpt":{"rendered":"<p>Coloque o traje de pel\u00facia Snake Deep-v Open Cup e torne-se \u201cfemme fatales\u201d. Padr\u00e3o de cobra, tecido respir\u00e1vel de alta qualidade, decora\u00e7\u00e3o de c\u00edlios de renda preta, design de peito aberto.<\/p>","protected":false},"featured_media":29996,"template":"","meta":[],"product_brand":[],"product_cat":[396,367,395],"product_tag":[521,448,516,973,451],"class_list":{"0":"post-29990","1":"product","2":"type-product","3":"status-publish","4":"has-post-thumbnail","6":"product_cat-wholesale-see-through-teddy","7":"product_cat-sexy-lingerie","8":"product_cat-sexy-teddy-suit","9":"product_tag-deep-v-lingerie","10":"product_tag-wholesale-elegant-sexy-lingerie","11":"product_tag-lace-lingerie","12":"product_tag-oem","13":"product_tag-wholesale-revealing-lingerie","14":"pa_color-snake","15":"pa_cup-full-cup","16":"pa_size-wholesale-large-size-women-sexy-lingerie","17":"pa_size-wholesale-medium-size-women-sexy-lingerie","18":"pa_size-wholesale-small-size-sexy-lingerie","20":"first","21":"outofstock","22":"taxable","23":"shipping-taxable","24":"purchasable","25":"product-type-variable"},"tiered_pricing_type":"fixed","tiered_pricing_fixed_rules":[],"tiered_pricing_product_settings":{"layout":"default","base_unit_name":{"singular":null,"plural":null},"default_variation":{}},"tiered_pricing_minimum_quantity":null,"tiered_pricing_roles_data":{"default_wholesaler":{"product_id":29990,"role":"default_wholesaler","pricing_type":"flat","regular_price":null,"sale_price":null,"discount":null,"discount_type":"sale_price","tiered_pricing_type":"fixed","percentage_rules":[],"fixed_rules":{"2":"5.99","30":"5.19","500":"4.49"},"minimum":null},"dropshippinger":{"product_id":29990,"role":"dropshippinger","pricing_type":"flat","regular_price":null,"sale_price":null,"discount":null,"discount_type":"sale_price","tiered_pricing_type":"fixed","percentage_rules":[],"fixed_rules":{"1":"7.19","5":"5.99","20":"5.19"},"minimum":null}},"tiered_pricing_percentage_rules":[],"tiered_pricing_maximum_quantity":null,"tiered_pricing_quantity_step":null,"_links":{"self":[{"href":"https:\/\/gretasexylingerie.com\/pt\/wp-json\/wp\/v2\/product\/29990","targetHints":{"allow":["GET"]}}],"collection":[{"href":"https:\/\/gretasexylingerie.com\/pt\/wp-json\/wp\/v2\/product"}],"about":[{"href":"https:\/\/gretasexylingerie.com\/pt\/wp-json\/wp\/v2\/types\/product"}],"wp:featuredmedia":[{"embeddable":true,"href":"https:\/\/gretasexylingerie.com\/pt\/wp-json\/wp\/v2\/media\/29996"}],"wp:attachment":[{"href":"https:\/\/gretasexylingerie.com\/pt\/wp-json\/wp\/v2\/media?parent=29990"}],"wp:term":[{"taxonomy":"product_brand","embeddable":true,"href":"https:\/\/gretasexylingerie.com\/pt\/wp-json\/wp\/v2\/product_brand?post=29990"},{"taxonomy":"product_cat","embeddable":true,"href":"https:\/\/gretasexylingerie.com\/pt\/wp-json\/wp\/v2\/product_cat?post=29990"},{"taxonomy":"product_tag","embeddable":true,"href":"https:\/\/gretasexylingerie.com\/pt\/wp-json\/wp\/v2\/product_tag?post=29990"}],"curies":[{"name":"wp","href":"https:\/\/api.w.org\/{rel}","templated":true}]}}