{"id":29908,"date":"2023-01-20T18:10:01","date_gmt":"2023-01-20T10:10:01","guid":{"rendered":"https:\/\/gretasexylingerie.com\/?post_type=product&#038;p=29908"},"modified":"2023-09-05T20:49:50","modified_gmt":"2023-09-05T12:49:50","slug":"conjunto-de-lingerie-sexy-simples-com-renda-vazada","status":"publish","type":"product","link":"https:\/\/gretasexylingerie.com\/pt\/products\/simple-lace-hollow-out-sexy-lingerie-set\/","title":{"rendered":"Conjunto de lingerie sexy vazado simples de renda"},"content":{"rendered":"<p>Caracter\u00edsticas:<\/p>\n\n\n\n<p>1. O peito \u00e9 decorado com la\u00e7o floral oco, e o anel de peito de metal flex\u00edvel torna seu peito mais sexy.<br>2. Suti\u00e3 de pe\u00e7a \u00fanica, tecido de malha de alta elasticidade, al\u00e7as finas ajust\u00e1veis e traz 4 cintas-liga extra longas.<br>3. Calcinha de malha simples, tecido de malha transparente na frente e cadar\u00e7os finos el\u00e1sticos para o resto.<\/p>\n\n\n\n<figure class=\"wp-block-table is-style-stripes\"><table><tbody><tr><td colspan=\"4\">Gr\u00e1fico do local (CM)<\/td><\/tr><tr><td>Tamanho<\/td><td>Abaixo do busto<\/td><td>Busto superior<\/td><td>Comprimento<\/td><\/tr><tr><td>S<\/td><td>66<\/td><td>70<\/td><td>21<\/td><\/tr><tr><td>M<\/td><td>70<\/td><td>74<\/td><td>22<\/td><\/tr><tr><td>eu<\/td><td>74<\/td><td>78<\/td><td>23<\/td><\/tr><tr><td colspan=\"4\">Gr\u00e1fico do Local (POLEGADAS)<\/td><\/tr><tr><td>Tamanho<\/td><td>Abaixo do busto<\/td><td>Altura do copo<\/td><td>Cintura<\/td><\/tr><tr><td>S<\/td><td>26.4<\/td><td>28<\/td><td>8.4<\/td><\/tr><tr><td>M<\/td><td>28<\/td><td>29.6<\/td><td>8.8<\/td><\/tr><tr><td>eu<\/td><td>29.6<\/td><td>31.2<\/td><td>9.2<\/td><\/tr><tr><td colspan=\"4\">Observa\u00e7\u00e3o: 1. Pode haver um desvio de 1 a 2 cm em diferentes tamanhos, locais e elasticidade dos tecidos. A tabela de tamanhos \u00e9 apenas para refer\u00eancia, pode haver uma pequena diferen\u00e7a com o que voc\u00ea recebe. 2.Existem 3 tipos de elasticidade: Elasticidade Alta (esticada nos dois lados), Elasticidade M\u00e9dia (esticada em um lado) e N\u00e3o El\u00e1stica (n\u00e3o pode ser esticada). 3. A cor pode ser mais clara ou mais escura devido \u00e0s diferentes telas do PC. 4. Lave \u00e0 m\u00e3o em \u00e1gua a 30 graus, pendure para secar \u00e0 sombra, pro\u00edba o branqueamento. 5. Pode haver uma pequena diferen\u00e7a nos detalhes e no padr\u00e3o.<\/td><\/tr><\/tbody><\/table><\/figure>","protected":false},"excerpt":{"rendered":"<p>O conjunto de lingerie sexy de renda simples deixa seu corpo mais bonito. O peito \u00e9 decorado com renda floral a c\u00e9u aberto e o resto \u00e9 feito de tecido de malha fina, al\u00e7as finas ajust\u00e1veis, quatro tiras jarreteira extra longas, calcinha de malha simples.<\/p>","protected":false},"featured_media":29918,"template":"","meta":[],"product_brand":[],"product_cat":[390,387,389,386,367],"product_tag":[516,518,451,446,509],"class_list":{"0":"post-29908","1":"product","2":"type-product","3":"status-publish","4":"has-post-thumbnail","6":"product_cat-wholesale-mesh-bustier","7":"product_cat-wholesale-bustier-bra-set","8":"product_cat-wholesale-lace-bustier","9":"product_cat-sexy-bustiers","10":"product_cat-sexy-lingerie","11":"product_tag-lace-lingerie","12":"product_tag-mesh-lingerie","13":"product_tag-wholesale-revealing-lingerie","14":"product_tag-wholesale-sexy-see-through-lingerie","15":"product_tag-two-pcs-set","16":"pa_color-black","17":"pa_color-hot-pink-women-sexy-lingerie","18":"pa_color-red-women-sexy-lingerie","19":"pa_color-white","20":"pa_cup-full-cup","21":"pa_size-wholesale-large-size-women-sexy-lingerie","22":"pa_size-wholesale-medium-size-women-sexy-lingerie","23":"pa_size-wholesale-small-size-sexy-lingerie","25":"first","26":"instock","27":"taxable","28":"shipping-taxable","29":"purchasable","30":"product-type-variable"},"tiered_pricing_type":"fixed","tiered_pricing_fixed_rules":[],"tiered_pricing_product_settings":{"layout":"default","base_unit_name":{"singular":null,"plural":null},"default_variation":null},"tiered_pricing_minimum_quantity":null,"tiered_pricing_roles_data":{"default_wholesaler":{"product_id":29908,"role":"default_wholesaler","pricing_type":"flat","regular_price":null,"sale_price":null,"discount":null,"discount_type":"sale_price","tiered_pricing_type":"fixed","percentage_rules":[],"fixed_rules":{"2":"6.59","30":"5.89","500":"4.89"},"minimum":null},"dropshippinger":{"product_id":29908,"role":"dropshippinger","pricing_type":"flat","regular_price":null,"sale_price":null,"discount":null,"discount_type":"sale_price","tiered_pricing_type":"fixed","percentage_rules":[],"fixed_rules":{"1":"9.99","5":"8.39","20":"7.19"},"minimum":null}},"tiered_pricing_percentage_rules":[],"tiered_pricing_maximum_quantity":null,"tiered_pricing_quantity_step":null,"_links":{"self":[{"href":"https:\/\/gretasexylingerie.com\/pt\/wp-json\/wp\/v2\/product\/29908","targetHints":{"allow":["GET"]}}],"collection":[{"href":"https:\/\/gretasexylingerie.com\/pt\/wp-json\/wp\/v2\/product"}],"about":[{"href":"https:\/\/gretasexylingerie.com\/pt\/wp-json\/wp\/v2\/types\/product"}],"wp:featuredmedia":[{"embeddable":true,"href":"https:\/\/gretasexylingerie.com\/pt\/wp-json\/wp\/v2\/media\/29918"}],"wp:attachment":[{"href":"https:\/\/gretasexylingerie.com\/pt\/wp-json\/wp\/v2\/media?parent=29908"}],"wp:term":[{"taxonomy":"product_brand","embeddable":true,"href":"https:\/\/gretasexylingerie.com\/pt\/wp-json\/wp\/v2\/product_brand?post=29908"},{"taxonomy":"product_cat","embeddable":true,"href":"https:\/\/gretasexylingerie.com\/pt\/wp-json\/wp\/v2\/product_cat?post=29908"},{"taxonomy":"product_tag","embeddable":true,"href":"https:\/\/gretasexylingerie.com\/pt\/wp-json\/wp\/v2\/product_tag?post=29908"}],"curies":[{"name":"wp","href":"https:\/\/api.w.org\/{rel}","templated":true}]}}