{"id":29890,"date":"2023-01-20T17:42:52","date_gmt":"2023-01-20T09:42:52","guid":{"rendered":"https:\/\/gretasexylingerie.com\/?post_type=product&#038;p=29890"},"modified":"2024-01-17T22:03:59","modified_gmt":"2024-01-17T14:03:59","slug":"sutia-push-up-bordado-bustie-de-malha","status":"publish","type":"product","link":"https:\/\/gretasexylingerie.com\/pt\/products\/embroidery-push-up-bra-mesh-bustier\/","title":{"rendered":"Suti\u00e3 push up bordado com busti\u00ea de malha"},"content":{"rendered":"<p>Caracter\u00edsticas:<\/p>\n\n\n\n<p>1. Usando rendas florais e tecido de costura de malha fina. Renda floral no peito, malha fina na parte externa e al\u00e7as finas cruzadas ajust\u00e1veis.<br>2. O abd\u00f4men \u00e9 um design de peito aberto, a frente \u00e9 de renda floral, a lateral e a parte de tr\u00e1s s\u00e3o de tecido de malha e o cinto \u00e9 conectado por an\u00e9is de metal.<br>3. A frente da cueca tanga \u00e9 decorada com um pequeno peda\u00e7o de renda floral para decorar o jardim secreto, com um design oco, um design de cinto fino e um la\u00e7o \u00e9 costurado nele.<\/p>\n\n\n\n<figure class=\"wp-block-table\"><table><tbody><tr><td colspan=\"4\">Gr\u00e1fico do local (CM)<\/td><\/tr><tr><td>Tamanho<\/td><td>Abaixo do busto<\/td><td>Comprimento<\/td><td>Cintura<\/td><\/tr><tr><td>S<\/td><td>66-92<\/td><td>24<\/td><td>64-96<\/td><\/tr><tr><td>M<\/td><td>70-96<\/td><td>25<\/td><td>68-100<\/td><\/tr><tr><td>eu<\/td><td>74-100<\/td><td>26<\/td><td>74-104<\/td><\/tr><tr><td colspan=\"4\">Gr\u00e1fico do Local (POLEGADAS)<\/td><\/tr><tr><td>Tamanho<\/td><td>Abaixo do busto<\/td><td>Altura do copo<\/td><td>Cintura<\/td><\/tr><tr><td>S<\/td><td>26.4-36.7<\/td><td>9.6<\/td><td>25.6-38.4<\/td><\/tr><tr><td>M<\/td><td>28-38.4<\/td><td>10<\/td><td>27.2-40<\/td><\/tr><tr><td>eu<\/td><td>30.4-40<\/td><td>10.4<\/td><td>32.8-41.6<\/td><\/tr><tr><td colspan=\"4\">Observa\u00e7\u00e3o: 1. Pode haver um desvio de 1 a 2 cm em diferentes tamanhos, locais e elasticidade dos tecidos. A tabela de tamanhos \u00e9 apenas para refer\u00eancia, pode haver uma pequena diferen\u00e7a com o que voc\u00ea recebe. 2.Existem 3 tipos de elasticidade: Elasticidade Alta (esticada nos dois lados), Elasticidade M\u00e9dia (esticada em um lado) e N\u00e3o El\u00e1stica (n\u00e3o pode ser esticada). 3. A cor pode ser mais clara ou mais escura devido \u00e0s diferentes telas do PC. 4. Lave \u00e0 m\u00e3o em \u00e1gua a 30 graus, pendure para secar \u00e0 sombra, pro\u00edba o branqueamento. 5. Pode haver uma pequena diferen\u00e7a nos detalhes e no padr\u00e3o.<\/td><\/tr><\/tbody><\/table><\/figure>","protected":false},"excerpt":{"rendered":"<p>Libere o glamour do seu corpo com o suti\u00e3 bordado push up bustier. Pain\u00e9is de renda e mesh, delicada renda floral no peito, mesh na parte externa, al\u00e7as cruzadas, al\u00e7as ajust\u00e1veis e calcinha fio dental.<\/p>","protected":false},"featured_media":29896,"template":"","meta":[],"product_brand":[],"product_cat":[390,386,367],"product_tag":[454,516,518,973,447,509],"class_list":{"0":"post-29890","1":"product","2":"type-product","3":"status-publish","4":"has-post-thumbnail","6":"product_cat-wholesale-mesh-bustier","7":"product_cat-sexy-bustiers","8":"product_cat-sexy-lingerie","9":"product_tag-wholesale-sexy-embroidered-lingerie","10":"product_tag-lace-lingerie","11":"product_tag-mesh-lingerie","12":"product_tag-oem","13":"product_tag-wholesale-strappy-sexy-lingerie","14":"product_tag-two-pcs-set","15":"pa_color-black","16":"pa_cup-wholesale-half-cup-women-sexy-lingerie","17":"pa_size-wholesale-large-size-women-sexy-lingerie","18":"pa_size-wholesale-medium-size-women-sexy-lingerie","19":"pa_size-wholesale-small-size-sexy-lingerie","21":"first","22":"outofstock","23":"taxable","24":"shipping-taxable","25":"purchasable","26":"product-type-variable"},"tiered_pricing_type":"fixed","tiered_pricing_fixed_rules":[],"tiered_pricing_product_settings":{"layout":"default","base_unit_name":{"singular":null,"plural":null},"default_variation":null},"tiered_pricing_minimum_quantity":null,"tiered_pricing_roles_data":{"default_wholesaler":{"product_id":29890,"role":"default_wholesaler","pricing_type":"flat","regular_price":null,"sale_price":null,"discount":null,"discount_type":"sale_price","tiered_pricing_type":"fixed","percentage_rules":[],"fixed_rules":{"2":"7.89","30":"6.79","500":"5.89"},"minimum":null},"dropshippinger":{"product_id":29890,"role":"dropshippinger","pricing_type":"flat","regular_price":null,"sale_price":null,"discount":null,"discount_type":"sale_price","tiered_pricing_type":"fixed","percentage_rules":[],"fixed_rules":{"1":"9.39","5":"7.89","20":"6.79"},"minimum":null}},"tiered_pricing_percentage_rules":[],"tiered_pricing_maximum_quantity":null,"tiered_pricing_quantity_step":null,"_links":{"self":[{"href":"https:\/\/gretasexylingerie.com\/pt\/wp-json\/wp\/v2\/product\/29890","targetHints":{"allow":["GET"]}}],"collection":[{"href":"https:\/\/gretasexylingerie.com\/pt\/wp-json\/wp\/v2\/product"}],"about":[{"href":"https:\/\/gretasexylingerie.com\/pt\/wp-json\/wp\/v2\/types\/product"}],"wp:featuredmedia":[{"embeddable":true,"href":"https:\/\/gretasexylingerie.com\/pt\/wp-json\/wp\/v2\/media\/29896"}],"wp:attachment":[{"href":"https:\/\/gretasexylingerie.com\/pt\/wp-json\/wp\/v2\/media?parent=29890"}],"wp:term":[{"taxonomy":"product_brand","embeddable":true,"href":"https:\/\/gretasexylingerie.com\/pt\/wp-json\/wp\/v2\/product_brand?post=29890"},{"taxonomy":"product_cat","embeddable":true,"href":"https:\/\/gretasexylingerie.com\/pt\/wp-json\/wp\/v2\/product_cat?post=29890"},{"taxonomy":"product_tag","embeddable":true,"href":"https:\/\/gretasexylingerie.com\/pt\/wp-json\/wp\/v2\/product_tag?post=29890"}],"curies":[{"name":"wp","href":"https:\/\/api.w.org\/{rel}","templated":true}]}}