{"id":29869,"date":"2023-01-20T17:29:20","date_gmt":"2023-01-20T09:29:20","guid":{"rendered":"https:\/\/gretasexylingerie.com\/?post_type=product&#038;p=29869"},"modified":"2024-04-04T16:35:40","modified_gmt":"2024-04-04T08:35:40","slug":"conjunto-de-sutia-bustier-sexy-fio-dental-bordado","status":"publish","type":"product","link":"https:\/\/gretasexylingerie.com\/pt\/products\/embroidered-thong-sexy-bustier-bra-set\/","title":{"rendered":"Conjunto de suti\u00e3 busti\u00ea sexy tanga bordada"},"content":{"rendered":"<p>Caracter\u00edsticas:<\/p>\n\n\n\n<p>1. O tecido de malha transparente e delicado \u00e9 bordado com Huawei realista para decorar a parte mais sexy do seu corpo.<br>2. al\u00e7as de ombro finas el\u00e1sticas ajust\u00e1veis, ganchos s\u00e3o projetados com 4 fileiras de fivelas e ber\u00e7os s\u00e3o feitos de tecido de malha transparente.<br>3. A calcinha adota rede de bordado combinando, o cinto adota cinto de tecido fino ajust\u00e1vel e a parte de tr\u00e1s adota cinto el\u00e1stico fino, que \u00e9 muito sexy.<\/p>\n\n\n\n<figure class=\"wp-block-table is-style-stripes\"><table><tbody><tr><td colspan=\"4\">Gr\u00e1fico do local (CM)<\/td><\/tr><tr><td>Tamanho<\/td><td>Abaixo do busto<\/td><td>Comprimento<\/td><td>Cintura<\/td><\/tr><tr><td>S<\/td><td>63-84<\/td><td>22<\/td><td>66-96<\/td><\/tr><tr><td>M<\/td><td>67-88<\/td><td>23<\/td><td>70-100<\/td><\/tr><tr><td>eu<\/td><td>71-92<\/td><td>24<\/td><td>74-104<\/td><\/tr><tr><td colspan=\"4\">Gr\u00e1fico do Local (POLEGADAS)<\/td><\/tr><tr><td>Tamanho<\/td><td>Abaixo do busto<\/td><td>Altura do copo<\/td><td>Cintura<\/td><\/tr><tr><td>S<\/td><td>25,2-33.6<\/td><td>8.8<\/td><td>26.4-38.4<\/td><\/tr><tr><td>M<\/td><td>26.8-35.2<\/td><td>9.2<\/td><td>28-40<\/td><\/tr><tr><td>eu<\/td><td>30.4-36.8<\/td><td>9.6<\/td><td>20.4-41.6<\/td><\/tr><tr><td colspan=\"4\">Observa\u00e7\u00e3o: 1. Pode haver um desvio de 1 a 2 cm em diferentes tamanhos, locais e elasticidade dos tecidos. A tabela de tamanhos \u00e9 apenas para refer\u00eancia, pode haver uma pequena diferen\u00e7a com o que voc\u00ea recebe. 2.Existem 3 tipos de elasticidade: Elasticidade Alta (esticada nos dois lados), Elasticidade M\u00e9dia (esticada em um lado) e N\u00e3o El\u00e1stica (n\u00e3o pode ser esticada). 3. A cor pode ser mais clara ou mais escura devido \u00e0s diferentes telas do PC. 4. Lave \u00e0 m\u00e3o em \u00e1gua a 30 graus, pendure para secar \u00e0 sombra, pro\u00edba o branqueamento. 5. Pode haver uma pequena diferen\u00e7a nos detalhes e no padr\u00e3o.<\/td><\/tr><\/tbody><\/table><\/figure>","protected":false},"excerpt":{"rendered":"<p>Aproveite cada noite doce com o conjunto de suti\u00e3 de busti\u00ea sexy tanga bordada com lindos padr\u00f5es. Feito de uma malha leve e fina com delicadas flores bordadas, a parte do ber\u00e7o \u00e9 feita de tecido de malha transparente, as al\u00e7as finas ajust\u00e1veis e o gancho tem um bot\u00e3o de 4 dobras.<\/p>","protected":false},"featured_media":29880,"template":"","meta":[],"product_brand":[],"product_cat":[390,387,386,367],"product_tag":[454,518,451,446,509],"class_list":{"0":"post-29869","1":"product","2":"type-product","3":"status-publish","4":"has-post-thumbnail","6":"product_cat-wholesale-mesh-bustier","7":"product_cat-wholesale-bustier-bra-set","8":"product_cat-sexy-bustiers","9":"product_cat-sexy-lingerie","10":"product_tag-wholesale-sexy-embroidered-lingerie","11":"product_tag-mesh-lingerie","12":"product_tag-wholesale-revealing-lingerie","13":"product_tag-wholesale-sexy-see-through-lingerie","14":"product_tag-two-pcs-set","15":"pa_color-black","16":"pa_color-white","17":"pa_cup-full-cup","18":"pa_size-wholesale-large-size-women-sexy-lingerie","19":"pa_size-wholesale-medium-size-women-sexy-lingerie","20":"pa_size-wholesale-small-size-sexy-lingerie","22":"first","23":"instock","24":"taxable","25":"shipping-taxable","26":"purchasable","27":"product-type-variable"},"tiered_pricing_type":"fixed","tiered_pricing_fixed_rules":[],"tiered_pricing_product_settings":{"layout":"table","base_unit_name":{"singular":null,"plural":null},"default_variation":null},"tiered_pricing_minimum_quantity":null,"tiered_pricing_roles_data":{"default_wholesaler":{"product_id":29869,"role":"default_wholesaler","pricing_type":"flat","regular_price":null,"sale_price":null,"discount":null,"discount_type":"sale_price","tiered_pricing_type":"fixed","percentage_rules":[],"fixed_rules":{"2":"8.09","30":"6.99","500":"6.09"},"minimum":null},"dropshippinger":{"product_id":29869,"role":"dropshippinger","pricing_type":"flat","regular_price":null,"sale_price":null,"discount":null,"discount_type":"sale_price","tiered_pricing_type":"fixed","percentage_rules":[],"fixed_rules":{"1":"9.69","5":"8.09","20":"6.99"},"minimum":null}},"tiered_pricing_percentage_rules":[],"tiered_pricing_maximum_quantity":null,"tiered_pricing_quantity_step":null,"_links":{"self":[{"href":"https:\/\/gretasexylingerie.com\/pt\/wp-json\/wp\/v2\/product\/29869","targetHints":{"allow":["GET"]}}],"collection":[{"href":"https:\/\/gretasexylingerie.com\/pt\/wp-json\/wp\/v2\/product"}],"about":[{"href":"https:\/\/gretasexylingerie.com\/pt\/wp-json\/wp\/v2\/types\/product"}],"wp:featuredmedia":[{"embeddable":true,"href":"https:\/\/gretasexylingerie.com\/pt\/wp-json\/wp\/v2\/media\/29880"}],"wp:attachment":[{"href":"https:\/\/gretasexylingerie.com\/pt\/wp-json\/wp\/v2\/media?parent=29869"}],"wp:term":[{"taxonomy":"product_brand","embeddable":true,"href":"https:\/\/gretasexylingerie.com\/pt\/wp-json\/wp\/v2\/product_brand?post=29869"},{"taxonomy":"product_cat","embeddable":true,"href":"https:\/\/gretasexylingerie.com\/pt\/wp-json\/wp\/v2\/product_cat?post=29869"},{"taxonomy":"product_tag","embeddable":true,"href":"https:\/\/gretasexylingerie.com\/pt\/wp-json\/wp\/v2\/product_tag?post=29869"}],"curies":[{"name":"wp","href":"https:\/\/api.w.org\/{rel}","templated":true}]}}