{"id":29844,"date":"2023-01-19T16:46:55","date_gmt":"2023-01-19T08:46:55","guid":{"rendered":"https:\/\/gretasexylingerie.com\/?post_type=product&#038;p=29844"},"modified":"2023-12-09T21:15:18","modified_gmt":"2023-12-09T13:15:18","slug":"conjunto-de-sutia-bustie-com-bordado-de-flores-de-malha","status":"publish","type":"product","link":"https:\/\/gretasexylingerie.com\/pt\/products\/mesh-flower-embroidery-garter-bustier-bra-set\/","title":{"rendered":"Conjunto de suti\u00e3 bustier com liga de bordado de flores de malha por atacado"},"content":{"rendered":"<p>Caracter\u00edsticas:<\/p>\n\n\n\n<p>1. Os copos de peito s\u00e3o feitos de gaze de malha fina e bordados com flores requintadas, e o ber\u00e7o \u00e9 feito de malha de olho grande e pode ser ajustado livremente com la\u00e7os grossos. A parte da asa usa 3 al\u00e7as finas ajust\u00e1veis.<br>2. A cinta-liga usa malha floral e tem um acabamento de babados de malha grossa. A frente tem um la\u00e7o grosso ajust\u00e1vel e o gancho usa um bot\u00e3o trespassado.<br>3. Use malha floral para a parte secreta da calcinha para decorar sua parte secreta. A se\u00e7\u00e3o do c\u00f3s usa uma cinta el\u00e1stica ajust\u00e1vel<\/p>\n\n\n\n<figure class=\"wp-block-table is-style-stripes\"><table><tbody><tr><td colspan=\"4\">Gr\u00e1fico do local (CM)<\/td><\/tr><tr><td>Tamanho<\/td><td>Abaixo do busto<\/td><td>Comprimento<\/td><td>Cintura<\/td><\/tr><tr><td>S<\/td><td>68-86<\/td><td>22<\/td><td>62-94<\/td><\/tr><tr><td>M<\/td><td>72-90<\/td><td>23<\/td><td>66-98<\/td><\/tr><tr><td>eu<\/td><td>76-94<\/td><td>24<\/td><td>70-102<\/td><\/tr><tr><td colspan=\"4\">Gr\u00e1fico do Local (POLEGADAS)<\/td><\/tr><tr><td>Tamanho<\/td><td>Abaixo do busto<\/td><td>Altura do copo<\/td><td>Cintura<\/td><\/tr><tr><td>S<\/td><td>27.2-34.4<\/td><td>8.8<\/td><td>24.8-37.6<\/td><\/tr><tr><td>M<\/td><td>28.8-36<\/td><td>9.2<\/td><td>26.4-39.2<\/td><\/tr><tr><td>eu<\/td><td>30.4-37.6<\/td><td>9.6<\/td><td>30.4-40.8<\/td><\/tr><tr><td colspan=\"4\">Observa\u00e7\u00e3o: 1. Pode haver um desvio de 1 a 2 cm em diferentes tamanhos, locais e elasticidade dos tecidos. A tabela de tamanhos \u00e9 apenas para refer\u00eancia, pode haver uma pequena diferen\u00e7a com o que voc\u00ea recebe. 2.Existem 3 tipos de elasticidade: Elasticidade Alta (esticada nos dois lados), Elasticidade M\u00e9dia (esticada em um lado) e N\u00e3o El\u00e1stica (n\u00e3o pode ser esticada). 3. A cor pode ser mais clara ou mais escura devido \u00e0s diferentes telas do PC. 4. Lave \u00e0 m\u00e3o em \u00e1gua a 30 graus, pendure para secar \u00e0 sombra, pro\u00edba o branqueamento. 5. Pode haver uma pequena diferen\u00e7a nos detalhes e no padr\u00e3o.<\/td><\/tr><\/tbody><\/table><\/figure>","protected":false},"excerpt":{"rendered":"<p>Passe uma noite maravilhosa com sua namorada no conjunto floral de suti\u00e3 de malha com bordado de flores e bustier. Apresentando um design de meia x\u00edcara com um tecido de malha fina bordado com flores encantadoras, o Cardle tem um tecido de malha grande e a cinta-liga e o peito s\u00e3o livremente ajust\u00e1veis com la\u00e7os grossos.<\/p>","protected":false},"featured_media":29849,"template":"","meta":[],"product_brand":[],"product_cat":[390,387,388,386,367],"product_tag":[507,448,454,518,973,451,446],"class_list":{"0":"post-29844","1":"product","2":"type-product","3":"status-publish","4":"has-post-thumbnail","6":"product_cat-wholesale-mesh-bustier","7":"product_cat-wholesale-bustier-bra-set","8":"product_cat-wholesale-gartered-corset","9":"product_cat-sexy-bustiers","10":"product_cat-sexy-lingerie","11":"product_tag-three-pcs-set","12":"product_tag-wholesale-elegant-sexy-lingerie","13":"product_tag-wholesale-sexy-embroidered-lingerie","14":"product_tag-mesh-lingerie","15":"product_tag-oem","16":"product_tag-wholesale-revealing-lingerie","17":"product_tag-wholesale-sexy-see-through-lingerie","18":"pa_color-black","19":"pa_color-fire-brick-women-sexy-lingerie","20":"pa_color-pink-women-sexy-lingerie","21":"pa_cup-full-cup","22":"pa_size-wholesale-large-size-women-sexy-lingerie","23":"pa_size-wholesale-medium-size-women-sexy-lingerie","24":"pa_size-wholesale-small-size-sexy-lingerie","25":"pa_size-wholesale-extra-large-sexy-lingerie","26":"pa_size-extra-extra-large-sexy-lingerie","28":"first","29":"instock","30":"taxable","31":"shipping-taxable","32":"purchasable","33":"product-type-variable"},"tiered_pricing_type":"fixed","tiered_pricing_fixed_rules":[],"tiered_pricing_product_settings":{"layout":"default","base_unit_name":{"singular":null,"plural":null},"default_variation":null},"tiered_pricing_minimum_quantity":null,"tiered_pricing_roles_data":{"default_wholesaler":{"product_id":29844,"role":"default_wholesaler","pricing_type":"flat","regular_price":null,"sale_price":null,"discount":null,"discount_type":"sale_price","tiered_pricing_type":"fixed","percentage_rules":[],"fixed_rules":{"2":"9.69","30":"8.29","500":"7.29"},"minimum":null},"dropshippinger":{"product_id":29844,"role":"dropshippinger","pricing_type":"flat","regular_price":null,"sale_price":null,"discount":null,"discount_type":"sale_price","tiered_pricing_type":"fixed","percentage_rules":[],"fixed_rules":{"1":"11.59","5":"9.69","20":"8.29"},"minimum":null}},"tiered_pricing_percentage_rules":[],"tiered_pricing_maximum_quantity":null,"tiered_pricing_quantity_step":null,"_links":{"self":[{"href":"https:\/\/gretasexylingerie.com\/pt\/wp-json\/wp\/v2\/product\/29844","targetHints":{"allow":["GET"]}}],"collection":[{"href":"https:\/\/gretasexylingerie.com\/pt\/wp-json\/wp\/v2\/product"}],"about":[{"href":"https:\/\/gretasexylingerie.com\/pt\/wp-json\/wp\/v2\/types\/product"}],"wp:featuredmedia":[{"embeddable":true,"href":"https:\/\/gretasexylingerie.com\/pt\/wp-json\/wp\/v2\/media\/29849"}],"wp:attachment":[{"href":"https:\/\/gretasexylingerie.com\/pt\/wp-json\/wp\/v2\/media?parent=29844"}],"wp:term":[{"taxonomy":"product_brand","embeddable":true,"href":"https:\/\/gretasexylingerie.com\/pt\/wp-json\/wp\/v2\/product_brand?post=29844"},{"taxonomy":"product_cat","embeddable":true,"href":"https:\/\/gretasexylingerie.com\/pt\/wp-json\/wp\/v2\/product_cat?post=29844"},{"taxonomy":"product_tag","embeddable":true,"href":"https:\/\/gretasexylingerie.com\/pt\/wp-json\/wp\/v2\/product_tag?post=29844"}],"curies":[{"name":"wp","href":"https:\/\/api.w.org\/{rel}","templated":true}]}}