{"id":29735,"date":"2023-01-18T19:43:57","date_gmt":"2023-01-18T11:43:57","guid":{"rendered":"https:\/\/gretasexylingerie.com\/?post_type=product&#038;p=29735"},"modified":"2024-04-04T16:30:21","modified_gmt":"2024-04-04T08:30:21","slug":"body-bustie-renda-floral","status":"publish","type":"product","link":"https:\/\/gretasexylingerie.com\/pt\/products\/floral-lace-bustier-bodysuit\/","title":{"rendered":"Casa Bodysuit De Renda Floral"},"content":{"rendered":"<p>Caracter\u00edsticas:<\/p>\n\n\n\n<p>1. Tecido de renda floral transparente de alta qualidade, voc\u00ea pode escolher vermelho, preto, azul.<br>2. Sem design de fivela, mais confort\u00e1vel de usar.<br>3. O design ajust\u00e1vel do peito permite que voc\u00ea ajuste livremente o efeito que deseja.<\/p>\n\n\n\n<p>1. Todos os nossos produtos t\u00eam estoque suficiente, bem-vindo para fazer um pedido a qualquer momento. Confirmaremos o pedido dentro de 24 horas ap\u00f3s voc\u00ea fazer o pedido.<\/p>\n\n\n\n<p>2. N\u00e3o h\u00e1 exig\u00eancia de MOQ para todos os nossos produtos em estoque, e apoiamos atacado misto. Depois de selecionar um SKU completo, o sistema exibir\u00e1 automaticamente os pre\u00e7os correspondentes \u00e0s diferentes quantidades.<\/p>\n\n\n\n<p>3. Depois de confirmar o pedido, geralmente conclu\u00edmos a entrega dentro de 2 a 3 dias \u00fateis (exceto feriados ou outros motivos especiais), voc\u00ea pode encontrar seu pedido e rastre\u00e1-lo no <a href=\"https:\/\/gretasexylingerie.com\/pt\/contate-nos\/\"><span class=\"s1\">Minha conta<\/span><\/a>&nbsp;p\u00e1gina.<\/p>\n\n\n\n<p>4. nosso m\u00e9todo de envio padr\u00e3o \u00e9 por via a\u00e9rea, principalmente via fedex, tnt, ems, ups, dhl ou outros provedores de servi\u00e7os de log\u00edstica, depende principalmente do seu pedido e endere\u00e7o. Se voc\u00ea precisar de um m\u00e9todo de envio mais econ\u00f4mico ou tiver alguma d\u00favida sobre os custos de envio, sinta-se \u00e0 vontade para <a href=\"https:\/\/gretasexylingerie.com\/pt\/minha-conta\/\"><span class=\"s1\">Contate-nos<\/span><\/a>.<\/p>\n\n\n\n<p>5. n\u00e3o pagaremos imposto de importa\u00e7\u00e3o pelo seu pedido por padr\u00e3o. Voc\u00ea precisa concluir o pagamento de acordo com os requisitos do seu pa\u00eds quando a alf\u00e2ndega entrar em contato com voc\u00ea. No entanto, se voc\u00ea precisar, observe no pedido, podemos cobrar extra.<\/p>\n\n\n\n<p>6. Nossos pedidos aceitam devolu\u00e7\u00f5es, visite nosso <a href=\"https:\/\/gretasexylingerie.com\/pt\/politica-de-devolucao\/\"><span class=\"s1\">Pol\u00edtica do retorno<\/span><\/a>&nbsp;Para maiores informa\u00e7\u00f5es.<\/p>\n\n\n\n<p>7. Se voc\u00ea precisa saber mais perguntas frequentes, visite <a href=\"https:\/\/gretasexylingerie.com\/pt\/ajuda-ao-cliente\/\"><span class=\"s1\">Ajuda ao cliente<\/span><\/a>.<\/p>","protected":false},"excerpt":{"rendered":"<p>Use este body sexy e sofisticado de renda floral preta. Adicione divers\u00e3o \u00e0 sua doce jornada. Feito de renda floral de alta qualidade, estilo de corpete, tamanho de busto ajust\u00e1vel, copas com aro, 4 al\u00e7as de liga e fio dental.<\/p>","protected":false},"featured_media":29737,"template":"","meta":[],"product_brand":[],"product_cat":[389,387,386,367],"product_tag":[452,448,516,509],"class_list":{"0":"post-29735","1":"product","2":"type-product","3":"status-publish","4":"has-post-thumbnail","6":"product_cat-wholesale-lace-bustier","7":"product_cat-wholesale-bustier-bra-set","8":"product_cat-sexy-bustiers","9":"product_cat-sexy-lingerie","10":"product_tag-wholesale-boudoir-lingerie","11":"product_tag-wholesale-elegant-sexy-lingerie","12":"product_tag-lace-lingerie","13":"product_tag-two-pcs-set","14":"pa_color-black","15":"pa_color-blue-women-sexy-lingerie","16":"pa_color-red-women-sexy-lingerie","17":"pa_cup-full-cup","18":"pa_size-wholesale-large-size-women-sexy-lingerie","19":"pa_size-wholesale-medium-size-women-sexy-lingerie","20":"pa_size-wholesale-small-size-sexy-lingerie","22":"first","23":"instock","24":"taxable","25":"shipping-taxable","26":"purchasable","27":"product-type-variable"},"tiered_pricing_type":"fixed","tiered_pricing_fixed_rules":[],"tiered_pricing_product_settings":{"layout":"table","base_unit_name":{"singular":null,"plural":null},"default_variation":{}},"tiered_pricing_minimum_quantity":null,"tiered_pricing_roles_data":[],"tiered_pricing_percentage_rules":[],"tiered_pricing_maximum_quantity":null,"tiered_pricing_quantity_step":null,"_links":{"self":[{"href":"https:\/\/gretasexylingerie.com\/pt\/wp-json\/wp\/v2\/product\/29735","targetHints":{"allow":["GET"]}}],"collection":[{"href":"https:\/\/gretasexylingerie.com\/pt\/wp-json\/wp\/v2\/product"}],"about":[{"href":"https:\/\/gretasexylingerie.com\/pt\/wp-json\/wp\/v2\/types\/product"}],"wp:featuredmedia":[{"embeddable":true,"href":"https:\/\/gretasexylingerie.com\/pt\/wp-json\/wp\/v2\/media\/29737"}],"wp:attachment":[{"href":"https:\/\/gretasexylingerie.com\/pt\/wp-json\/wp\/v2\/media?parent=29735"}],"wp:term":[{"taxonomy":"product_brand","embeddable":true,"href":"https:\/\/gretasexylingerie.com\/pt\/wp-json\/wp\/v2\/product_brand?post=29735"},{"taxonomy":"product_cat","embeddable":true,"href":"https:\/\/gretasexylingerie.com\/pt\/wp-json\/wp\/v2\/product_cat?post=29735"},{"taxonomy":"product_tag","embeddable":true,"href":"https:\/\/gretasexylingerie.com\/pt\/wp-json\/wp\/v2\/product_tag?post=29735"}],"curies":[{"name":"wp","href":"https:\/\/api.w.org\/{rel}","templated":true}]}}