{"id":29667,"date":"2023-01-18T17:52:03","date_gmt":"2023-01-18T09:52:03","guid":{"rendered":"https:\/\/gretasexylingerie.com\/?post_type=product&#038;p=29667"},"modified":"2023-09-05T20:49:42","modified_gmt":"2023-09-05T12:49:42","slug":"liga-de-renda-halter-espartilho-liga","status":"publish","type":"product","link":"https:\/\/gretasexylingerie.com\/pt\/products\/halter-garter-lace-gartered-corset\/","title":{"rendered":"Espartilho Jarreteira Halter Renda"},"content":{"rendered":"<p>Caracter\u00edsticas:<\/p>\n\n\n\n<p>1. Usando renda floral de alta qualidade, a estrutura de malha oca torna seu corpo imponente, n\u00e3o apenas confort\u00e1vel de usar, mas tamb\u00e9m mais sexy.<br>2. O design da cabe\u00e7ada com cadar\u00e7o usa o mesmo tecido de renda, que n\u00e3o causar\u00e1 nenhum desconforto e pode ser ajustado livremente. Voc\u00ea tamb\u00e9m pode deixar seu amado amarr\u00e1-lo para voc\u00ea.<br>3. Abra as costas, com cueca, e o c\u00f3s fica com el\u00e1stico. Bustier cobre metade das n\u00e1degas.<\/p>\n\n\n\n<figure class=\"wp-block-table is-style-stripes\"><table><tbody><tr><td colspan=\"4\">Gr\u00e1fico do local (CM)<\/td><\/tr><tr><td>Tamanho<\/td><td>Abaixo do busto<\/td><td>Comprimento superior<\/td><td>Cintura<\/td><\/tr><tr><td>S<\/td><td>68-88<\/td><td>69<\/td><td>65<\/td><\/tr><tr><td>M<\/td><td>72-92<\/td><td>70<\/td><td>70<\/td><\/tr><tr><td>eu<\/td><td>76-96<\/td><td>71<\/td><td>75<\/td><\/tr><tr><td>GG<\/td><td>80-100<\/td><td>72<\/td><td>80<\/td><\/tr><tr><td>XXL<\/td><td>85-105<\/td><td>73<\/td><td>85<\/td><\/tr><tr><td colspan=\"4\">Gr\u00e1fico do Local (POLEGADAS)<\/td><\/tr><tr><td>Tamanho<\/td><td>Abaixo do busto<\/td><td>Altura do copo<\/td><td>Cintura<\/td><\/tr><tr><td>S<\/td><td>27.2-35.2<\/td><td>27.6<\/td><td>26<\/td><\/tr><tr><td>M<\/td><td>28.8-36.8<\/td><td>28<\/td><td>28<\/td><\/tr><tr><td>eu<\/td><td>30.4-38.4<\/td><td>28.4<\/td><td>30<\/td><\/tr><tr><td>GG<\/td><td>32-40<\/td><td>28.8<\/td><td>32<\/td><\/tr><tr><td>XXL<\/td><td>34-42<\/td><td>29.2<\/td><td>34<\/td><\/tr><tr><td colspan=\"4\">Observa\u00e7\u00e3o: 1. Pode haver um desvio de 1 a 2 cm em diferentes tamanhos, locais e elasticidade dos tecidos. A tabela de tamanhos \u00e9 apenas para refer\u00eancia, pode haver uma pequena diferen\u00e7a com o que voc\u00ea recebe. 2.Existem 3 tipos de elasticidade: Elasticidade Alta (esticada nos dois lados), Elasticidade M\u00e9dia (esticada em um lado) e N\u00e3o El\u00e1stica (n\u00e3o pode ser esticada). 3. A cor pode ser mais clara ou mais escura devido \u00e0s diferentes telas do PC. 4. Lave \u00e0 m\u00e3o em \u00e1gua a 30 graus, pendure para secar \u00e0 sombra, pro\u00edba o branqueamento. 5. Pode haver uma pequena diferen\u00e7a nos detalhes e no padr\u00e3o.<\/td><\/tr><\/tbody><\/table><\/figure>","protected":false},"excerpt":{"rendered":"<p>Sinta-se glamoroso com o espartilho de renda Halter Halter Garter e capture o tempo de qualidade que voc\u00ea tem com seu ente querido. Feito de renda floral de alta qualidade, estilo de gola alta em renda, painel no peito, 4 ligas integradas e calcinha fio dental.<\/p>","protected":false},"featured_media":29669,"template":"","meta":[],"product_brand":[],"product_cat":[389,388,386,367],"product_tag":[516,451,446,509],"class_list":{"0":"post-29667","1":"product","2":"type-product","3":"status-publish","4":"has-post-thumbnail","6":"product_cat-wholesale-lace-bustier","7":"product_cat-wholesale-gartered-corset","8":"product_cat-sexy-bustiers","9":"product_cat-sexy-lingerie","10":"product_tag-lace-lingerie","11":"product_tag-wholesale-revealing-lingerie","12":"product_tag-wholesale-sexy-see-through-lingerie","13":"product_tag-two-pcs-set","14":"pa_color-aquamarine-women-sexy-lingerie","15":"pa_color-black","16":"pa_color-fire-brick-women-sexy-lingerie","17":"pa_color-slate-blue-women-sexy-lingerie","18":"pa_cup-full-cup","19":"pa_size-wholesale-large-size-women-sexy-lingerie","20":"pa_size-wholesale-medium-size-women-sexy-lingerie","21":"pa_size-wholesale-small-size-sexy-lingerie","22":"pa_size-wholesale-extra-large-sexy-lingerie","23":"pa_size-extra-extra-large-sexy-lingerie","25":"first","26":"instock","27":"taxable","28":"shipping-taxable","29":"purchasable","30":"product-type-variable"},"tiered_pricing_type":"fixed","tiered_pricing_fixed_rules":[],"tiered_pricing_product_settings":{"layout":"default","base_unit_name":{"singular":null,"plural":null},"default_variation":null},"tiered_pricing_minimum_quantity":null,"tiered_pricing_roles_data":{"default_wholesaler":{"product_id":29667,"role":"default_wholesaler","pricing_type":"flat","regular_price":null,"sale_price":null,"discount":null,"discount_type":"sale_price","tiered_pricing_type":"fixed","percentage_rules":[],"fixed_rules":{"2":"9.99","30":"6.79","500":"5.09"},"minimum":null},"dropshippinger":{"product_id":29667,"role":"dropshippinger","pricing_type":"flat","regular_price":null,"sale_price":null,"discount":null,"discount_type":"sale_price","tiered_pricing_type":"fixed","percentage_rules":[],"fixed_rules":{"1":"8.19","5":"6.79","20":"5.89"},"minimum":null}},"tiered_pricing_percentage_rules":[],"tiered_pricing_maximum_quantity":null,"tiered_pricing_quantity_step":null,"_links":{"self":[{"href":"https:\/\/gretasexylingerie.com\/pt\/wp-json\/wp\/v2\/product\/29667","targetHints":{"allow":["GET"]}}],"collection":[{"href":"https:\/\/gretasexylingerie.com\/pt\/wp-json\/wp\/v2\/product"}],"about":[{"href":"https:\/\/gretasexylingerie.com\/pt\/wp-json\/wp\/v2\/types\/product"}],"wp:featuredmedia":[{"embeddable":true,"href":"https:\/\/gretasexylingerie.com\/pt\/wp-json\/wp\/v2\/media\/29669"}],"wp:attachment":[{"href":"https:\/\/gretasexylingerie.com\/pt\/wp-json\/wp\/v2\/media?parent=29667"}],"wp:term":[{"taxonomy":"product_brand","embeddable":true,"href":"https:\/\/gretasexylingerie.com\/pt\/wp-json\/wp\/v2\/product_brand?post=29667"},{"taxonomy":"product_cat","embeddable":true,"href":"https:\/\/gretasexylingerie.com\/pt\/wp-json\/wp\/v2\/product_cat?post=29667"},{"taxonomy":"product_tag","embeddable":true,"href":"https:\/\/gretasexylingerie.com\/pt\/wp-json\/wp\/v2\/product_tag?post=29667"}],"curies":[{"name":"wp","href":"https:\/\/api.w.org\/{rel}","templated":true}]}}