{"id":29632,"date":"2023-01-18T14:54:44","date_gmt":"2023-01-18T06:54:44","guid":{"rendered":"https:\/\/gretasexylingerie.com\/?post_type=product&#038;p=29632"},"modified":"2023-09-05T20:49:41","modified_gmt":"2023-09-05T12:49:41","slug":"sexy-malha-transparente-manga-comprida-badysuit","status":"publish","type":"product","link":"https:\/\/gretasexylingerie.com\/pt\/products\/sexy-mesh-see-through-long-sleeved-badysuit\/","title":{"rendered":"Badysuit Sexy Mesh transparente de mangas compridas"},"content":{"rendered":"<p>Caracter\u00edsticas:<\/p>\n\n\n\n<p>1. Usando malha transparente de alta qualidade, confort\u00e1vel e misteriosa, com manchas como decora\u00e7\u00e3o.<br>2. O ba\u00fa \u00e9 decorado com rendas de alta qualidade, e os padr\u00f5es cuidadosamente projetados aumentam o charme da \u00e1rea central.<br>3. O design transparente integrado na parte de tr\u00e1s n\u00e3o \u00e9 apenas confort\u00e1vel, mas tamb\u00e9m pode modificar melhor a forma do corpo.<\/p>\n\n\n\n<p><\/p>\n\n\n\n<figure class=\"wp-block-table is-style-stripes\"><table><tbody><tr><td colspan=\"4\">Gr\u00e1fico do local (CM)<\/td><\/tr><tr><td>Tamanho<\/td><td>Busto<\/td><td>Comprimento<\/td><td>Cintura<\/td><\/tr><tr><td>S<\/td><td>72-90<\/td><td>67<\/td><td>64-84<\/td><\/tr><tr><td>M<\/td><td>76-94<\/td><td>68<\/td><td>68-88<\/td><\/tr><tr><td>eu<\/td><td>82-100<\/td><td>69.8<\/td><td>74-94<\/td><\/tr><tr><td colspan=\"4\">Gr\u00e1fico do Local (POLEGADAS)<\/td><\/tr><tr><td>Tamanho<\/td><td>Abaixo do busto<\/td><td>Altura do copo<\/td><td>Cintura<\/td><\/tr><tr><td>S<\/td><td>28.8-36<\/td><td>26.8<\/td><td>25.6-33.6<\/td><\/tr><tr><td>M<\/td><td>30.4-37.6<\/td><td>27.2<\/td><td>27.2-35.2<\/td><\/tr><tr><td>eu<\/td><td>32.8-40<\/td><td>27.92<\/td><td>32.8-37.6<\/td><\/tr><tr><td colspan=\"4\">Observa\u00e7\u00e3o: 1. Pode haver um desvio de 1 a 2 cm em diferentes tamanhos, locais e elasticidade dos tecidos. A tabela de tamanhos \u00e9 apenas para refer\u00eancia, pode haver uma pequena diferen\u00e7a com o que voc\u00ea recebe. 2.Existem 3 tipos de elasticidade: Elasticidade Alta (esticada nos dois lados), Elasticidade M\u00e9dia (esticada em um lado) e N\u00e3o El\u00e1stica (n\u00e3o pode ser esticada). 3. A cor pode ser mais clara ou mais escura devido \u00e0s diferentes telas do PC. 4. Lave \u00e0 m\u00e3o em \u00e1gua a 30 graus, pendure para secar \u00e0 sombra, pro\u00edba o branqueamento. 5. Pode haver uma pequena diferen\u00e7a nos detalhes e no padr\u00e3o.<\/td><\/tr><\/tbody><\/table><\/figure>","protected":false},"excerpt":{"rendered":"<p>O Badysuit Sexy Mesh transparente de mangas compridas \u00e9 uma lingerie glamorosa. Feito de malha fina de alta qualidade e salpicado, o peito \u00e9 feito de renda floral, o peito \u00e9 decorado com c\u00edlios e a parte de tr\u00e1s \u00e9 um design transparente de uma pe\u00e7a.<\/p>","protected":false},"featured_media":29634,"template":"","meta":[],"product_brand":[],"product_cat":[372,370,367,373],"product_tag":[448,516,518,446],"class_list":{"0":"post-29632","1":"product","2":"type-product","3":"status-publish","4":"has-post-thumbnail","6":"product_cat-wholesale-sexy-long-sleeve-bodysuit","7":"product_cat-bodysuit","8":"product_cat-sexy-lingerie","9":"product_cat-wholesale-sexy-mesh-bodysuit","10":"product_tag-wholesale-elegant-sexy-lingerie","11":"product_tag-lace-lingerie","12":"product_tag-mesh-lingerie","13":"product_tag-wholesale-sexy-see-through-lingerie","14":"pa_color-black","15":"pa_color-white","16":"pa_cup-full-cup","17":"pa_size-wholesale-large-size-women-sexy-lingerie","18":"pa_size-wholesale-medium-size-women-sexy-lingerie","19":"pa_size-wholesale-small-size-sexy-lingerie","20":"pa_size-wholesale-extra-large-sexy-lingerie","21":"pa_size-extra-extra-large-sexy-lingerie","23":"first","24":"instock","25":"taxable","26":"shipping-taxable","27":"purchasable","28":"product-type-variable"},"tiered_pricing_type":"fixed","tiered_pricing_fixed_rules":[],"tiered_pricing_product_settings":{"layout":"default","base_unit_name":{"singular":null,"plural":null},"default_variation":null},"tiered_pricing_minimum_quantity":null,"tiered_pricing_roles_data":{"default_wholesaler":{"product_id":29632,"role":"default_wholesaler","pricing_type":"flat","regular_price":null,"sale_price":null,"discount":null,"discount_type":"sale_price","tiered_pricing_type":"fixed","percentage_rules":[],"fixed_rules":{"2":"6.79","30":"5.89","500":"5.09"},"minimum":null},"dropshippinger":{"product_id":29632,"role":"dropshippinger","pricing_type":"flat","regular_price":null,"sale_price":null,"discount":null,"discount_type":"sale_price","tiered_pricing_type":"fixed","percentage_rules":[],"fixed_rules":{"1":"8.19","5":"6.79","20":"5.89"},"minimum":null}},"tiered_pricing_percentage_rules":[],"tiered_pricing_maximum_quantity":null,"tiered_pricing_quantity_step":null,"_links":{"self":[{"href":"https:\/\/gretasexylingerie.com\/pt\/wp-json\/wp\/v2\/product\/29632","targetHints":{"allow":["GET"]}}],"collection":[{"href":"https:\/\/gretasexylingerie.com\/pt\/wp-json\/wp\/v2\/product"}],"about":[{"href":"https:\/\/gretasexylingerie.com\/pt\/wp-json\/wp\/v2\/types\/product"}],"wp:featuredmedia":[{"embeddable":true,"href":"https:\/\/gretasexylingerie.com\/pt\/wp-json\/wp\/v2\/media\/29634"}],"wp:attachment":[{"href":"https:\/\/gretasexylingerie.com\/pt\/wp-json\/wp\/v2\/media?parent=29632"}],"wp:term":[{"taxonomy":"product_brand","embeddable":true,"href":"https:\/\/gretasexylingerie.com\/pt\/wp-json\/wp\/v2\/product_brand?post=29632"},{"taxonomy":"product_cat","embeddable":true,"href":"https:\/\/gretasexylingerie.com\/pt\/wp-json\/wp\/v2\/product_cat?post=29632"},{"taxonomy":"product_tag","embeddable":true,"href":"https:\/\/gretasexylingerie.com\/pt\/wp-json\/wp\/v2\/product_tag?post=29632"}],"curies":[{"name":"wp","href":"https:\/\/api.w.org\/{rel}","templated":true}]}}