{"id":29608,"date":"2023-01-18T13:05:09","date_gmt":"2023-01-18T05:05:09","guid":{"rendered":"https:\/\/gretasexylingerie.com\/?post_type=product&#038;p=29608"},"modified":"2025-02-20T20:11:44","modified_gmt":"2025-02-20T12:11:44","slug":"body-manga-longa-com-decote-em-v-profundo-e-renda","status":"publish","type":"product","link":"https:\/\/gretasexylingerie.com\/pt\/products\/lace-cutout-deep-v-long-sleeve-bodysuit\/","title":{"rendered":"Atacado Bodysuit de manga comprida com recorte de renda em V profundo"},"content":{"rendered":"<p>Caracter\u00edsticas:<\/p>\n\n\n\n<p>1. Usando tecido de renda de alta qualidade e usando tecnologia de grava\u00e7\u00e3o, bordado com flores realistas.<br>2. O ba\u00fa em forma de V profundo \u00e9 decorado com um c\u00edrculo para destacar o charme das pe\u00e7as principais.<br>3. A parte de tr\u00e1s adota um design de pe\u00e7a \u00fanica, usando um z\u00edper de alta qualidade, que pode ser facilmente colocado e retirado.<\/p>\n\n\n\n<figure class=\"wp-block-table is-style-stripes\"><table><tbody><tr><td colspan=\"4\">Gr\u00e1fico do local (CM)<\/td><\/tr><tr><td>Tamanho<\/td><td>Busto<\/td><td>Comprimento<\/td><td>Cintura<\/td><\/tr><tr><td>S<\/td><td>72-90<\/td><td>67<\/td><td>64-84<\/td><\/tr><tr><td>M<\/td><td>76-94<\/td><td>68<\/td><td>68-88<\/td><\/tr><tr><td>eu<\/td><td>82-100<\/td><td>69.8<\/td><td>74-94<\/td><\/tr><tr><td colspan=\"4\">Gr\u00e1fico do Local (POLEGADAS)<\/td><\/tr><tr><td>Tamanho<\/td><td>Abaixo do busto<\/td><td>Altura do copo<\/td><td>Cintura<\/td><\/tr><tr><td>S<\/td><td>28.8-36<\/td><td>26.8<\/td><td>25.6-33.6<\/td><\/tr><tr><td>M<\/td><td>30.4-37.6<\/td><td>27.2<\/td><td>27.2-35.2<\/td><\/tr><tr><td>eu<\/td><td>32.8-40<\/td><td>27.92<\/td><td>32.8-37.6<\/td><\/tr><tr><td colspan=\"4\">Observa\u00e7\u00e3o: 1. Pode haver um desvio de 1 a 2 cm em diferentes tamanhos, locais e elasticidade dos tecidos. A tabela de tamanhos \u00e9 apenas para refer\u00eancia, pode haver uma pequena diferen\u00e7a com o que voc\u00ea recebe. 2.Existem 3 tipos de elasticidade: Elasticidade Alta (esticada nos dois lados), Elasticidade M\u00e9dia (esticada em um lado) e N\u00e3o El\u00e1stica (n\u00e3o pode ser esticada). 3. A cor pode ser mais clara ou mais escura devido \u00e0s diferentes telas do PC. 4. Lave \u00e0 m\u00e3o em \u00e1gua a 30 graus, pendure para secar \u00e0 sombra, pro\u00edba o branqueamento. 5. Pode haver uma pequena diferen\u00e7a nos detalhes e no padr\u00e3o.<\/td><\/tr><\/tbody><\/table><\/figure>","protected":false},"excerpt":{"rendered":"<p>Use este body de manga comprida com recorte em renda e sinta-se como se estivesse em mil cores. \u00c9 meticulosamente bordado com flores realistas, usa uma s\u00e9rie de c\u00edrculos no peito para destacar as principais \u00e1reas e tem um z\u00edper nas costas para facilitar o cal\u00e7ar e tirar.<\/p>","protected":false},"featured_media":29611,"template":"","meta":[],"product_brand":[],"product_cat":[372,370,367],"product_tag":[448,454,516,518,446],"class_list":{"0":"post-29608","1":"product","2":"type-product","3":"status-publish","4":"has-post-thumbnail","6":"product_cat-wholesale-sexy-long-sleeve-bodysuit","7":"product_cat-bodysuit","8":"product_cat-sexy-lingerie","9":"product_tag-wholesale-elegant-sexy-lingerie","10":"product_tag-wholesale-sexy-embroidered-lingerie","11":"product_tag-lace-lingerie","12":"product_tag-mesh-lingerie","13":"product_tag-wholesale-sexy-see-through-lingerie","14":"pa_color-black","15":"pa_color-fire-brick-women-sexy-lingerie","16":"pa_color-white","17":"pa_cup-full-cup","18":"pa_size-wholesale-large-size-women-sexy-lingerie","19":"pa_size-wholesale-medium-size-women-sexy-lingerie","20":"pa_size-wholesale-small-size-sexy-lingerie","22":"first","23":"outofstock","24":"taxable","25":"shipping-taxable","26":"purchasable","27":"product-type-variable"},"tiered_pricing_type":"fixed","tiered_pricing_fixed_rules":[],"tiered_pricing_product_settings":{"layout":"table","base_unit_name":{"singular":null,"plural":null},"default_variation":{}},"tiered_pricing_minimum_quantity":null,"tiered_pricing_roles_data":{"default_wholesaler":{"product_id":29608,"role":"default_wholesaler","pricing_type":"flat","regular_price":null,"sale_price":null,"discount":null,"discount_type":"sale_price","tiered_pricing_type":"fixed","percentage_rules":[],"fixed_rules":{"2":"12.29","30":"10.49","500":"9.19"},"minimum":null},"dropshippinger":{"product_id":29608,"role":"dropshippinger","pricing_type":"flat","regular_price":null,"sale_price":null,"discount":null,"discount_type":"sale_price","tiered_pricing_type":"fixed","percentage_rules":[],"fixed_rules":{"1":"14.69","5":"12.29","20":"10.49"},"minimum":null}},"tiered_pricing_percentage_rules":[],"tiered_pricing_maximum_quantity":null,"tiered_pricing_quantity_step":null,"_links":{"self":[{"href":"https:\/\/gretasexylingerie.com\/pt\/wp-json\/wp\/v2\/product\/29608","targetHints":{"allow":["GET"]}}],"collection":[{"href":"https:\/\/gretasexylingerie.com\/pt\/wp-json\/wp\/v2\/product"}],"about":[{"href":"https:\/\/gretasexylingerie.com\/pt\/wp-json\/wp\/v2\/types\/product"}],"wp:featuredmedia":[{"embeddable":true,"href":"https:\/\/gretasexylingerie.com\/pt\/wp-json\/wp\/v2\/media\/29611"}],"wp:attachment":[{"href":"https:\/\/gretasexylingerie.com\/pt\/wp-json\/wp\/v2\/media?parent=29608"}],"wp:term":[{"taxonomy":"product_brand","embeddable":true,"href":"https:\/\/gretasexylingerie.com\/pt\/wp-json\/wp\/v2\/product_brand?post=29608"},{"taxonomy":"product_cat","embeddable":true,"href":"https:\/\/gretasexylingerie.com\/pt\/wp-json\/wp\/v2\/product_cat?post=29608"},{"taxonomy":"product_tag","embeddable":true,"href":"https:\/\/gretasexylingerie.com\/pt\/wp-json\/wp\/v2\/product_tag?post=29608"}],"curies":[{"name":"wp","href":"https:\/\/api.w.org\/{rel}","templated":true}]}}