{"id":29597,"date":"2023-01-18T12:48:59","date_gmt":"2023-01-18T04:48:59","guid":{"rendered":"https:\/\/gretasexylingerie.com\/?post_type=product&#038;p=29597"},"modified":"2023-12-09T16:25:35","modified_gmt":"2023-12-09T08:25:35","slug":"body-preto-de-renda-com-um-ombro-so-e-manga-comprida","status":"publish","type":"product","link":"https:\/\/gretasexylingerie.com\/pt\/products\/black-lace-one-shoulder-long-sleeved-bodysuit\/","title":{"rendered":"Body de renda preto com um ombro e mangas compridas"},"content":{"rendered":"<p>Caracter\u00edsticas:<\/p>\n\n\n\n<p>1. Renda de malha de alta elasticidade, design de rede de pesca e pintada com belos padr\u00f5es de flores.<br>2. Use tecidos de renda requintados no peito para decorar sua bela barriga.<br>3. O design arrast\u00e3o na parte de tr\u00e1s \u00e9 feito de tecido confort\u00e1vel, que n\u00e3o \u00e9 apenas sexy, mas tamb\u00e9m muito confort\u00e1vel.<\/p>\n\n\n\n<figure class=\"wp-block-table is-style-stripes\"><table><tbody><tr><td colspan=\"4\">Gr\u00e1fico do local (CM)<\/td><\/tr><tr><td>Tamanho<\/td><td>Abaixo do busto<\/td><td>Comprimento superior<\/td><td>Cintura<\/td><\/tr><tr><td>S<\/td><td>81<\/td><td>59<\/td><td>70<\/td><\/tr><tr><td>M<\/td><td>86<\/td><td>60<\/td><td>75<\/td><\/tr><tr><td>eu<\/td><td>91<\/td><td>61<\/td><td>80<\/td><\/tr><tr><td colspan=\"4\">Gr\u00e1fico do Local (POLEGADAS)<\/td><\/tr><tr><td>Tamanho<\/td><td>Abaixo do busto<\/td><td>Altura do copo<\/td><td>Cintura<\/td><\/tr><tr><td>S<\/td><td>32.4<\/td><td>23.6<\/td><td>28<\/td><\/tr><tr><td>M<\/td><td>34.4<\/td><td>24<\/td><td>30<\/td><\/tr><tr><td>eu<\/td><td>36.4<\/td><td>24.4<\/td><td>32<\/td><\/tr><tr><td colspan=\"4\">Observa\u00e7\u00e3o: 1. Pode haver um desvio de 1 a 2 cm em diferentes tamanhos, locais e elasticidade dos tecidos. A tabela de tamanhos \u00e9 apenas para refer\u00eancia, pode haver uma pequena diferen\u00e7a com o que voc\u00ea recebe. 2.Existem 3 tipos de elasticidade: Elasticidade Alta (esticada nos dois lados), Elasticidade M\u00e9dia (esticada em um lado) e N\u00e3o El\u00e1stica (n\u00e3o pode ser esticada). 3. A cor pode ser mais clara ou mais escura devido \u00e0s diferentes telas do PC. 4. Lave \u00e0 m\u00e3o em \u00e1gua a 30 graus, pendure para secar \u00e0 sombra, pro\u00edba o branqueamento. 5. Pode haver uma pequena diferen\u00e7a nos detalhes e no padr\u00e3o.<\/td><\/tr><\/tbody><\/table><\/figure>","protected":false},"excerpt":{"rendered":"<p>Deixe o body de renda preta de um ombro e mangas compridas adornar sua figura sexy. Feito de redes de pesca macias de alta qualidade, tricotadas com padr\u00f5es delicados, c\u00edlios no peito e um design transparente de pe\u00e7a \u00fanica nas costas.<\/p>","protected":false},"featured_media":29602,"template":"","meta":[],"product_brand":[],"product_cat":[372,370,367],"product_tag":[448,516,518,973],"class_list":{"0":"post-29597","1":"product","2":"type-product","3":"status-publish","4":"has-post-thumbnail","6":"product_cat-wholesale-sexy-long-sleeve-bodysuit","7":"product_cat-bodysuit","8":"product_cat-sexy-lingerie","9":"product_tag-wholesale-elegant-sexy-lingerie","10":"product_tag-lace-lingerie","11":"product_tag-mesh-lingerie","12":"product_tag-oem","13":"pa_color-black","14":"pa_cup-wholesale-half-cup-women-sexy-lingerie","15":"pa_size-wholesale-large-size-women-sexy-lingerie","16":"pa_size-wholesale-medium-size-women-sexy-lingerie","17":"pa_size-wholesale-small-size-sexy-lingerie","19":"first","20":"outofstock","21":"taxable","22":"shipping-taxable","23":"purchasable","24":"product-type-variable"},"tiered_pricing_type":"fixed","tiered_pricing_fixed_rules":[],"tiered_pricing_product_settings":{"layout":"default","base_unit_name":{"singular":null,"plural":null},"default_variation":{}},"tiered_pricing_minimum_quantity":null,"tiered_pricing_roles_data":{"default_wholesaler":{"product_id":29597,"role":"default_wholesaler","pricing_type":"flat","regular_price":null,"sale_price":null,"discount":null,"discount_type":"sale_price","tiered_pricing_type":"fixed","percentage_rules":[],"fixed_rules":{"2":"8.39","30":"7.19","500":"6.29"},"minimum":null},"dropshippinger":{"product_id":29597,"role":"dropshippinger","pricing_type":"flat","regular_price":null,"sale_price":null,"discount":null,"discount_type":"sale_price","tiered_pricing_type":"fixed","percentage_rules":[],"fixed_rules":{"1":"9.99","5":"8.39","20":"7.19"},"minimum":null}},"tiered_pricing_percentage_rules":[],"tiered_pricing_maximum_quantity":null,"tiered_pricing_quantity_step":null,"_links":{"self":[{"href":"https:\/\/gretasexylingerie.com\/pt\/wp-json\/wp\/v2\/product\/29597","targetHints":{"allow":["GET"]}}],"collection":[{"href":"https:\/\/gretasexylingerie.com\/pt\/wp-json\/wp\/v2\/product"}],"about":[{"href":"https:\/\/gretasexylingerie.com\/pt\/wp-json\/wp\/v2\/types\/product"}],"wp:featuredmedia":[{"embeddable":true,"href":"https:\/\/gretasexylingerie.com\/pt\/wp-json\/wp\/v2\/media\/29602"}],"wp:attachment":[{"href":"https:\/\/gretasexylingerie.com\/pt\/wp-json\/wp\/v2\/media?parent=29597"}],"wp:term":[{"taxonomy":"product_brand","embeddable":true,"href":"https:\/\/gretasexylingerie.com\/pt\/wp-json\/wp\/v2\/product_brand?post=29597"},{"taxonomy":"product_cat","embeddable":true,"href":"https:\/\/gretasexylingerie.com\/pt\/wp-json\/wp\/v2\/product_cat?post=29597"},{"taxonomy":"product_tag","embeddable":true,"href":"https:\/\/gretasexylingerie.com\/pt\/wp-json\/wp\/v2\/product_tag?post=29597"}],"curies":[{"name":"wp","href":"https:\/\/api.w.org\/{rel}","templated":true}]}}