{"id":29542,"date":"2023-01-17T18:19:33","date_gmt":"2023-01-17T10:19:33","guid":{"rendered":"https:\/\/gretasexylingerie.com\/?post_type=product&#038;p=29542"},"modified":"2023-09-05T20:49:38","modified_gmt":"2023-09-05T12:49:38","slug":"body-decote-profundo-em-renda-de-cilios","status":"publish","type":"product","link":"https:\/\/gretasexylingerie.com\/pt\/products\/eyelash-lace-deep-v-bodysuit\/","title":{"rendered":"Body C\u00edlios Renda em V Profundo"},"content":{"rendered":"<p>Caracter\u00edsticas:<\/p>\n\n\n\n<p>1. Use renda transparente de alta qualidade e use linhas pretas como decora\u00e7\u00e3o para destacar a figura.<br>2. A parte traseira usa um design cruzado, design de al\u00e7a de ombro larga, confort\u00e1vel e sexy.<br>3. Design de cintura ajust\u00e1vel, usando correias estreitas el\u00e1sticas altas.<\/p>\n\n\n\n<figure class=\"wp-block-table is-style-stripes\"><table><tbody><tr><td colspan=\"4\">Gr\u00e1fico do local (CM)<\/td><\/tr><tr><td>Tamanho<\/td><td>Abaixo do busto<\/td><td>Comprimento superior<\/td><td>Cintura<\/td><\/tr><tr><td>S<\/td><td>64-74<\/td><td>72<\/td><td>70-80<\/td><\/tr><tr><td>M<\/td><td>68-78<\/td><td>73<\/td><td>74-84<\/td><\/tr><tr><td>eu<\/td><td>72-82<\/td><td>74<\/td><td>78-88<\/td><\/tr><tr><td>GG<\/td><td>76-86<\/td><td>75<\/td><td>82-92<\/td><\/tr><tr><td colspan=\"4\">Gr\u00e1fico do Local (POLEGADAS)<\/td><\/tr><tr><td>Tamanho<\/td><td>Abaixo do busto<\/td><td>Altura do copo<\/td><td>Cintura<\/td><\/tr><tr><td>S<\/td><td>64-74<\/td><td>28.8<\/td><td>28-32<\/td><\/tr><tr><td>M<\/td><td>68-78<\/td><td>29.2<\/td><td>29.6-33.6<\/td><\/tr><tr><td>eu<\/td><td>72-82<\/td><td>29.6<\/td><td>31.2-35.2<\/td><\/tr><tr><td>GG<\/td><td>76-86<\/td><td>30<\/td><td>32.8-36.8<\/td><\/tr><tr><td colspan=\"4\">Observa\u00e7\u00e3o: 1. Pode haver um desvio de 1 a 2 cm em diferentes tamanhos, locais e elasticidade dos tecidos. A tabela de tamanhos \u00e9 apenas para refer\u00eancia, pode haver uma pequena diferen\u00e7a com o que voc\u00ea recebe. 2.Existem 3 tipos de elasticidade: Elasticidade Alta (esticada nos dois lados), Elasticidade M\u00e9dia (esticada em um lado) e N\u00e3o El\u00e1stica (n\u00e3o pode ser esticada). 3. A cor pode ser mais clara ou mais escura devido \u00e0s diferentes telas do PC. 4. Lave \u00e0 m\u00e3o em \u00e1gua a 30 graus, pendure para secar \u00e0 sombra, pro\u00edba o branqueamento. 5. Pode haver uma pequena diferen\u00e7a nos detalhes e no padr\u00e3o.<\/td><\/tr><\/tbody><\/table><\/figure>","protected":false},"excerpt":{"rendered":"<p>Body em V profundo de renda com c\u00edlios lindamente trabalhado para esbanjar seu glamour. Feito de renda transparente de alta qualidade, decorado com c\u00edlios, listras pretas retratando sua figura graciosa, cintura ajust\u00e1vel, design em V profundo, design cruzado nas costas.<\/p>","protected":false},"featured_media":29549,"template":"","meta":[],"product_brand":[],"product_cat":[371,370,367],"product_tag":[521,448,522,516,451,446],"class_list":{"0":"post-29542","1":"product","2":"type-product","3":"status-publish","4":"has-post-thumbnail","6":"product_cat-wholesale-sexy-lace-bodysuit","7":"product_cat-bodysuit","8":"product_cat-sexy-lingerie","9":"product_tag-deep-v-lingerie","10":"product_tag-wholesale-elegant-sexy-lingerie","11":"product_tag-eyelash-lingerie","12":"product_tag-lace-lingerie","13":"product_tag-wholesale-revealing-lingerie","14":"product_tag-wholesale-sexy-see-through-lingerie","15":"pa_color-black","16":"pa_cup-full-cup","17":"pa_size-wholesale-large-size-women-sexy-lingerie","18":"pa_size-wholesale-medium-size-women-sexy-lingerie","19":"pa_size-wholesale-small-size-sexy-lingerie","20":"pa_size-wholesale-extra-large-sexy-lingerie","22":"first","23":"instock","24":"taxable","25":"shipping-taxable","26":"purchasable","27":"product-type-variable"},"tiered_pricing_type":"fixed","tiered_pricing_fixed_rules":[],"tiered_pricing_product_settings":{"layout":"default","base_unit_name":{"singular":null,"plural":null},"default_variation":null},"tiered_pricing_minimum_quantity":null,"tiered_pricing_roles_data":{"default_wholesaler":{"product_id":29542,"role":"default_wholesaler","pricing_type":"flat","regular_price":null,"sale_price":null,"discount":null,"discount_type":"sale_price","tiered_pricing_type":"fixed","percentage_rules":[],"fixed_rules":{"2":"7.59","30":"6.49","500":"5.69"},"minimum":null},"dropshippinger":{"product_id":29542,"role":"dropshippinger","pricing_type":"flat","regular_price":null,"sale_price":null,"discount":null,"discount_type":"sale_price","tiered_pricing_type":"fixed","percentage_rules":[],"fixed_rules":{"1":"9.09","5":"7.59","20":"6.49"},"minimum":null}},"tiered_pricing_percentage_rules":[],"tiered_pricing_maximum_quantity":null,"tiered_pricing_quantity_step":null,"_links":{"self":[{"href":"https:\/\/gretasexylingerie.com\/pt\/wp-json\/wp\/v2\/product\/29542","targetHints":{"allow":["GET"]}}],"collection":[{"href":"https:\/\/gretasexylingerie.com\/pt\/wp-json\/wp\/v2\/product"}],"about":[{"href":"https:\/\/gretasexylingerie.com\/pt\/wp-json\/wp\/v2\/types\/product"}],"wp:featuredmedia":[{"embeddable":true,"href":"https:\/\/gretasexylingerie.com\/pt\/wp-json\/wp\/v2\/media\/29549"}],"wp:attachment":[{"href":"https:\/\/gretasexylingerie.com\/pt\/wp-json\/wp\/v2\/media?parent=29542"}],"wp:term":[{"taxonomy":"product_brand","embeddable":true,"href":"https:\/\/gretasexylingerie.com\/pt\/wp-json\/wp\/v2\/product_brand?post=29542"},{"taxonomy":"product_cat","embeddable":true,"href":"https:\/\/gretasexylingerie.com\/pt\/wp-json\/wp\/v2\/product_cat?post=29542"},{"taxonomy":"product_tag","embeddable":true,"href":"https:\/\/gretasexylingerie.com\/pt\/wp-json\/wp\/v2\/product_tag?post=29542"}],"curies":[{"name":"wp","href":"https:\/\/api.w.org\/{rel}","templated":true}]}}