{"id":29401,"date":"2023-01-13T16:48:36","date_gmt":"2023-01-13T08:48:36","guid":{"rendered":"https:\/\/gretasexylingerie.com\/?post_type=product&#038;p=29401"},"modified":"2023-09-05T20:49:34","modified_gmt":"2023-09-05T12:49:34","slug":"conjunto-de-sutia-sereia-seios-azuis-virilha-aberta","status":"publish","type":"product","link":"https:\/\/gretasexylingerie.com\/pt\/products\/mermaid-blue-breasts-open-crotch-bra-set\/","title":{"rendered":"Conjunto de suti\u00e3 cupness sereia azul seios"},"content":{"rendered":"<p>Caracter\u00edsticas:<\/p>\n\n\n\n<p>1. Design de cinto estreito el\u00e1stico alto, design cruzado pode se ajustar melhor ao corpo.<br>2. O peito e a calcinha s\u00e3o feitos de malha macia e bordados com lindas florzinhas.<br>3. Al\u00e7as de ombro ajust\u00e1veis em forma de I, peito destac\u00e1vel, design de calcinha fio dental, muito sexy.<\/p>\n\n\n\n<figure class=\"wp-block-table is-style-stripes\"><table><tbody><tr><td colspan=\"4\">Gr\u00e1fico do local (CM)<\/td><\/tr><tr><td>Tamanho<\/td><td>Abaixo do busto<\/td><td>Altura do copo<\/td><td>Cintura<\/td><\/tr><tr><td>S<\/td><td>60-71<\/td><td><\/td><td>62-80<\/td><\/tr><tr><td>M<\/td><td>65-75<\/td><td><\/td><td>66-84<\/td><\/tr><tr><td>eu<\/td><td>70-80<\/td><td><\/td><td>70-90<\/td><\/tr><tr><td>GG<\/td><td>73-85<\/td><td><\/td><td>74-94<\/td><\/tr><tr><td colspan=\"4\">Gr\u00e1fico do Local (POLEGADAS)<\/td><\/tr><tr><td>Tamanho<\/td><td>Abaixo do busto<\/td><td>Altura do copo<\/td><td>Cintura<\/td><\/tr><tr><td>S<\/td><td>24-28<\/td><td>0<\/td><td>24.8-32<\/td><\/tr><tr><td>M<\/td><td>26-30<\/td><td>0<\/td><td>26.4-33.6<\/td><\/tr><tr><td>eu<\/td><td>27.6-31.6<\/td><td>0<\/td><td>28-36<\/td><\/tr><tr><td>GG<\/td><td>29.2-33.2<\/td><td>0<\/td><td>29.6-37.6<\/td><\/tr><tr><td colspan=\"4\">Observa\u00e7\u00e3o: 1. Pode haver um desvio de 1 a 2 cm em diferentes tamanhos, locais e elasticidade dos tecidos. A tabela de tamanhos \u00e9 apenas para refer\u00eancia, pode haver uma pequena diferen\u00e7a com o que voc\u00ea recebe. 2.Existem 3 tipos de elasticidade: Elasticidade Alta (esticada nos dois lados), Elasticidade M\u00e9dia (esticada em um lado) e N\u00e3o El\u00e1stica (n\u00e3o pode ser esticada). 3. A cor pode ser mais clara ou mais escura devido \u00e0s diferentes telas do PC. 4. Lave \u00e0 m\u00e3o em \u00e1gua a 30 graus, pendure para secar \u00e0 sombra, pro\u00edba o branqueamento. 5. Pode haver uma pequena diferen\u00e7a nos detalhes e no padr\u00e3o.<\/td><\/tr><\/tbody><\/table><\/figure>","protected":false},"excerpt":{"rendered":"<p>Deixe o conjunto de suti\u00e3 aberto de seios azuis da sereia acompanh\u00e1-lo durante a noite. Al\u00e7as estreitas de alta qualidade, design cruzado, gaze transparente ao redor de calcinhas e suti\u00e3s com lindos bordados, bojo aberto e virilha aberta.<\/p>","protected":false},"featured_media":29402,"template":"","meta":[],"product_brand":[],"product_cat":[376,368,380,377,367],"product_tag":[452,451,446,509,504],"class_list":{"0":"post-29401","1":"product","2":"type-product","3":"status-publish","4":"has-post-thumbnail","6":"product_cat-wholesale-ultra-sexy-bra-panty-set","7":"product_cat-bra-panty-set","8":"product_cat-wholesale-harness-bra-and-panty-set","9":"product_cat-harness-lingerie","10":"product_cat-sexy-lingerie","11":"product_tag-wholesale-boudoir-lingerie","12":"product_tag-wholesale-revealing-lingerie","13":"product_tag-wholesale-sexy-see-through-lingerie","14":"product_tag-two-pcs-set","15":"product_tag-ultra-sexy","16":"pa_color-blue-women-sexy-lingerie","17":"pa_cup-wholesale-cupness-women-sexy-lingerie","18":"pa_size-wholesale-large-size-women-sexy-lingerie","19":"pa_size-wholesale-medium-size-women-sexy-lingerie","20":"pa_size-wholesale-small-size-sexy-lingerie","21":"pa_size-wholesale-extra-large-sexy-lingerie","23":"first","24":"instock","25":"taxable","26":"shipping-taxable","27":"purchasable","28":"product-type-variable"},"tiered_pricing_type":"fixed","tiered_pricing_fixed_rules":[],"tiered_pricing_product_settings":{"layout":"default","base_unit_name":{"singular":null,"plural":null},"default_variation":null},"tiered_pricing_minimum_quantity":null,"tiered_pricing_roles_data":{"default_wholesaler":{"product_id":29401,"role":"default_wholesaler","pricing_type":"flat","regular_price":null,"sale_price":null,"discount":null,"discount_type":"sale_price","tiered_pricing_type":"fixed","percentage_rules":[],"fixed_rules":{"2":"9.99","30":"8.49","500":"7.49"},"minimum":null},"dropshippinger":{"product_id":29401,"role":"dropshippinger","pricing_type":"flat","regular_price":null,"sale_price":null,"discount":null,"discount_type":"sale_price","tiered_pricing_type":"fixed","percentage_rules":[],"fixed_rules":{"1":"11.89","5":"9.99","20":"8.49"},"minimum":null}},"tiered_pricing_percentage_rules":[],"tiered_pricing_maximum_quantity":null,"tiered_pricing_quantity_step":null,"_links":{"self":[{"href":"https:\/\/gretasexylingerie.com\/pt\/wp-json\/wp\/v2\/product\/29401","targetHints":{"allow":["GET"]}}],"collection":[{"href":"https:\/\/gretasexylingerie.com\/pt\/wp-json\/wp\/v2\/product"}],"about":[{"href":"https:\/\/gretasexylingerie.com\/pt\/wp-json\/wp\/v2\/types\/product"}],"wp:featuredmedia":[{"embeddable":true,"href":"https:\/\/gretasexylingerie.com\/pt\/wp-json\/wp\/v2\/media\/29402"}],"wp:attachment":[{"href":"https:\/\/gretasexylingerie.com\/pt\/wp-json\/wp\/v2\/media?parent=29401"}],"wp:term":[{"taxonomy":"product_brand","embeddable":true,"href":"https:\/\/gretasexylingerie.com\/pt\/wp-json\/wp\/v2\/product_brand?post=29401"},{"taxonomy":"product_cat","embeddable":true,"href":"https:\/\/gretasexylingerie.com\/pt\/wp-json\/wp\/v2\/product_cat?post=29401"},{"taxonomy":"product_tag","embeddable":true,"href":"https:\/\/gretasexylingerie.com\/pt\/wp-json\/wp\/v2\/product_tag?post=29401"}],"curies":[{"name":"wp","href":"https:\/\/api.w.org\/{rel}","templated":true}]}}