{"id":29341,"date":"2023-01-13T15:21:44","date_gmt":"2023-01-13T07:21:44","guid":{"rendered":"https:\/\/gretasexylingerie.com\/?post_type=product&#038;p=29341"},"modified":"2023-09-05T20:49:32","modified_gmt":"2023-09-05T12:49:32","slug":"pagina-de-titulo-de-atacado-sep-sitename","status":"publish","type":"product","link":"https:\/\/gretasexylingerie.com\/pt\/products\/wholesale-title-page-sep-sitename\/","title":{"rendered":"Conjunto de suti\u00e3 para artesanato pesado com costura de renda"},"content":{"rendered":"<p>Caracter\u00edsticas:<\/p>\n\n\n\n<p>1. Use renda floral preta de alta qualidade para decorar o peito e como calcinha.<br>2. Use tiras tran\u00e7adas estreitas de lim\u00e3o como liga, al\u00e7a de ombro e al\u00e7a de perna. Entre eles, o anel de perna, cabresto e liga t\u00eam 3 camadas.<br>3. O forte contraste de design de cores d\u00e1 \u00e0s pessoas uma sensa\u00e7\u00e3o de impacto visual.<\/p>\n\n\n\n<p><\/p>\n\n\n\n<figure class=\"wp-block-table is-style-stripes\"><table><tbody><tr><td colspan=\"4\">Gr\u00e1fico do local (CM)<\/td><\/tr><tr><td>Tamanho<\/td><td>Abaixo do busto<\/td><td>Altura do copo<\/td><td>Cintura<\/td><\/tr><tr><td>S<\/td><td>64-74<\/td><td>15<\/td><td>66-67<\/td><\/tr><tr><td>M<\/td><td>68-78<\/td><td>16<\/td><td>70-80<\/td><\/tr><tr><td>eu<\/td><td>72-82<\/td><td>17<\/td><td>75-84<\/td><\/tr><tr><td>GG<\/td><td>76-86<\/td><td>18<\/td><td>78-88<\/td><\/tr><tr><td colspan=\"4\">Gr\u00e1fico do Local (POLEGADAS)<\/td><\/tr><tr><td>Tamanho<\/td><td>Abaixo do busto<\/td><td>Altura do copo<\/td><td>Cintura<\/td><\/tr><tr><td>S<\/td><td>25.6-29.9<\/td><td>6<\/td><td>26.4-30.4<\/td><\/tr><tr><td>M<\/td><td>27.2-31.2<\/td><td>6.4<\/td><td>28-32<\/td><\/tr><tr><td>eu<\/td><td>28.8-32.8<\/td><td>6.8<\/td><td>29.6-33.7<\/td><\/tr><tr><td>GG<\/td><td>30.4-34.4<\/td><td>7.2<\/td><td>31.2-35.2<\/td><\/tr><tr><td colspan=\"4\">Observa\u00e7\u00e3o: 1. Pode haver um desvio de 1 a 2 cm em diferentes tamanhos, locais e elasticidade dos tecidos. A tabela de tamanhos \u00e9 apenas para refer\u00eancia, pode haver uma pequena diferen\u00e7a com o que voc\u00ea recebe. 2.Existem 3 tipos de elasticidade: Elasticidade Alta (esticada nos dois lados), Elasticidade M\u00e9dia (esticada em um lado) e N\u00e3o El\u00e1stica (n\u00e3o pode ser esticada). 3. A cor pode ser mais clara ou mais escura devido \u00e0s diferentes telas do PC. 4. Lave \u00e0 m\u00e3o em \u00e1gua a 30 graus, pendure para secar \u00e0 sombra, pro\u00edba o branqueamento. 5. Pode haver uma pequena diferen\u00e7a nos detalhes e no padr\u00e3o.<\/td><\/tr><\/tbody><\/table><\/figure>","protected":false},"excerpt":{"rendered":"<p>Use o conjunto de suti\u00e3 de artesanato pesado com costura de renda contrastante e fa\u00e7a com que ele olhe para voc\u00ea. Com renda floral preta, c\u00edlios no peito, usando tiras tran\u00e7adas estreitas da Lime para gola alta, liga, presilhas para as pernas, al\u00e7as espaguete ajust\u00e1veis.<\/p>","protected":false},"featured_media":29345,"template":"","meta":[],"product_brand":[],"product_cat":[376,368,374,369,367],"product_tag":[507,452,448,451,446,447,504],"class_list":{"0":"post-29341","1":"product","2":"type-product","3":"status-publish","4":"has-post-thumbnail","6":"product_cat-wholesale-ultra-sexy-bra-panty-set","7":"product_cat-bra-panty-set","8":"product_cat-wholesale-garter-belt-set","9":"product_cat-wholesale-lace-bra-and-panty-sets","10":"product_cat-sexy-lingerie","11":"product_tag-three-pcs-set","12":"product_tag-wholesale-boudoir-lingerie","13":"product_tag-wholesale-elegant-sexy-lingerie","14":"product_tag-wholesale-revealing-lingerie","15":"product_tag-wholesale-sexy-see-through-lingerie","16":"product_tag-wholesale-strappy-sexy-lingerie","17":"product_tag-ultra-sexy","18":"pa_color-black","19":"pa_cup-full-cup","20":"pa_size-wholesale-large-size-women-sexy-lingerie","21":"pa_size-wholesale-medium-size-women-sexy-lingerie","22":"pa_size-wholesale-small-size-sexy-lingerie","23":"pa_size-wholesale-extra-large-sexy-lingerie","25":"first","26":"instock","27":"taxable","28":"shipping-taxable","29":"purchasable","30":"product-type-variable"},"tiered_pricing_type":"fixed","tiered_pricing_fixed_rules":[],"tiered_pricing_product_settings":{"layout":"default","base_unit_name":{"singular":null,"plural":null},"default_variation":null},"tiered_pricing_minimum_quantity":null,"tiered_pricing_roles_data":{"default_wholesaler":{"product_id":29341,"role":"default_wholesaler","pricing_type":"flat","regular_price":null,"sale_price":null,"discount":null,"discount_type":"sale_price","tiered_pricing_type":"fixed","percentage_rules":[],"fixed_rules":{"2":"10.19","30":"8.79","500":"7.69"},"minimum":null},"dropshippinger":{"product_id":29341,"role":"dropshippinger","pricing_type":"flat","regular_price":null,"sale_price":null,"discount":null,"discount_type":"sale_price","tiered_pricing_type":"fixed","percentage_rules":[],"fixed_rules":{"1":"12.19","5":"10.19","20":"8.79"},"minimum":null}},"tiered_pricing_percentage_rules":[],"tiered_pricing_maximum_quantity":null,"tiered_pricing_quantity_step":null,"_links":{"self":[{"href":"https:\/\/gretasexylingerie.com\/pt\/wp-json\/wp\/v2\/product\/29341","targetHints":{"allow":["GET"]}}],"collection":[{"href":"https:\/\/gretasexylingerie.com\/pt\/wp-json\/wp\/v2\/product"}],"about":[{"href":"https:\/\/gretasexylingerie.com\/pt\/wp-json\/wp\/v2\/types\/product"}],"wp:featuredmedia":[{"embeddable":true,"href":"https:\/\/gretasexylingerie.com\/pt\/wp-json\/wp\/v2\/media\/29345"}],"wp:attachment":[{"href":"https:\/\/gretasexylingerie.com\/pt\/wp-json\/wp\/v2\/media?parent=29341"}],"wp:term":[{"taxonomy":"product_brand","embeddable":true,"href":"https:\/\/gretasexylingerie.com\/pt\/wp-json\/wp\/v2\/product_brand?post=29341"},{"taxonomy":"product_cat","embeddable":true,"href":"https:\/\/gretasexylingerie.com\/pt\/wp-json\/wp\/v2\/product_cat?post=29341"},{"taxonomy":"product_tag","embeddable":true,"href":"https:\/\/gretasexylingerie.com\/pt\/wp-json\/wp\/v2\/product_tag?post=29341"}],"curies":[{"name":"wp","href":"https:\/\/api.w.org\/{rel}","templated":true}]}}