{"id":29218,"date":"2023-01-11T16:51:14","date_gmt":"2023-01-11T08:51:14","guid":{"rendered":"https:\/\/gretasexylingerie.com\/?post_type=product&#038;p=29218"},"modified":"2023-09-05T20:49:30","modified_gmt":"2023-09-05T12:49:30","slug":"conjunto-de-sutia-de-renda-sexy-para-noivas","status":"publish","type":"product","link":"https:\/\/gretasexylingerie.com\/pt\/products\/lace-sexy-bridal-bra-set\/","title":{"rendered":"Conjunto de suti\u00e3 de renda sexy para noiva"},"content":{"rendered":"<ul class=\"wp-block-list\">\n<li>Material: Feito de tecido de renda de alta qualidade, respir\u00e1vel, amigo da pele, macio, confort\u00e1vel de usar.<\/li>\n\n\n\n<li>Design sexy: ternos de lingerie de tr\u00eas pe\u00e7as com renda de c\u00edlios, renda de croch\u00ea, recorte e malha transparente. O design exclusivo pode fazer as mulheres parecerem sexy e atraentes.<\/li>\n\n\n\n<li>Ocasi\u00e3o: lingerie sexy \u00e9 a escolha perfeita para noite de n\u00fapcias, lua de mel, dia dos namorados, noite de encontro ou noite quente.<\/li>\n<\/ul>\n\n\n\n<figure class=\"wp-block-table is-style-stripes\"><table><tbody><tr><td colspan=\"4\">Gr\u00e1fico do local (CM)<\/td><\/tr><tr><td>Tamanho<\/td><td>Abaixo do busto<\/td><td>Altura do copo<\/td><td>Cintura<\/td><\/tr><tr><td>S<\/td><td>66-67<\/td><td>20<\/td><td>64-74<\/td><\/tr><tr><td>M<\/td><td>70-80<\/td><td>21<\/td><td>68-78<\/td><\/tr><tr><td>eu<\/td><td>75-84<\/td><td>22<\/td><td>72-82<\/td><\/tr><tr><td>GG<\/td><td>78-88<\/td><td>23<\/td><td>76-86<\/td><\/tr><tr><td colspan=\"4\">Gr\u00e1fico do Local (POLEGADAS)<\/td><\/tr><tr><td>Tamanho<\/td><td>Abaixo do busto<\/td><td>Altura do copo<\/td><td>Cintura<\/td><\/tr><tr><td>S<\/td><td>26.4-30.4<\/td><td>8<\/td><td>25.6-29.9<\/td><\/tr><tr><td>M<\/td><td>28-32<\/td><td>8.4<\/td><td>27.2-31.2<\/td><\/tr><tr><td>eu<\/td><td>29.6-33.7<\/td><td>8.8<\/td><td>28.8-32.8<\/td><\/tr><tr><td>GG<\/td><td>31.2-35.2<\/td><td>9.2<\/td><td>30.4-34.4<\/td><\/tr><tr><td colspan=\"4\">Observa\u00e7\u00e3o: 1. Pode haver um desvio de 1 a 2 cm em diferentes tamanhos, locais e elasticidade dos tecidos. A tabela de tamanhos \u00e9 apenas para refer\u00eancia, pode haver uma pequena diferen\u00e7a com o que voc\u00ea recebe. 2.Existem 3 tipos de elasticidade: Elasticidade Alta (esticada nos dois lados), Elasticidade M\u00e9dia (esticada em um lado) e N\u00e3o El\u00e1stica (n\u00e3o pode ser esticada). 3. A cor pode ser mais clara ou mais escura devido \u00e0s diferentes telas do PC. 4. Lave \u00e0 m\u00e3o em \u00e1gua a 30 graus, pendure para secar \u00e0 sombra, pro\u00edba o branqueamento. 5. Pode haver uma pequena diferen\u00e7a nos detalhes e no padr\u00e3o.<\/td><\/tr><\/tbody><\/table><\/figure>","protected":false},"excerpt":{"rendered":"<p>Conjunto de suti\u00e3 nupcial de renda sexy \u00e9 um conjunto de suti\u00e3 para sua noite de n\u00fapcias! Consiste em renda branca transparente macia e teia branca.<br \/>\nO lindo padr\u00e3o de renda n\u00e3o apenas modifica seu corpo, mas tamb\u00e9m adiciona mais expectativas, o que \u00e9 uma boa escolha para o mundo de duas pessoas.<\/p>","protected":false},"featured_media":29229,"template":"","meta":[],"product_brand":[],"product_cat":[369,374,367],"product_tag":[507,452,448,451,446],"class_list":{"0":"post-29218","1":"product","2":"type-product","3":"status-publish","4":"has-post-thumbnail","6":"product_cat-wholesale-lace-bra-and-panty-sets","7":"product_cat-wholesale-garter-belt-set","8":"product_cat-sexy-lingerie","9":"product_tag-three-pcs-set","10":"product_tag-wholesale-boudoir-lingerie","11":"product_tag-wholesale-elegant-sexy-lingerie","12":"product_tag-wholesale-revealing-lingerie","13":"product_tag-wholesale-sexy-see-through-lingerie","14":"pa_color-black","15":"pa_color-white","16":"pa_cup-wholesale-half-cup-women-sexy-lingerie","17":"pa_size-wholesale-large-size-women-sexy-lingerie","18":"pa_size-wholesale-medium-size-women-sexy-lingerie","19":"pa_size-wholesale-small-size-sexy-lingerie","20":"pa_size-wholesale-extra-large-sexy-lingerie","22":"first","23":"instock","24":"taxable","25":"shipping-taxable","26":"purchasable","27":"product-type-variable"},"tiered_pricing_type":"fixed","tiered_pricing_fixed_rules":[],"tiered_pricing_product_settings":{"layout":"default","base_unit_name":{"singular":null,"plural":null},"default_variation":null},"tiered_pricing_minimum_quantity":null,"tiered_pricing_roles_data":{"default_wholesaler":{"product_id":29218,"role":"default_wholesaler","pricing_type":"flat","regular_price":null,"sale_price":null,"discount":null,"discount_type":"sale_price","tiered_pricing_type":"fixed","percentage_rules":[],"fixed_rules":{"2":"8.89","30":"7.59","500":"6.69"},"minimum":null},"dropshippinger":{"product_id":29218,"role":"dropshippinger","pricing_type":"flat","regular_price":null,"sale_price":null,"discount":null,"discount_type":"sale_price","tiered_pricing_type":"fixed","percentage_rules":[],"fixed_rules":{"1":"10.69","5":"8.89","20":"7.59"},"minimum":null}},"tiered_pricing_percentage_rules":[],"tiered_pricing_maximum_quantity":null,"tiered_pricing_quantity_step":null,"_links":{"self":[{"href":"https:\/\/gretasexylingerie.com\/pt\/wp-json\/wp\/v2\/product\/29218","targetHints":{"allow":["GET"]}}],"collection":[{"href":"https:\/\/gretasexylingerie.com\/pt\/wp-json\/wp\/v2\/product"}],"about":[{"href":"https:\/\/gretasexylingerie.com\/pt\/wp-json\/wp\/v2\/types\/product"}],"wp:featuredmedia":[{"embeddable":true,"href":"https:\/\/gretasexylingerie.com\/pt\/wp-json\/wp\/v2\/media\/29229"}],"wp:attachment":[{"href":"https:\/\/gretasexylingerie.com\/pt\/wp-json\/wp\/v2\/media?parent=29218"}],"wp:term":[{"taxonomy":"product_brand","embeddable":true,"href":"https:\/\/gretasexylingerie.com\/pt\/wp-json\/wp\/v2\/product_brand?post=29218"},{"taxonomy":"product_cat","embeddable":true,"href":"https:\/\/gretasexylingerie.com\/pt\/wp-json\/wp\/v2\/product_cat?post=29218"},{"taxonomy":"product_tag","embeddable":true,"href":"https:\/\/gretasexylingerie.com\/pt\/wp-json\/wp\/v2\/product_tag?post=29218"}],"curies":[{"name":"wp","href":"https:\/\/api.w.org\/{rel}","templated":true}]}}