{"id":28998,"date":"2023-01-10T11:54:47","date_gmt":"2023-01-10T03:54:47","guid":{"rendered":"https:\/\/gretasexylingerie.com\/?post_type=product&#038;p=28998"},"modified":"2024-04-03T11:15:47","modified_gmt":"2024-04-03T03:15:47","slug":"conjunto-de-sutia-de-bolinhas-de-malha-transparente","status":"publish","type":"product","link":"https:\/\/gretasexylingerie.com\/pt\/products\/sheer-mesh-polka-dot-bra-set\/","title":{"rendered":"Conjunto de suti\u00e3 de bolinhas transparente"},"content":{"rendered":"<p>Caracter\u00edsticas:<\/p>\n\n\n\n<ol class=\"wp-block-list\">\n<li>O design do cinto de malha el\u00e1stica no peito pode ajustar livremente o tamanho do peito.<\/li>\n\n\n\n<li>O tecido de malha manchada transparente aumenta o conforto e destaca a sensualidade.<br>Comprar 3 ou 4 produtos ao mesmo tempo \u00e9 mais econ\u00f4mico.<\/li>\n<\/ol>\n\n\n\n<figure class=\"wp-block-table\"><table><tbody><tr><td colspan=\"4\">Gr\u00e1fico do local (CM)<\/td><\/tr><tr><td>Tamanho<\/td><td>Abaixo do busto<\/td><td>Altura do copo<\/td><td>Cintura<\/td><\/tr><tr><td>S<\/td><td>66-67<\/td><td>14<\/td><td>64-74<\/td><\/tr><tr><td>M<\/td><td>70-80<\/td><td>15<\/td><td>68-78<\/td><\/tr><tr><td>eu<\/td><td>75-84<\/td><td>16<\/td><td>72-82<\/td><\/tr><tr><td>GG<\/td><td>78-88<\/td><td>17<\/td><td>76-86<\/td><\/tr><tr><td colspan=\"4\">Gr\u00e1fico do Local (POLEGADAS)<\/td><\/tr><tr><td>Tamanho<\/td><td>Abaixo do busto<\/td><td>Altura do copo<\/td><td>Cintura<\/td><\/tr><tr><td>S<\/td><td>26.4-30.4<\/td><td>5.6<\/td><td>25.6-29.9<\/td><\/tr><tr><td>M<\/td><td>28-32<\/td><td>6<\/td><td>27.2-31.2<\/td><\/tr><tr><td>eu<\/td><td>29.6-33.7<\/td><td>6.4<\/td><td>28.8-32.8<\/td><\/tr><tr><td>GG<\/td><td>31.2-35.2<\/td><td>6.8<\/td><td>30.4-34.4<\/td><\/tr><\/tbody><\/table><\/figure>\n\n\n\n<p><\/p>\n\n\n\n<p>1. Todos os nossos produtos t\u00eam estoque suficiente, bem-vindo para fazer um pedido a qualquer momento. Confirmaremos o pedido dentro de 24 horas ap\u00f3s voc\u00ea fazer o pedido.<\/p>\n\n\n\n<p>2. N\u00e3o h\u00e1 exig\u00eancia de MOQ para todos os nossos produtos em estoque, e apoiamos atacado misto. Depois de selecionar um SKU completo, o sistema exibir\u00e1 automaticamente os pre\u00e7os correspondentes \u00e0s diferentes quantidades.<\/p>\n\n\n\n<p>3. Depois de confirmar o pedido, geralmente conclu\u00edmos a entrega dentro de 2 a 3 dias \u00fateis (exceto feriados ou outros motivos especiais), voc\u00ea pode encontrar seu pedido e rastre\u00e1-lo no <a href=\"https:\/\/gretasexylingerie.com\/pt\/contate-nos\/\">Minha conta<\/a>&nbsp;p\u00e1gina.<\/p>\n\n\n\n<p>4. nosso m\u00e9todo de envio padr\u00e3o \u00e9 por via a\u00e9rea, principalmente via fedex, tnt, ems, ups, dhl ou outros provedores de servi\u00e7os de log\u00edstica, depende principalmente do seu pedido e endere\u00e7o. Se voc\u00ea precisar de um m\u00e9todo de envio mais econ\u00f4mico ou tiver alguma d\u00favida sobre os custos de envio, sinta-se \u00e0 vontade para <a href=\"https:\/\/gretasexylingerie.com\/pt\/minha-conta\/\">Contate-nos<\/a>.<\/p>\n\n\n\n<p>5. n\u00e3o pagaremos imposto de importa\u00e7\u00e3o pelo seu pedido por padr\u00e3o. Voc\u00ea precisa concluir o pagamento de acordo com os requisitos do seu pa\u00eds quando a alf\u00e2ndega entrar em contato com voc\u00ea. No entanto, se voc\u00ea precisar, observe no pedido, podemos cobrar extra.<\/p>\n\n\n\n<p>6. Nossos pedidos aceitam devolu\u00e7\u00f5es, visite nosso <a href=\"https:\/\/gretasexylingerie.com\/pt\/politica-de-devolucao\/\">Pol\u00edtica do retorno<\/a>&nbsp;Para maiores informa\u00e7\u00f5es.<\/p>\n\n\n\n<p>7. Se voc\u00ea precisa saber mais perguntas frequentes, visite <a href=\"https:\/\/gretasexylingerie.com\/pt\/ajuda-ao-cliente\/\">Ajuda ao cliente<\/a>.<\/p>","protected":false},"excerpt":{"rendered":"<p>Conjunto de suti\u00e3 de bolinhas transparente rec\u00e9m-projetado! O peito tem um design intrincado de el\u00e1stico que pode ser ajustado conforme necess\u00e1rio para real\u00e7ar sua beleza.<br \/>O design de malha salpicada transparente adiciona mais decora\u00e7\u00e3o impertinente enquanto aumenta o conforto.<\/p>","protected":false},"featured_media":29010,"template":"","meta":[],"product_brand":[],"product_cat":[375,368,374,367,376],"product_tag":[452,448,451,446,447,504],"class_list":{"0":"post-28998","1":"product","2":"type-product","3":"status-publish","4":"has-post-thumbnail","6":"product_cat-whoelsale-sheer-bra-and-panty-sets","7":"product_cat-bra-panty-set","8":"product_cat-wholesale-garter-belt-set","9":"product_cat-sexy-lingerie","10":"product_cat-wholesale-ultra-sexy-bra-panty-set","11":"product_tag-wholesale-boudoir-lingerie","12":"product_tag-wholesale-elegant-sexy-lingerie","13":"product_tag-wholesale-revealing-lingerie","14":"product_tag-wholesale-sexy-see-through-lingerie","15":"product_tag-wholesale-strappy-sexy-lingerie","16":"product_tag-ultra-sexy","17":"pa_color-black","18":"pa_cup-wholesale-half-cup-women-sexy-lingerie","19":"pa_size-wholesale-large-size-women-sexy-lingerie","20":"pa_size-wholesale-medium-size-women-sexy-lingerie","21":"pa_size-wholesale-small-size-sexy-lingerie","22":"pa_size-wholesale-extra-large-sexy-lingerie","24":"first","25":"instock","26":"taxable","27":"shipping-taxable","28":"purchasable","29":"product-type-variable"},"tiered_pricing_type":"fixed","tiered_pricing_fixed_rules":[],"tiered_pricing_product_settings":{"layout":"table","base_unit_name":{"singular":null,"plural":null},"default_variation":null},"tiered_pricing_minimum_quantity":null,"tiered_pricing_roles_data":{"default_wholesaler":{"product_id":28998,"role":"default_wholesaler","pricing_type":"flat","regular_price":null,"sale_price":null,"discount":null,"discount_type":"sale_price","tiered_pricing_type":"fixed","percentage_rules":[],"fixed_rules":{"2":"9.39","30":"8.09","500":"7.09"},"minimum":null},"dropshippinger":{"product_id":28998,"role":"dropshippinger","pricing_type":"flat","regular_price":null,"sale_price":null,"discount":null,"discount_type":"sale_price","tiered_pricing_type":"fixed","percentage_rules":[],"fixed_rules":{"2":"11.29","5":"9.38","20":"8.09"},"minimum":null}},"tiered_pricing_percentage_rules":[],"tiered_pricing_maximum_quantity":null,"tiered_pricing_quantity_step":null,"_links":{"self":[{"href":"https:\/\/gretasexylingerie.com\/pt\/wp-json\/wp\/v2\/product\/28998","targetHints":{"allow":["GET"]}}],"collection":[{"href":"https:\/\/gretasexylingerie.com\/pt\/wp-json\/wp\/v2\/product"}],"about":[{"href":"https:\/\/gretasexylingerie.com\/pt\/wp-json\/wp\/v2\/types\/product"}],"wp:featuredmedia":[{"embeddable":true,"href":"https:\/\/gretasexylingerie.com\/pt\/wp-json\/wp\/v2\/media\/29010"}],"wp:attachment":[{"href":"https:\/\/gretasexylingerie.com\/pt\/wp-json\/wp\/v2\/media?parent=28998"}],"wp:term":[{"taxonomy":"product_brand","embeddable":true,"href":"https:\/\/gretasexylingerie.com\/pt\/wp-json\/wp\/v2\/product_brand?post=28998"},{"taxonomy":"product_cat","embeddable":true,"href":"https:\/\/gretasexylingerie.com\/pt\/wp-json\/wp\/v2\/product_cat?post=28998"},{"taxonomy":"product_tag","embeddable":true,"href":"https:\/\/gretasexylingerie.com\/pt\/wp-json\/wp\/v2\/product_tag?post=28998"}],"curies":[{"name":"wp","href":"https:\/\/api.w.org\/{rel}","templated":true}]}}