{"id":51291,"date":"2024-07-18T11:54:18","date_gmt":"2024-07-18T03:54:18","guid":{"rendered":"https:\/\/gretasexylingerie.com\/?post_type=product&#038;p=51291"},"modified":"2024-07-18T12:05:45","modified_gmt":"2024-07-18T04:05:45","slug":"vente-en-gros-bodystocking-en-maille-licou-rose-enchanteur","status":"publish","type":"product","link":"https:\/\/gretasexylingerie.com\/fr\/products\/wholesale-enchanting-rose-halter-mesh-bodystocking\/","title":{"rendered":"Vente en gros Bodystocking Enchanting Rose Halter En Maille"},"content":{"rendered":"<p><strong>Composition sensuelle et transparente<\/strong>: Incarnez l&#039;\u00e9l\u00e9gance dans ce <strong>bodystocking en maille transparente<\/strong> qui \u00e9pouse gracieusement le corps, offrant un aper\u00e7u d&#039;un monde d&#039;allure sophistiqu\u00e9e avec sa maille finement tiss\u00e9e et ses motifs d\u00e9taill\u00e9s.<\/p>\n\n\n\n<p><strong>Design dos nu chic.<\/strong>: L&#039;encolure dos nu ajoute une touche moderne au bodystocking classique, encadrant magnifiquement les \u00e9paules et le d\u00e9collet\u00e9, tout en offrant un ajustement s\u00fbr et r\u00e9glable qui flatte tous les types de corps.<\/p>\n\n\n\n<p><strong>\u00c9l\u00e9gance r\u00e9sille<\/strong>: Cet ensemble n&#039;est pas seulement transparent : il est d\u00e9cor\u00e9 audacieusement de panneaux en r\u00e9sille qui ajoutent de la texture et de la profondeur, cr\u00e9ant un look dynamique \u00e0 la fois accrocheur et exquis.<\/p>\n\n\n\n<p><strong>Style polyvalent<\/strong>: Parfait \u00e0 superposer sous une tenue de soir\u00e9e pour une touche d&#039;intrigue ou \u00e0 porter seul pour faire une d\u00e9claration de mode audacieuse, ce bodystocking est aussi fonctionnel que tendance.<\/p>\n\n\n\n<p><strong>Vente au d\u00e9tail sans effort<\/strong>: Disponible via notre <a href=\"https:\/\/gretasexylingerie.com\/fr\/service-de-lingerie-dropshipping\/\">service de livraison directe<\/a>, cette pi\u00e8ce est pr\u00eate \u00e0 \u00eatre incluse imm\u00e9diatement dans votre inventaire, garantissant un ajout simple \u00e0 vos offres de boutique sans avoir besoin d&#039;un minimum de commande.<\/p>\n\n\n\n<p>D\u00e9voilez l\u2019essence de la f\u00e9minit\u00e9 et de la mode avec le bodystocking Enchanting Rose Halter Mesh. Invitez votre client\u00e8le \u00e0 explorer son c\u00f4t\u00e9 audacieux avec cette pi\u00e8ce exquise qui ne manquera pas de faire tourner les t\u00eates et d&#039;enflammer l&#039;imagination. Ajoutez cet incontournable \u00e0 votre collection d\u00e8s aujourd&#039;hui et regardez vos clients adopter leur allure avec confiance et style.<\/p>","protected":false},"excerpt":{"rendered":"<p>Plongez dans une allure d\u00e9licate avec notre <strong>bas de corps licou<\/strong>, un ensemble captivant fabriqu\u00e9 \u00e0 partir de maille transparente et de r\u00e9sille complexe. Ce <strong>tenue crop top en r\u00e9sille<\/strong> allie style contemporain et s\u00e9duction classique.<\/p>","protected":false},"featured_media":51286,"template":"","meta":[],"product_brand":[],"product_cat":[405,924,404],"product_tag":[],"class_list":{"0":"post-51291","1":"product","2":"type-product","3":"status-publish","4":"has-post-thumbnail","6":"product_cat-wholesale-bodystocking","7":"product_cat-wholesale-bodystocking-sets","8":"product_cat-sexy-stocking","10":"first","11":"instock","12":"taxable","13":"shipping-taxable","14":"purchasable","15":"product-type-simple"},"tiered_pricing_type":"fixed","tiered_pricing_fixed_rules":[],"tiered_pricing_product_settings":{"layout":"default","base_unit_name":{"singular":null,"plural":null},"default_variation":null},"tiered_pricing_minimum_quantity":null,"tiered_pricing_roles_data":[],"tiered_pricing_percentage_rules":[],"tiered_pricing_maximum_quantity":null,"tiered_pricing_quantity_step":null,"_links":{"self":[{"href":"https:\/\/gretasexylingerie.com\/fr\/wp-json\/wp\/v2\/product\/51291","targetHints":{"allow":["GET"]}}],"collection":[{"href":"https:\/\/gretasexylingerie.com\/fr\/wp-json\/wp\/v2\/product"}],"about":[{"href":"https:\/\/gretasexylingerie.com\/fr\/wp-json\/wp\/v2\/types\/product"}],"wp:featuredmedia":[{"embeddable":true,"href":"https:\/\/gretasexylingerie.com\/fr\/wp-json\/wp\/v2\/media\/51286"}],"wp:attachment":[{"href":"https:\/\/gretasexylingerie.com\/fr\/wp-json\/wp\/v2\/media?parent=51291"}],"wp:term":[{"taxonomy":"product_brand","embeddable":true,"href":"https:\/\/gretasexylingerie.com\/fr\/wp-json\/wp\/v2\/product_brand?post=51291"},{"taxonomy":"product_cat","embeddable":true,"href":"https:\/\/gretasexylingerie.com\/fr\/wp-json\/wp\/v2\/product_cat?post=51291"},{"taxonomy":"product_tag","embeddable":true,"href":"https:\/\/gretasexylingerie.com\/fr\/wp-json\/wp\/v2\/product_tag?post=51291"}],"curies":[{"name":"wp","href":"https:\/\/api.w.org\/{rel}","templated":true}]}}