{"id":51284,"date":"2024-07-18T11:53:44","date_gmt":"2024-07-18T03:53:44","guid":{"rendered":"https:\/\/gretasexylingerie.com\/?post_type=product&#038;p=51284"},"modified":"2024-07-18T13:26:01","modified_gmt":"2024-07-18T05:26:01","slug":"vente-en-gros-body-resille-strass-eblouissant","status":"publish","type":"product","link":"https:\/\/gretasexylingerie.com\/fr\/products\/wholesale-dazzling-rhinestone-fishnet-bodysuit\/","title":{"rendered":"Vente en gros Body R\u00e9sille Avec Strass \u00c9blouissant"},"content":{"rendered":"<p><strong>\u00c9clat stellaire<\/strong>: Chaque strass capte la lumi\u00e8re, cr\u00e9ant un superbe spectacle de reflets sur le vaste tissu r\u00e9sille de ce body, ce qui en fait un incontournable instantan\u00e9.<\/p>\n\n\n\n<p><strong>Pure brillance<\/strong>: Fabriqu\u00e9 en maille transparente, ce body offre un aper\u00e7u all\u00e9chant de ce qui se trouve en dessous, \u00e9quilibr\u00e9 avec une couverture compl\u00e8te l\u00e0 o\u00f9 cela compte, assurant \u00e0 la fois confort et allure.<\/p>\n\n\n\n<p><strong>Mode polyvalente<\/strong>: Id\u00e9al \u00e0 superposer sous des jupes ou des jeans, ou \u00e0 porter comme une pi\u00e8ce audacieuse, ce <strong>tenue de club en r\u00e9sille<\/strong> passe sans effort des v\u00eatements de jour \u00e0 la vie nocturne.<\/p>\n\n\n\n<p><strong>Le confort rencontre le style<\/strong>: Bien que ce body fasse une d\u00e9claration de style audacieuse, il ne sacrifie pas le confort. La maille douce et extensible assure un ajustement serr\u00e9 mais indulgent, permettant une libert\u00e9 de mouvement tout au long de la nuit.<\/p>\n\n\n\n<p><strong>Int\u00e9gration transparente<\/strong>: Equipez votre boutique avec ce body glamour, disponible via notre <a href=\"https:\/\/gretasexylingerie.com\/fr\/service-de-lingerie-dropshipping\/\">service de livraison directe<\/a>. Aucune quantit\u00e9 minimale de commande n&#039;est requise, ce qui permet de r\u00e9pondre facilement \u00e0 la demande de vos clients en mati\u00e8re de drames de haute couture.<\/p>\n\n\n\n<p>\u00c9levez votre collection avec le faste et le glamour de notre body r\u00e9sille en strass \u00e9blouissant. Parfaite pour tous ceux qui cherchent \u00e0 se d\u00e9marquer, cette pi\u00e8ce est une c\u00e9l\u00e9bration de la beaut\u00e9 audacieuse et des d\u00e9tails complexes. Commandez maintenant chez Greta Sexy Lingerie et laissez vos clients briller lors de leur prochain grand \u00e9v\u00e9nement.<\/p>","protected":false},"excerpt":{"rendered":"<p>Captivez la foule avec notre frappe <strong>body r\u00e9sille \u00e0 strass<\/strong>. Ce s\u00e9duisant <strong>body en maille transparente<\/strong> est orn\u00e9 de strass \u00e9tincelants, parfait pour les tenues de club ou toute occasion qui appelle une touche de glamour.<\/p>","protected":false},"featured_media":51279,"template":"","meta":[],"product_brand":[],"product_cat":[405,408,404,409],"product_tag":[],"class_list":{"0":"post-51284","1":"product","2":"type-product","3":"status-publish","4":"has-post-thumbnail","6":"product_cat-wholesale-bodystocking","7":"product_cat-wholesale-rhinestone-bodystocking","8":"product_cat-sexy-stocking","9":"product_cat-wholesale-stocking-bodysuit","11":"first","12":"instock","13":"taxable","14":"shipping-taxable","15":"purchasable","16":"product-type-simple"},"tiered_pricing_type":"fixed","tiered_pricing_fixed_rules":[],"tiered_pricing_product_settings":{"layout":"default","base_unit_name":{"singular":null,"plural":null},"default_variation":null},"tiered_pricing_minimum_quantity":null,"tiered_pricing_roles_data":[],"tiered_pricing_percentage_rules":[],"tiered_pricing_maximum_quantity":null,"tiered_pricing_quantity_step":null,"_links":{"self":[{"href":"https:\/\/gretasexylingerie.com\/fr\/wp-json\/wp\/v2\/product\/51284","targetHints":{"allow":["GET"]}}],"collection":[{"href":"https:\/\/gretasexylingerie.com\/fr\/wp-json\/wp\/v2\/product"}],"about":[{"href":"https:\/\/gretasexylingerie.com\/fr\/wp-json\/wp\/v2\/types\/product"}],"wp:featuredmedia":[{"embeddable":true,"href":"https:\/\/gretasexylingerie.com\/fr\/wp-json\/wp\/v2\/media\/51279"}],"wp:attachment":[{"href":"https:\/\/gretasexylingerie.com\/fr\/wp-json\/wp\/v2\/media?parent=51284"}],"wp:term":[{"taxonomy":"product_brand","embeddable":true,"href":"https:\/\/gretasexylingerie.com\/fr\/wp-json\/wp\/v2\/product_brand?post=51284"},{"taxonomy":"product_cat","embeddable":true,"href":"https:\/\/gretasexylingerie.com\/fr\/wp-json\/wp\/v2\/product_cat?post=51284"},{"taxonomy":"product_tag","embeddable":true,"href":"https:\/\/gretasexylingerie.com\/fr\/wp-json\/wp\/v2\/product_tag?post=51284"}],"curies":[{"name":"wp","href":"https:\/\/api.w.org\/{rel}","templated":true}]}}