{"id":51241,"date":"2024-07-17T15:04:19","date_gmt":"2024-07-17T07:04:19","guid":{"rendered":"https:\/\/gretasexylingerie.com\/?post_type=product&#038;p=51241"},"modified":"2024-07-17T15:33:22","modified_gmt":"2024-07-17T07:33:22","slug":"vente-en-gros-body-resille-transparent-accentue-de-rouge","status":"publish","type":"product","link":"https:\/\/gretasexylingerie.com\/fr\/products\/wholesale-red-accented-transparent-fishnet-bodysuit\/","title":{"rendered":"Vente en gros Body en r\u00e9sille transparent accentu\u00e9 de rouge"},"content":{"rendered":"<p><strong>Design r\u00e9sille audacieux<\/strong>: Fabriqu\u00e9 \u00e0 partir d&#039;un mat\u00e9riau r\u00e9sille de qualit\u00e9 sup\u00e9rieure, ce body offre un look transparent s\u00e9duisant \u00e0 la fois attrayant et all\u00e9chant, mettant en valeur les contours naturels du corps.<\/p>\n<p><strong>Accents de rouge vif<\/strong>: Soulign\u00e9e par des liens et des bordures d&#039;un rouge vif, cette pi\u00e8ce se d\u00e9marque dans toute collection de lingerie, offrant un contraste saisissant qui attire le regard.<\/p>\n<p><strong>Gants en r\u00e9sille assortis<\/strong>: Compl\u00e9t\u00e9e par des gants en r\u00e9sille assortis, cette tenue ouvre la voie \u00e0 une apparence dramatique et unifi\u00e9e, parfaite pour les \u00e9v\u00e9nements \u00e0 th\u00e8me ou les occasions sp\u00e9ciales.<\/p>\n<p><strong>Confort et ajustement parfaits<\/strong>: Con\u00e7u pour le confort, ce body comprend des fonctionnalit\u00e9s r\u00e9glables et un tissu extensible qui s&#039;adapte parfaitement \u00e0 la peau, assurant un confort toute la nuit sans sacrifier le style.<\/p>\n<p><strong>Int\u00e9gration facile pour les d\u00e9taillants<\/strong>: Offert via notre <a href=\"https:\/\/gretasexylingerie.com\/fr\/service-de-lingerie-dropshipping\/\">service de livraison directe<\/a>, ce body est un excellent ajout pour les d\u00e9taillants qui cherchent \u00e0 pimenter leur inventaire avec un minimum de risques.<\/p>\n<p>Osez \u00e9blouir avec le <strong>Body r\u00e9sille transparent accentu\u00e9 de rouge<\/strong>. Id\u00e9ale pour les consommateurs cherchant \u00e0 faire une d\u00e9claration audacieuse, cette pi\u00e8ce promet de faire tourner les t\u00eates et de rehausser n&#039;importe quelle tenue de soir\u00e9e. Assurez-vous que votre magasin soit la destination incontournable pour la lingerie \u00e0 fort impact en stockant cet article incontournable d\u00e8s aujourd&#039;hui. Visitez Greta Sexy Lingerie pour plus de d\u00e9tails sur l\u2019achat et une assistance suppl\u00e9mentaire concernant votre commande.<\/p>","protected":false},"excerpt":{"rendered":"<p>D\u00e9voilez un m\u00e9lange d&#039;audace et de d\u00e9licatesse avec notre <strong>body r\u00e9sille rouge<\/strong>, avec des accents rouges saisissants et des gants en r\u00e9sille pour un look coh\u00e9rent et audacieux. Ce <strong>body transparent<\/strong> est con\u00e7u pour l&#039;audace, alliant fonctionnalit\u00e9 et haute couture.<\/p>","protected":false},"featured_media":51236,"template":"","meta":[],"product_brand":[],"product_cat":[405,404,409],"product_tag":[],"class_list":{"0":"post-51241","1":"product","2":"type-product","3":"status-publish","4":"has-post-thumbnail","6":"product_cat-wholesale-bodystocking","7":"product_cat-sexy-stocking","8":"product_cat-wholesale-stocking-bodysuit","10":"first","11":"instock","12":"taxable","13":"shipping-taxable","14":"purchasable","15":"product-type-simple"},"tiered_pricing_type":"fixed","tiered_pricing_fixed_rules":[],"tiered_pricing_product_settings":{"layout":"default","base_unit_name":{"singular":null,"plural":null},"default_variation":null},"tiered_pricing_minimum_quantity":null,"tiered_pricing_roles_data":[],"tiered_pricing_percentage_rules":[],"tiered_pricing_maximum_quantity":null,"tiered_pricing_quantity_step":null,"_links":{"self":[{"href":"https:\/\/gretasexylingerie.com\/fr\/wp-json\/wp\/v2\/product\/51241","targetHints":{"allow":["GET"]}}],"collection":[{"href":"https:\/\/gretasexylingerie.com\/fr\/wp-json\/wp\/v2\/product"}],"about":[{"href":"https:\/\/gretasexylingerie.com\/fr\/wp-json\/wp\/v2\/types\/product"}],"wp:featuredmedia":[{"embeddable":true,"href":"https:\/\/gretasexylingerie.com\/fr\/wp-json\/wp\/v2\/media\/51236"}],"wp:attachment":[{"href":"https:\/\/gretasexylingerie.com\/fr\/wp-json\/wp\/v2\/media?parent=51241"}],"wp:term":[{"taxonomy":"product_brand","embeddable":true,"href":"https:\/\/gretasexylingerie.com\/fr\/wp-json\/wp\/v2\/product_brand?post=51241"},{"taxonomy":"product_cat","embeddable":true,"href":"https:\/\/gretasexylingerie.com\/fr\/wp-json\/wp\/v2\/product_cat?post=51241"},{"taxonomy":"product_tag","embeddable":true,"href":"https:\/\/gretasexylingerie.com\/fr\/wp-json\/wp\/v2\/product_tag?post=51241"}],"curies":[{"name":"wp","href":"https:\/\/api.w.org\/{rel}","templated":true}]}}