{"id":51234,"date":"2024-07-17T15:03:42","date_gmt":"2024-07-17T07:03:42","guid":{"rendered":"https:\/\/gretasexylingerie.com\/?post_type=product&#038;p=51234"},"modified":"2024-07-17T15:32:01","modified_gmt":"2024-07-17T07:32:01","slug":"vente-en-gros-body-en-dentelle-transparente-reves-de-lavande","status":"publish","type":"product","link":"https:\/\/gretasexylingerie.com\/fr\/products\/wholesale-lavender-dreams-transparent-lace-bodysuit\/","title":{"rendered":"Vente en gros Body En Dentelle Transparente Lavender Dreams"},"content":{"rendered":"<p><strong>Conception sensuelle en r\u00e9sille<\/strong>: Fusionnant la beaut\u00e9 classique avec une esth\u00e9tique avant-gardiste, le motif r\u00e9sille offre un aper\u00e7u all\u00e9chant de ce qui se cache en dessous, offrant une allure irr\u00e9sistible.<\/p>\n\n\n\n<p><strong>Somptueuse dentelle violette<\/strong>: Orn\u00e9 d&#039;une douce bordure en dentelle violette, ce body apporte une ambiance \u00e0 la fois ludique et \u00e9l\u00e9gante, parfait pour celles qui appr\u00e9cient une touche de couleur dans leur tenue intime.<\/p>\n\n\n\n<p><strong>\u00c9l\u00e9gance en dentelle transparente<\/strong>: Le corps du costume est confectionn\u00e9 \u00e0 partir de dentelle transparente exquise, garantissant que chaque d\u00e9tail est mis en valeur avec une touche de mystique et de sophistication.<\/p>\n\n\n\n<p><strong>Le confort rencontre le style<\/strong>: Con\u00e7u dans un souci de confort, ce body comporte des bretelles r\u00e9glables et un tissu doux et extensible qui s&#039;adapte parfaitement au corps.<\/p>\n\n\n\n<p><strong>Vente au d\u00e9tail sans effort<\/strong>: Disponible via notre <a href=\"https:\/\/gretasexylingerie.com\/fr\/service-de-lingerie-dropshipping\/\">service de livraison directe<\/a>, ce body est parfait pour les d\u00e9taillants qui cherchent \u00e0 \u00e9largir leur gamme avec un minimum de frais g\u00e9n\u00e9raux.<\/p>\n\n\n\n<p>Invitez vos clients \u00e0 plonger dans l&#039;atmosph\u00e8re luxueuse de notre <strong>Lavender Dreams Body en dentelle transparente<\/strong>. Parfaite pour une soir\u00e9e intime ou comme choix de sous-v\u00eatement audacieux, cette pi\u00e8ce promet non seulement un confort mais aussi un impact visuel \u00e9poustouflant. Stockez cet article exquis d\u00e8s aujourd&#039;hui et laissez votre client\u00e8le explorer son c\u00f4t\u00e9 \u00e9l\u00e9gant et audacieux. Contactez Greta Sexy Lingerie pour plus de d\u00e9tails sur la fa\u00e7on d&#039;ajouter ce v\u00eatement \u00e0 couper le souffle \u00e0 vos offres.<\/p>","protected":false},"excerpt":{"rendered":"<p>Faites l&#039;exp\u00e9rience de l&#039;\u00e9l\u00e9gance et du charme avec notre <strong>body violet<\/strong>, un ensemble d\u00e9licat qui m\u00e9lange parfaitement la dentelle transparente avec un s\u00e9duisant motif r\u00e9sille. Ce <strong>body en dentelle r\u00e9sille<\/strong> est con\u00e7u pour captiver et charmer, id\u00e9al pour ajouter une touche de sensualit\u00e9 sophistiqu\u00e9e \u00e0 n&#039;importe quelle collection.<\/p>","protected":false},"featured_media":51229,"template":"","meta":[],"product_brand":[],"product_cat":[405,404,409],"product_tag":[],"class_list":{"0":"post-51234","1":"product","2":"type-product","3":"status-publish","4":"has-post-thumbnail","6":"product_cat-wholesale-bodystocking","7":"product_cat-sexy-stocking","8":"product_cat-wholesale-stocking-bodysuit","10":"first","11":"instock","12":"taxable","13":"shipping-taxable","14":"purchasable","15":"product-type-simple"},"tiered_pricing_type":"fixed","tiered_pricing_fixed_rules":[],"tiered_pricing_product_settings":{"layout":"default","base_unit_name":{"singular":null,"plural":null},"default_variation":null},"tiered_pricing_minimum_quantity":null,"tiered_pricing_roles_data":[],"tiered_pricing_percentage_rules":[],"tiered_pricing_maximum_quantity":null,"tiered_pricing_quantity_step":null,"_links":{"self":[{"href":"https:\/\/gretasexylingerie.com\/fr\/wp-json\/wp\/v2\/product\/51234","targetHints":{"allow":["GET"]}}],"collection":[{"href":"https:\/\/gretasexylingerie.com\/fr\/wp-json\/wp\/v2\/product"}],"about":[{"href":"https:\/\/gretasexylingerie.com\/fr\/wp-json\/wp\/v2\/types\/product"}],"wp:featuredmedia":[{"embeddable":true,"href":"https:\/\/gretasexylingerie.com\/fr\/wp-json\/wp\/v2\/media\/51229"}],"wp:attachment":[{"href":"https:\/\/gretasexylingerie.com\/fr\/wp-json\/wp\/v2\/media?parent=51234"}],"wp:term":[{"taxonomy":"product_brand","embeddable":true,"href":"https:\/\/gretasexylingerie.com\/fr\/wp-json\/wp\/v2\/product_brand?post=51234"},{"taxonomy":"product_cat","embeddable":true,"href":"https:\/\/gretasexylingerie.com\/fr\/wp-json\/wp\/v2\/product_cat?post=51234"},{"taxonomy":"product_tag","embeddable":true,"href":"https:\/\/gretasexylingerie.com\/fr\/wp-json\/wp\/v2\/product_tag?post=51234"}],"curies":[{"name":"wp","href":"https:\/\/api.w.org\/{rel}","templated":true}]}}