{"id":51198,"date":"2024-07-16T18:41:18","date_gmt":"2024-07-16T10:41:18","guid":{"rendered":"https:\/\/gretasexylingerie.com\/?post_type=product&#038;p=51198"},"modified":"2024-07-16T20:14:20","modified_gmt":"2024-07-16T12:14:20","slug":"vente-en-gros-bodystocking-jarretiere-en-dentelle-enchanteresse","status":"publish","type":"product","link":"https:\/\/gretasexylingerie.com\/fr\/products\/wholesale-enchantress-lace-garter-bodystocking\/","title":{"rendered":"Vente en gros Bodystocking Jarreti\u00e8re En Dentelle Enchantress"},"content":{"rendered":"<p><strong>D\u00e9tails en dentelle exquise.<\/strong>: Fabriqu\u00e9 \u00e0 partir de dentelle luxueuse, ce bodystocking pr\u00e9sente des motifs complexes qui offrent une touche de glamour vintage tout en offrant un attrait contemporain avec ses \u00e9l\u00e9ments transparents.<\/p>\n\n\n\n<p><strong>Des d\u00e9coupes intrigantes<\/strong>: Des d\u00e9coupes strat\u00e9giquement plac\u00e9es rehaussent les contours naturels du corps, ajoutant un \u00e9l\u00e9ment d&#039;intrigue et de sophistication \u00e0 l&#039;ensemble.<\/p>\n\n\n\n<p><strong>Jarreti\u00e8res int\u00e9gr\u00e9es<\/strong>: Les jarreti\u00e8res int\u00e9gr\u00e9es offrent non seulement un soutien pratique pour les bas assortis, mais rehaussent \u00e9galement l&#039;esth\u00e9tique, ce qui en fait une pi\u00e8ce remarquable dans toute collection de lingerie.<\/p>\n\n\n\n<p><strong>Options de style polyvalentes<\/strong>: Parfait \u00e0 superposer sous une tenue de soir\u00e9e ou \u00e0 porter comme pi\u00e8ce audacieuse, ce bodystocking s&#039;adapte aussi bien aux environnements publics qu&#039;intimes.<\/p>\n\n\n\n<p><strong>Vente au d\u00e9tail sans tracas<\/strong>: Disponible via notre <a href=\"https:\/\/gretasexylingerie.com\/fr\/service-de-lingerie-dropshipping\/\">service de livraison directe<\/a>, ce bodystocking est un ajout transparent \u00e0 votre inventaire, vous permettant de captiver vos clients sans les frais g\u00e9n\u00e9raux de gestion des stocks.<\/p>\n\n\n\n<p>\u00c9levez votre offre de lingerie avec le <strong>Bodystocking jarreti\u00e8re en dentelle Enchantress<\/strong>. Id\u00e9al pour ceux qui convoitent l\u2019\u00e9l\u00e9gance m\u00eal\u00e9e \u00e0 une touche d\u2019audace. Ajoutez cette pi\u00e8ce s\u00e9duisante \u00e0 votre gamme d\u00e8s aujourd&#039;hui et laissez vos clients se livrer au m\u00e9lange ultime de style et de sensualit\u00e9. Connectez-vous avec Greta Sexy Lingerie pour int\u00e9grer ce design \u00e0 couper le souffle dans votre collection.<\/p>","protected":false},"excerpt":{"rendered":"<p>D\u00e9couvrez l&#039;attrait de notre <strong>lingerie sexy<\/strong>, un chef-d&#039;\u0153uvre con\u00e7u pour accentuer les courbes avec sa dentelle complexe et ses d\u00e9coupes strat\u00e9giques. Ce <strong>bas de corps coquin<\/strong> combine le charme classique de la dentelle avec un design audacieux et moderne, comprenant des jarreti\u00e8res int\u00e9gr\u00e9es pour un look complet.<\/p>","protected":false},"featured_media":51193,"template":"","meta":[],"product_brand":[],"product_cat":[405,404,410],"product_tag":[],"class_list":{"0":"post-51198","1":"product","2":"type-product","3":"status-publish","4":"has-post-thumbnail","6":"product_cat-wholesale-bodystocking","7":"product_cat-sexy-stocking","8":"product_cat-wholesale-suspender-bodystocking","10":"first","11":"instock","12":"taxable","13":"shipping-taxable","14":"purchasable","15":"product-type-simple"},"tiered_pricing_type":"fixed","tiered_pricing_fixed_rules":[],"tiered_pricing_product_settings":{"layout":"default","base_unit_name":{"singular":null,"plural":null},"default_variation":null},"tiered_pricing_minimum_quantity":null,"tiered_pricing_roles_data":[],"tiered_pricing_percentage_rules":[],"tiered_pricing_maximum_quantity":null,"tiered_pricing_quantity_step":null,"_links":{"self":[{"href":"https:\/\/gretasexylingerie.com\/fr\/wp-json\/wp\/v2\/product\/51198","targetHints":{"allow":["GET"]}}],"collection":[{"href":"https:\/\/gretasexylingerie.com\/fr\/wp-json\/wp\/v2\/product"}],"about":[{"href":"https:\/\/gretasexylingerie.com\/fr\/wp-json\/wp\/v2\/types\/product"}],"wp:featuredmedia":[{"embeddable":true,"href":"https:\/\/gretasexylingerie.com\/fr\/wp-json\/wp\/v2\/media\/51193"}],"wp:attachment":[{"href":"https:\/\/gretasexylingerie.com\/fr\/wp-json\/wp\/v2\/media?parent=51198"}],"wp:term":[{"taxonomy":"product_brand","embeddable":true,"href":"https:\/\/gretasexylingerie.com\/fr\/wp-json\/wp\/v2\/product_brand?post=51198"},{"taxonomy":"product_cat","embeddable":true,"href":"https:\/\/gretasexylingerie.com\/fr\/wp-json\/wp\/v2\/product_cat?post=51198"},{"taxonomy":"product_tag","embeddable":true,"href":"https:\/\/gretasexylingerie.com\/fr\/wp-json\/wp\/v2\/product_tag?post=51198"}],"curies":[{"name":"wp","href":"https:\/\/api.w.org\/{rel}","templated":true}]}}