{"id":51191,"date":"2024-07-16T18:40:41","date_gmt":"2024-07-16T10:40:41","guid":{"rendered":"https:\/\/gretasexylingerie.com\/?post_type=product&#038;p=51191"},"modified":"2024-07-16T20:14:30","modified_gmt":"2024-07-16T12:14:30","slug":"vente-en-gros-bodystocking-leopard-tentatrice-sauvage","status":"publish","type":"product","link":"https:\/\/gretasexylingerie.com\/fr\/products\/wholesale-wild-temptress-leopard-bodystocking\/","title":{"rendered":"Vente en gros Bodystocking L\u00e9opard Tentatrice Sauvage"},"content":{"rendered":"<p><strong>Imprim\u00e9 L\u00e9opard Exotique<\/strong>: Le bodystocking est orn\u00e9 d&#039;un motif l\u00e9opard audacieux, offrant une touche all\u00e9chante \u00e0 l&#039;imprim\u00e9 classique \u00e0 la fois accrocheur et \u00e0 la mode.<\/p>\n<p><strong>Entrejambe ouvert audacieux<\/strong>: Con\u00e7u pour ceux qui osent se d\u00e9marquer, le design \u00e0 entrejambe ouvert ajoute une couche d&#039;intrigue et de commodit\u00e9, rendant cette pi\u00e8ce aussi provocante que pratique.<\/p>\n<p><strong>Couverture compl\u00e8te avec une touche d&#039;originalit\u00e9<\/strong>: Alors que les manches longues et le design sur toute la longueur offrent une couverture \u00e9tendue, le mat\u00e9riau en r\u00e9sille transparente garantit que chaque contour est accentu\u00e9 et que chaque d\u00e9tail est mis en valeur.<\/p>\n<p><strong>Style polyvalent<\/strong>* Ce bodystocking peut \u00eatre port\u00e9 sous une tenue de soir\u00e9e pour un look textur\u00e9 ou port\u00e9 seul pour faire une d\u00e9claration audacieuse dans des contextes plus intimes.<\/p>\n<p><strong>Vente au d\u00e9tail sans effort<\/strong>: Offert via notre <a href=\"https:\/\/gretasexylingerie.com\/fr\/service-de-lingerie-dropshipping\/\">service de livraison directe<\/a>, ce bodystocking est un compl\u00e9ment parfait \u00e0 toute boutique cherchant \u00e0 proposer des options de lingerie uniques et audacieuses sans les frais g\u00e9n\u00e9raux de gestion des stocks.<\/p>\n<p>Lib\u00e9rez la tentatrice int\u00e9rieure avec le <strong>Bodystocking l\u00e9opard Wild Temptress<\/strong>. Id\u00e9al pour ceux qui embrassent leur c\u00f4t\u00e9 sauvage avec confiance et style. Ajoutez cette superbe pi\u00e8ce \u00e0 votre inventaire d\u00e8s aujourd&#039;hui et laissez vos clients se r\u00e9jouir de l&#039;audace qu&#039;elle apporte \u00e0 leur collection de lingerie. Connectez-vous avec Greta Sexy Lingerie pour d\u00e9couvrir comment ce bodystocking peut transformer vos offres.<\/p>\n\n\n<p><\/p>","protected":false},"excerpt":{"rendered":"<p>Accueillez l&#039;appel de la nature avec notre <strong>bodystocking l\u00e9opard<\/strong>, avec un design audacieux \u00e0 l&#039;entrejambe ouvert et des manches longues. Ce bodystocking fusionne l&#039;allure audacieuse de la r\u00e9sille avec l&#039;attrait intemporel de l&#039;imprim\u00e9 l\u00e9opard, cr\u00e9ant un look irr\u00e9sistiblement s\u00e9duisant.<\/p>","protected":false},"featured_media":51186,"template":"","meta":[],"product_brand":[],"product_cat":[405,407,404],"product_tag":[],"class_list":{"0":"post-51191","1":"product","2":"type-product","3":"status-publish","4":"has-post-thumbnail","6":"product_cat-wholesale-bodystocking","7":"product_cat-wholesale-full-body-stocking","8":"product_cat-sexy-stocking","10":"first","11":"instock","12":"taxable","13":"shipping-taxable","14":"purchasable","15":"product-type-simple"},"tiered_pricing_type":"fixed","tiered_pricing_fixed_rules":[],"tiered_pricing_product_settings":{"layout":"default","base_unit_name":{"singular":null,"plural":null},"default_variation":null},"tiered_pricing_minimum_quantity":null,"tiered_pricing_roles_data":[],"tiered_pricing_percentage_rules":[],"tiered_pricing_maximum_quantity":null,"tiered_pricing_quantity_step":null,"_links":{"self":[{"href":"https:\/\/gretasexylingerie.com\/fr\/wp-json\/wp\/v2\/product\/51191","targetHints":{"allow":["GET"]}}],"collection":[{"href":"https:\/\/gretasexylingerie.com\/fr\/wp-json\/wp\/v2\/product"}],"about":[{"href":"https:\/\/gretasexylingerie.com\/fr\/wp-json\/wp\/v2\/types\/product"}],"wp:featuredmedia":[{"embeddable":true,"href":"https:\/\/gretasexylingerie.com\/fr\/wp-json\/wp\/v2\/media\/51186"}],"wp:attachment":[{"href":"https:\/\/gretasexylingerie.com\/fr\/wp-json\/wp\/v2\/media?parent=51191"}],"wp:term":[{"taxonomy":"product_brand","embeddable":true,"href":"https:\/\/gretasexylingerie.com\/fr\/wp-json\/wp\/v2\/product_brand?post=51191"},{"taxonomy":"product_cat","embeddable":true,"href":"https:\/\/gretasexylingerie.com\/fr\/wp-json\/wp\/v2\/product_cat?post=51191"},{"taxonomy":"product_tag","embeddable":true,"href":"https:\/\/gretasexylingerie.com\/fr\/wp-json\/wp\/v2\/product_tag?post=51191"}],"curies":[{"name":"wp","href":"https:\/\/api.w.org\/{rel}","templated":true}]}}