{"id":51182,"date":"2024-07-15T12:38:30","date_gmt":"2024-07-15T04:38:30","guid":{"rendered":"https:\/\/gretasexylingerie.com\/?post_type=product&#038;p=51182"},"modified":"2024-07-15T13:00:00","modified_gmt":"2024-07-15T05:00:00","slug":"vente-en-gros-robe-longue-en-resille-a-spectre-brillant","status":"publish","type":"product","link":"https:\/\/gretasexylingerie.com\/fr\/products\/wholesale-spectrum-glow-long-fishnet-dress\/","title":{"rendered":"Vente en gros Robe Longue En R\u00e9sille Spectrum Glow"},"content":{"rendered":"<p><strong>Palette de n\u00e9on vif<\/strong>: D\u00e9bordante d&#039;un spectre de teintes fluo, cette robe pr\u00e9sente un m\u00e9lange dynamique de couleurs qui coulent harmonieusement sur toute sa longueur, offrant un impact visuel saisissant.<\/p>\n\n\n\n<p><strong>Design long et \u00e9l\u00e9gant.<\/strong>: Le style long et ample de cette robe en r\u00e9sille ajoute une touche de glamour et de sophistication, la rendant adapt\u00e9e aux \u00e9v\u00e9nements en soir\u00e9e ou aux tenues audacieuses de jour.<\/p>\n\n\n\n<p><strong>Ajustement conforme au corps<\/strong>: Con\u00e7u pour \u00e9pouser d\u00e9licatement les courbes, ce mod\u00e8le en r\u00e9sille flatte non seulement la silhouette mais permet \u00e9galement respirabilit\u00e9 et confort, gr\u00e2ce \u00e0 sa mati\u00e8re extensible.<\/p>\n\n\n\n<p><strong>Polyvalence dynamique<\/strong>: Qu&#039;il soit port\u00e9 sur une simple sous-robe ou port\u00e9 seul pour un look audacieux, ce <strong>robe longue en r\u00e9sille<\/strong> offre plusieurs options de style, ce qui en fait un ajout polyvalent \u00e0 toute garde-robe avant-gardiste.<\/p>\n\n\n\n<p><strong>Vente au d\u00e9tail sans effort<\/strong>: Fourni par notre <a href=\"https:\/\/gretasexylingerie.com\/fr\/service-de-lingerie-dropshipping\/\">service de livraison directe<\/a>, cette superbe pi\u00e8ce peut \u00eatre ajout\u00e9e \u00e0 votre collection sans les tracas de manipulation et de stockage, vous assurant ainsi de pouvoir offrir \u00e0 vos clients des styles tendance sans effort.<\/p>\n\n\n\n<p>\u00c9blouissez votre client\u00e8le avec <strong>Robe longue en r\u00e9sille Spectrum Glow<\/strong>. Id\u00e9al pour celles qui n&#039;ont pas peur de se d\u00e9marquer et de s&#039;exprimer \u00e0 travers une mode vibrante et percutante. Ajoutez cette pi\u00e8ce accrocheuse \u00e0 votre magasin d\u00e8s aujourd&#039;hui et laissez vos clients briller avec tout le spectre du style. Connectez-vous avec Greta Sexy Lingerie pour une int\u00e9gration transparente et commencez \u00e0 faire une d\u00e9claration audacieuse d\u00e8s maintenant.<\/p>","protected":false},"excerpt":{"rendered":"<p>Embrassez le dynamisme de notre <strong>robe r\u00e9sille n\u00e9on<\/strong>, un spectacle int\u00e9gral qui combine l&#039;allure d&#039;un motif r\u00e9sille avec une d\u00e9bauche de couleurs arc-en-ciel. Ce <strong>body complet sexy<\/strong> La robe est con\u00e7ue pour faire tourner les t\u00eates et captiver l&#039;attention lors de toute r\u00e9union sociale.<\/p>","protected":false},"featured_media":51177,"template":"","meta":[],"product_brand":[],"product_cat":[405,406,404],"product_tag":[],"class_list":{"0":"post-51182","1":"product","2":"type-product","3":"status-publish","4":"has-post-thumbnail","6":"product_cat-wholesale-bodystocking","7":"product_cat-wholesale-fishnet-dress","8":"product_cat-sexy-stocking","10":"first","11":"instock","12":"taxable","13":"shipping-taxable","14":"purchasable","15":"product-type-simple"},"tiered_pricing_type":"fixed","tiered_pricing_fixed_rules":[],"tiered_pricing_product_settings":{"layout":"default","base_unit_name":{"singular":null,"plural":null},"default_variation":null},"tiered_pricing_minimum_quantity":null,"tiered_pricing_roles_data":[],"tiered_pricing_percentage_rules":[],"tiered_pricing_maximum_quantity":null,"tiered_pricing_quantity_step":null,"_links":{"self":[{"href":"https:\/\/gretasexylingerie.com\/fr\/wp-json\/wp\/v2\/product\/51182","targetHints":{"allow":["GET"]}}],"collection":[{"href":"https:\/\/gretasexylingerie.com\/fr\/wp-json\/wp\/v2\/product"}],"about":[{"href":"https:\/\/gretasexylingerie.com\/fr\/wp-json\/wp\/v2\/types\/product"}],"wp:featuredmedia":[{"embeddable":true,"href":"https:\/\/gretasexylingerie.com\/fr\/wp-json\/wp\/v2\/media\/51177"}],"wp:attachment":[{"href":"https:\/\/gretasexylingerie.com\/fr\/wp-json\/wp\/v2\/media?parent=51182"}],"wp:term":[{"taxonomy":"product_brand","embeddable":true,"href":"https:\/\/gretasexylingerie.com\/fr\/wp-json\/wp\/v2\/product_brand?post=51182"},{"taxonomy":"product_cat","embeddable":true,"href":"https:\/\/gretasexylingerie.com\/fr\/wp-json\/wp\/v2\/product_cat?post=51182"},{"taxonomy":"product_tag","embeddable":true,"href":"https:\/\/gretasexylingerie.com\/fr\/wp-json\/wp\/v2\/product_tag?post=51182"}],"curies":[{"name":"wp","href":"https:\/\/api.w.org\/{rel}","templated":true}]}}