{"id":51037,"date":"2024-04-24T20:43:29","date_gmt":"2024-04-24T12:43:29","guid":{"rendered":"https:\/\/gretasexylingerie.com\/?post_type=product&#038;p=51037"},"modified":"2024-04-25T16:32:13","modified_gmt":"2024-04-25T08:32:13","slug":"vente-en-gros-ensemble-bandeau-et-menottes-en-dentelle-de-luxe","status":"publish","type":"product","link":"https:\/\/gretasexylingerie.com\/fr\/products\/wholesale-luxe-lace-blindfold-and-handcuff-set\/","title":{"rendered":"Ensemble bandeau et menottes en dentelle de luxe en gros"},"content":{"rendered":"<p><strong>Jeu sensoriel exquis<\/strong>: Am\u00e9liorez l&#039;exp\u00e9rience sensorielle avec cet ensemble qui comprend un doux d\u00e9tail en dentelle <strong>bandeau en cuir<\/strong> et menottes assorties, con\u00e7ues pour un jeu luxueux et confortable.<\/p>\n\n\n\n<p><strong>D\u00e9tails en dentelle somptueuse<\/strong>: Le bandeau et les menottes sont orn\u00e9s de dentelle complexe, offrant un attrait visuel \u00e9poustouflant qui ne compromet pas le frisson de <strong>menottes sexy<\/strong> Jeux.<\/p>\n\n\n\n<p><strong>Doux mais s\u00e9curis\u00e9<\/strong>: Fabriqu\u00e9s \u00e0 partir de mat\u00e9riaux haut de gamme, ces accessoires offrent un toucher doux contre la peau tout en assurant une tenue ferme, permettant une facilit\u00e9 de mouvement et une fiabilit\u00e9 lors de l&#039;utilisation.<\/p>\n\n\n\n<p><strong>R\u00e9glable pour tous<\/strong>: Les menottes sont livr\u00e9es avec des sangles r\u00e9glables, ce qui les rend adapt\u00e9es \u00e0 diff\u00e9rentes tailles et garantissent que chacun puisse trouver la coupe parfaite pour une nuit d&#039;excitation.<\/p>\n\n\n\n<p><strong>Facile \u00e0 stocker et \u00e0 vendre<\/strong>: Dans le cadre de notre <a href=\"https:\/\/gretasexylingerie.com\/fr\/lingerie-en-gros\/\">service de vente en gros<\/a>, cet ensemble est disponible sans quantit\u00e9 minimale de commande, ce qui en fait un ajout sans tracas \u00e0 votre boutique ou boutique en ligne.<\/p>\n\n\n\n<p>Organisez une aventure inoubliable pour vos clients avec notre <strong>bandeau et menottes<\/strong> ensemble. Id\u00e9al pour ceux qui appr\u00e9cient \u00e0 la fois le confort et le contr\u00f4le, ce duo attend de d\u00e9bloquer un monde de possibilit\u00e9s. Entrez en contact avec Greta Sexy Lingerie d\u00e8s aujourd&#039;hui et apportez un \u00e9l\u00e9ment de taquinerie sophistiqu\u00e9e \u00e0 votre collection.<\/p>","protected":false},"excerpt":{"rendered":"<p>Plongez dans l&#039;attrait du myst\u00e8re avec cet \u00e9l\u00e9gant <strong>bandeau et menottes<\/strong> ensemble. Fusionnant la sensation souple du cuir avec la dentelle d\u00e9licate, ce duo est parfait pour celles qui cherchent \u00e0 ajouter une touche de sophistication sexy \u00e0 leur r\u00e9pertoire.<\/p>","protected":false},"featured_media":51036,"template":"","meta":[],"product_brand":[],"product_cat":[1063,1059,1066],"product_tag":[],"class_list":{"0":"post-51037","1":"product","2":"type-product","3":"status-publish","4":"has-post-thumbnail","6":"product_cat-wholesale-bdsm-mask-blindfold","7":"product_cat-wholesale-bondage-equipment","8":"product_cat-handcuffs-bondage-collars-ankle-strap","9":"pa_color-black","10":"pa_size-free","12":"first","13":"instock","14":"taxable","15":"shipping-taxable","16":"purchasable","17":"product-type-variable"},"tiered_pricing_type":"fixed","tiered_pricing_fixed_rules":[],"tiered_pricing_product_settings":{"layout":"default","base_unit_name":{"singular":null,"plural":null},"default_variation":null},"tiered_pricing_minimum_quantity":null,"tiered_pricing_roles_data":[],"tiered_pricing_percentage_rules":[],"tiered_pricing_maximum_quantity":null,"tiered_pricing_quantity_step":null,"_links":{"self":[{"href":"https:\/\/gretasexylingerie.com\/fr\/wp-json\/wp\/v2\/product\/51037","targetHints":{"allow":["GET"]}}],"collection":[{"href":"https:\/\/gretasexylingerie.com\/fr\/wp-json\/wp\/v2\/product"}],"about":[{"href":"https:\/\/gretasexylingerie.com\/fr\/wp-json\/wp\/v2\/types\/product"}],"wp:featuredmedia":[{"embeddable":true,"href":"https:\/\/gretasexylingerie.com\/fr\/wp-json\/wp\/v2\/media\/51036"}],"wp:attachment":[{"href":"https:\/\/gretasexylingerie.com\/fr\/wp-json\/wp\/v2\/media?parent=51037"}],"wp:term":[{"taxonomy":"product_brand","embeddable":true,"href":"https:\/\/gretasexylingerie.com\/fr\/wp-json\/wp\/v2\/product_brand?post=51037"},{"taxonomy":"product_cat","embeddable":true,"href":"https:\/\/gretasexylingerie.com\/fr\/wp-json\/wp\/v2\/product_cat?post=51037"},{"taxonomy":"product_tag","embeddable":true,"href":"https:\/\/gretasexylingerie.com\/fr\/wp-json\/wp\/v2\/product_tag?post=51037"}],"curies":[{"name":"wp","href":"https:\/\/api.w.org\/{rel}","templated":true}]}}