{"id":51017,"date":"2024-04-24T20:42:10","date_gmt":"2024-04-24T12:42:10","guid":{"rendered":"https:\/\/gretasexylingerie.com\/?post_type=product&#038;p=51017"},"modified":"2024-04-25T16:27:21","modified_gmt":"2024-04-25T08:27:21","slug":"vente-en-gros-pagaie-bdsm-en-cuir-cloute-intrepide","status":"publish","type":"product","link":"https:\/\/gretasexylingerie.com\/fr\/products\/wholesale-intrepid-studded-leather-bdsm-paddle\/","title":{"rendered":"Pagaie BDSM en cuir clout\u00e9 Intrepid en gros"},"content":{"rendered":"<p><strong>Esth\u00e9tique imposante<\/strong>: Ce <strong>pagaie clout\u00e9e BDSM<\/strong> essential est non seulement fonctionnel mais aussi visuellement frappant, avec une gamme audacieuse de clous m\u00e9talliques qui promettent un impact inoubliable.<\/p>\n\n\n\n<p><strong>Contr\u00f4le pr\u00e9cis<\/strong>: Con\u00e7ue pour l&#039;\u00e9quilibre et le contr\u00f4le, la poign\u00e9e robuste offre une prise ferme, permettant des coups mesur\u00e9s et d\u00e9lib\u00e9r\u00e9s qui s&#039;adressent aux passionn\u00e9s chevronn\u00e9s.<\/p>\n\n\n\n<p><strong>Un savoir-faire inflexible<\/strong>: Fabriqu\u00e9 avec du cuir de haute qualit\u00e9, ce <strong>pagaie BDSM \u00e0 pointes<\/strong> est con\u00e7u pour r\u00e9sister aux utilisations les plus exigeantes tout en conservant son apparence formidable.<\/p>\n\n\n\n<p><strong>Des sensations exaltantes<\/strong>: La surface textur\u00e9e de la pagaie est con\u00e7ue pour offrir une vari\u00e9t\u00e9 de sensations, offrant une exp\u00e9rience dynamique qui peut \u00eatre adapt\u00e9e aux pr\u00e9f\u00e9rences de tout utilisateur.<\/p>\n\n\n\n<p><strong>Pr\u00eat pour la vente au d\u00e9tail<\/strong>: Dans le cadre de notre offre polyvalente <a href=\"https:\/\/gretasexylingerie.com\/fr\/lingerie-en-gros\/\">service de vente en gros<\/a>, cette pagaie est propos\u00e9e sans MOQ, ce qui permet un approvisionnement sans effort et la satisfaction du client.<\/p>\n\n\n\n<p>Diversifiez votre offre avec ce primordial <strong>pagaie de fess\u00e9e clout\u00e9e<\/strong>, un incontournable pour les aficionados cherchant \u00e0 \u00e9lever leur jeu. Associez-vous \u00e0 Greta Sexy Lingerie pour offrir \u00e0 vos clients le summum du plaisir et de la douleur, o\u00f9 l&#039;artisanat rencontre le d\u00e9sir audacieux.<\/p>","protected":false},"excerpt":{"rendered":"<p>Entrez dans le domaine de l&#039;intensit\u00e9 avec ceci <strong>pagaie de fess\u00e9e clout\u00e9e<\/strong>, con\u00e7u pour les audacieux. Avec ses imposants accents \u00e0 pointes, cette pagaie est une pi\u00e8ce ma\u00eetresse dans n&#039;importe quel <strong>Sado-Sado<\/strong> collection.<\/p>","protected":false},"featured_media":51010,"template":"","meta":[],"product_brand":[],"product_cat":[1059,1067],"product_tag":[],"class_list":{"0":"post-51017","1":"product","2":"type-product","3":"status-publish","4":"has-post-thumbnail","6":"product_cat-wholesale-bondage-equipment","7":"product_cat-wholesale-spanking-whips-paddles","8":"pa_color-black","9":"pa_size-free","11":"first","12":"instock","13":"taxable","14":"shipping-taxable","15":"purchasable","16":"product-type-variable"},"tiered_pricing_type":"fixed","tiered_pricing_fixed_rules":[],"tiered_pricing_product_settings":{"layout":"default","base_unit_name":{"singular":null,"plural":null},"default_variation":null},"tiered_pricing_minimum_quantity":null,"tiered_pricing_roles_data":[],"tiered_pricing_percentage_rules":[],"tiered_pricing_maximum_quantity":null,"tiered_pricing_quantity_step":null,"_links":{"self":[{"href":"https:\/\/gretasexylingerie.com\/fr\/wp-json\/wp\/v2\/product\/51017","targetHints":{"allow":["GET"]}}],"collection":[{"href":"https:\/\/gretasexylingerie.com\/fr\/wp-json\/wp\/v2\/product"}],"about":[{"href":"https:\/\/gretasexylingerie.com\/fr\/wp-json\/wp\/v2\/types\/product"}],"wp:featuredmedia":[{"embeddable":true,"href":"https:\/\/gretasexylingerie.com\/fr\/wp-json\/wp\/v2\/media\/51010"}],"wp:attachment":[{"href":"https:\/\/gretasexylingerie.com\/fr\/wp-json\/wp\/v2\/media?parent=51017"}],"wp:term":[{"taxonomy":"product_brand","embeddable":true,"href":"https:\/\/gretasexylingerie.com\/fr\/wp-json\/wp\/v2\/product_brand?post=51017"},{"taxonomy":"product_cat","embeddable":true,"href":"https:\/\/gretasexylingerie.com\/fr\/wp-json\/wp\/v2\/product_cat?post=51017"},{"taxonomy":"product_tag","embeddable":true,"href":"https:\/\/gretasexylingerie.com\/fr\/wp-json\/wp\/v2\/product_tag?post=51017"}],"curies":[{"name":"wp","href":"https:\/\/api.w.org\/{rel}","templated":true}]}}