{"id":50945,"date":"2024-04-20T21:26:28","date_gmt":"2024-04-20T13:26:28","guid":{"rendered":"https:\/\/gretasexylingerie.com\/?post_type=product&#038;p=50945"},"modified":"2024-04-21T12:25:18","modified_gmt":"2024-04-21T04:25:18","slug":"vente-en-gros-jeu-de-gags-dintroduction","status":"publish","type":"product","link":"https:\/\/gretasexylingerie.com\/fr\/products\/wholesale-introductory-ball-gag-set\/","title":{"rendered":"Ensemble de b\u00e2illon-balle d&#039;introduction en gros"},"content":{"rendered":"<p><strong>Conception adapt\u00e9e aux d\u00e9butants<\/strong>: Notre <strong>ensemble de b\u00e2illon-boule<\/strong> est con\u00e7u pour ceux qui d\u00e9butent dans le jeu gag, avec une balle respirante en forme d&#039;os qui permet une utilisation facile tout en r\u00e9pondant au d\u00e9sir d&#039;une parole att\u00e9nu\u00e9e.<\/p>\n\n\n\n<p><strong>Retenue douce<\/strong>: Le mat\u00e9riau doux et pliable du b\u00e2illon assure une morsure confortable, tandis que les sangles r\u00e9glables offrent un ajustement s\u00fbr sans surcharger le porteur, ce qui en fait un id\u00e9al <strong>b\u00e2illon-boule pour d\u00e9butants<\/strong>.<\/p>\n\n\n\n<p><strong>S\u00e9curis\u00e9 et r\u00e9glable<\/strong>: Des boucles et des sangles robustes offrent la s\u00e9curit\u00e9 n\u00e9cessaire, garantissant que le b\u00e2illon reste en place, tout en offrant la flexibilit\u00e9 de s&#039;adapter \u00e0 un large \u00e9ventail de tailles et de pr\u00e9f\u00e9rences.<\/p>\n\n\n\n<p><strong>Esth\u00e9tique subtile<\/strong>: Con\u00e7u avec un design minimaliste, cet ensemble offre un look \u00e9l\u00e9gant et discret, lui permettant d&#039;\u00eatre une introduction douce au jeu gag.<\/p>\n\n\n\n<p><strong>Construction de qualit\u00e9<\/strong>: Fabriqu\u00e9 \u00e0 partir de mat\u00e9riaux de haute qualit\u00e9, ce gag est con\u00e7u pour r\u00e9sister \u00e0 l&#039;\u00e9preuve du temps et du jeu, offrant une option durable aux d\u00e9taillants.<\/p>\n\n\n\n<p>Organisez une s\u00e9lection adapt\u00e9e aux d\u00e9butants dans votre magasin avec notre <strong>Ensemble de b\u00e2illon-boule d&#039;introduction<\/strong>. Disponible \u00e0 la commande via notre <a href=\"https:\/\/gretasexylingerie.com\/fr\/service-de-lingerie-dropshipping\/\">service de livraison directe<\/a>, offrent une option s\u00fbre et invitante \u00e0 ceux qui souhaitent am\u00e9liorer leurs exp\u00e9riences sensorielles. Offrez le frisson des murmures sourds et des respirations contr\u00f4l\u00e9es\u00a0; ajoutez cet essentiel \u00e0 vos offres aujourd&#039;hui.<\/p>","protected":false},"excerpt":{"rendered":"<p>Accueillez les nouveaux arrivants dans le monde du jeu de retenue avec ce <strong>b\u00e2illon-boule pour d\u00e9butants<\/strong>. Con\u00e7u pour le confort et le contr\u00f4le, ce gag est un incontournable pour ceux qui commencent leur voyage d&#039;exploration.<\/p>","protected":false},"featured_media":50944,"template":"","meta":[],"product_brand":[],"product_cat":[1059,1064],"product_tag":[],"class_list":{"0":"post-50945","1":"product","2":"type-product","3":"status-publish","4":"has-post-thumbnail","6":"product_cat-wholesale-bondage-equipment","7":"product_cat-wholesale-gag-gifts","8":"pa_color-black","9":"pa_size-free","11":"first","12":"instock","13":"taxable","14":"shipping-taxable","15":"purchasable","16":"product-type-variable"},"tiered_pricing_type":"fixed","tiered_pricing_fixed_rules":[],"tiered_pricing_product_settings":{"layout":"table","base_unit_name":{"singular":null,"plural":null},"default_variation":null},"tiered_pricing_minimum_quantity":null,"tiered_pricing_roles_data":[],"tiered_pricing_percentage_rules":[],"tiered_pricing_maximum_quantity":null,"tiered_pricing_quantity_step":null,"_links":{"self":[{"href":"https:\/\/gretasexylingerie.com\/fr\/wp-json\/wp\/v2\/product\/50945","targetHints":{"allow":["GET"]}}],"collection":[{"href":"https:\/\/gretasexylingerie.com\/fr\/wp-json\/wp\/v2\/product"}],"about":[{"href":"https:\/\/gretasexylingerie.com\/fr\/wp-json\/wp\/v2\/types\/product"}],"wp:featuredmedia":[{"embeddable":true,"href":"https:\/\/gretasexylingerie.com\/fr\/wp-json\/wp\/v2\/media\/50944"}],"wp:attachment":[{"href":"https:\/\/gretasexylingerie.com\/fr\/wp-json\/wp\/v2\/media?parent=50945"}],"wp:term":[{"taxonomy":"product_brand","embeddable":true,"href":"https:\/\/gretasexylingerie.com\/fr\/wp-json\/wp\/v2\/product_brand?post=50945"},{"taxonomy":"product_cat","embeddable":true,"href":"https:\/\/gretasexylingerie.com\/fr\/wp-json\/wp\/v2\/product_cat?post=50945"},{"taxonomy":"product_tag","embeddable":true,"href":"https:\/\/gretasexylingerie.com\/fr\/wp-json\/wp\/v2\/product_tag?post=50945"}],"curies":[{"name":"wp","href":"https:\/\/api.w.org\/{rel}","templated":true}]}}