{"id":50917,"date":"2024-04-20T21:24:47","date_gmt":"2024-04-20T13:24:47","guid":{"rendered":"https:\/\/gretasexylingerie.com\/?post_type=product&#038;p=50917"},"modified":"2024-04-20T21:39:10","modified_gmt":"2024-04-20T13:39:10","slug":"vente-en-gros-ensemble-soutien-gorge-et-culotte-push-up-au-charme-nautique","status":"publish","type":"product","link":"https:\/\/gretasexylingerie.com\/fr\/products\/wholesale-nautical-charm-push-up-bra-and-panties-set\/","title":{"rendered":"Vente en gros Ensemble soutien-gorge et culotte push-up \u00e0 charme nautique"},"content":{"rendered":"<p><strong>\u00c9l\u00e9gance maritime<\/strong>: La teinte bleu marine profonde de ce <strong>ensemble de soutien-gorge bleu<\/strong> rappelle les profondeurs oc\u00e9aniques, offrant un sentiment de myst\u00e8re et d&#039;aventure \u00e0 chaque pi\u00e8ce.<\/p>\n\n\n\n<p><strong>Lift et allure<\/strong>: Le <strong>soutien-gorge pigeonnant<\/strong> poss\u00e8de des bonnets qui offrent une portance et une forme exceptionnelles, assurant une silhouette \u00e9poustouflante sous n&#039;importe quel v\u00eatement.<\/p>\n\n\n\n<p><strong>Lien de beaut\u00e9<\/strong>: Intrigant <strong>soutien-gorge attach\u00e9, culotte<\/strong> pr\u00e9sentent des d\u00e9tails d&#039;inspiration nautique, avec des liens en forme de corde qui demandent \u00e0 \u00eatre d\u00e9m\u00eal\u00e9s, ajoutant un \u00e9l\u00e9ment interactif \u00e0 l&#039;ensemble.<\/p>\n\n\n\n<p><strong>Sous-v\u00eatements comme v\u00eatements d&#039;ext\u00e9rieur<\/strong>: Assez polyvalent pour \u00eatre superpos\u00e9 ou comme pi\u00e8ce autonome, le design de cet ensemble se pr\u00eate \u00e0 une multitude de styles, du boudoir \u00e0 la rue principale.<\/p>\n\n\n\n<p><strong>D\u00e9tails sophistiqu\u00e9s<\/strong>: Les d\u00e9tails dor\u00e9s ajoutent une touche de classe au tissu bleu marine, tandis que les panneaux transparents strat\u00e9giques jouent un jeu de r\u00e9v\u00e9lation et de dissimulation.<\/p>\n\n\n\n<p>Naviguez votre boutique vers de nouveaux horizons avec notre <strong>ensemble de sous-v\u00eatements soutien-gorge push-up<\/strong>. Offrez cette fantaisie maritime \u00e0 ceux qui appr\u00e9cient le charme du bleu profond, associ\u00e9 \u00e0 une envie de design ludique mais sophistiqu\u00e9. Disponible d\u00e8s maintenant via notre <a href=\"https:\/\/gretasexylingerie.com\/fr\/service-de-lingerie-dropshipping\/\">service de livraison directe<\/a>, cet ensemble peut \u00eatre le v\u00f4tre sans minimum de commande. Tracez la voie vers une \u00e9l\u00e9gance et un ordre \u00e9lev\u00e9s d\u00e8s aujourd&#039;hui.<\/p>\n\n\n\n<figure class=\"wp-block-table\">\n<table>\n<tbody>\n<tr>\n<td class=\"has-text-align-center\" colspan=\"6\" data-align=\"center\"><strong>Tableau des tailles (CM)<\/strong><\/td>\n<\/tr>\n<tr>\n<td class=\"has-text-align-center\" data-align=\"center\"><strong>Taille<\/strong><\/td>\n<td class=\"has-text-align-center\" data-align=\"center\"><strong>Buste (cm)<\/strong><\/td>\n<td class=\"has-text-align-center\" data-align=\"center\"><strong>Longueur (cm)<\/strong><\/td>\n<td class=\"has-text-align-center\" data-align=\"center\"><strong>Taille (cm)<\/strong><\/td>\n<td class=\"has-text-align-center\" data-align=\"center\"><strong>Longueur du pantalon (cm)<\/strong><\/td>\n<td class=\"has-text-align-center\" data-align=\"center\"><strong>Taille de la jarreti\u00e8re (cm)<\/strong><\/td>\n<\/tr>\n<tr>\n<td class=\"has-text-align-center\" data-align=\"center\">S<\/td>\n<td class=\"has-text-align-center\" data-align=\"center\">68-86<\/td>\n<td class=\"has-text-align-center\" data-align=\"center\">15.5<\/td>\n<td class=\"has-text-align-center\" data-align=\"center\">68-96<\/td>\n<td class=\"has-text-align-center\" data-align=\"center\">24.5<\/td>\n<td class=\"has-text-align-center\" data-align=\"center\">64-86<\/td>\n<\/tr>\n<tr>\n<td class=\"has-text-align-center\" data-align=\"center\">M<\/td>\n<td class=\"has-text-align-center\" data-align=\"center\">72-90<\/td>\n<td class=\"has-text-align-center\" data-align=\"center\">16.5<\/td>\n<td class=\"has-text-align-center\" data-align=\"center\">72-100<\/td>\n<td class=\"has-text-align-center\" data-align=\"center\">25.5<\/td>\n<td class=\"has-text-align-center\" data-align=\"center\">68-90<\/td>\n<\/tr>\n<tr>\n<td class=\"has-text-align-center\" data-align=\"center\">L<\/td>\n<td class=\"has-text-align-center\" data-align=\"center\">76-94<\/td>\n<td class=\"has-text-align-center\" data-align=\"center\">17.5<\/td>\n<td class=\"has-text-align-center\" data-align=\"center\">76-104<\/td>\n<td class=\"has-text-align-center\" data-align=\"center\">26.5<\/td>\n<td class=\"has-text-align-center\" data-align=\"center\">72-94<\/td>\n<\/tr>\n<\/tbody>\n<\/table>\n<\/figure>\n\n\n\n<figure class=\"wp-block-table\">\n<table>\n<tbody>\n<tr>\n<td class=\"has-text-align-center\" colspan=\"6\" data-align=\"center\"><strong>Tableau des tailles (POUCES)<\/strong><\/td>\n<\/tr>\n<tr>\n<td class=\"has-text-align-center\" data-align=\"center\"><strong>Taille<\/strong><\/td>\n<td class=\"has-text-align-center\" data-align=\"center\"><strong>Buste (en)<\/strong><\/td>\n<td class=\"has-text-align-center\" data-align=\"center\"><strong>Longueur (po)<\/strong><\/td>\n<td class=\"has-text-align-center\" data-align=\"center\"><strong>Taille (po)<\/strong><\/td>\n<td class=\"has-text-align-center\" data-align=\"center\"><strong>Longueur du pantalon (po)<\/strong><\/td>\n<td class=\"has-text-align-center\" data-align=\"center\"><strong>Taille de la jarreti\u00e8re (po)<\/strong><\/td>\n<\/tr>\n<tr>\n<td class=\"has-text-align-center\" data-align=\"center\">S<\/td>\n<td class=\"has-text-align-center\" data-align=\"center\">26.8-33.9<\/td>\n<td class=\"has-text-align-center\" data-align=\"center\">6.1<\/td>\n<td class=\"has-text-align-center\" data-align=\"center\">26.8-37.8<\/td>\n<td class=\"has-text-align-center\" data-align=\"center\">9.6<\/td>\n<td class=\"has-text-align-center\" data-align=\"center\">25.2-33.9<\/td>\n<\/tr>\n<tr>\n<td class=\"has-text-align-center\" data-align=\"center\">M<\/td>\n<td class=\"has-text-align-center\" data-align=\"center\">28.3-35.4<\/td>\n<td class=\"has-text-align-center\" data-align=\"center\">6.5<\/td>\n<td class=\"has-text-align-center\" data-align=\"center\">28.3-39.4<\/td>\n<td class=\"has-text-align-center\" data-align=\"center\">10.0<\/td>\n<td class=\"has-text-align-center\" data-align=\"center\">26.8-35.4<\/td>\n<\/tr>\n<tr>\n<td class=\"has-text-align-center\" data-align=\"center\">L<\/td>\n<td class=\"has-text-align-center\" data-align=\"center\">29.9-37.0<\/td>\n<td class=\"has-text-align-center\" data-align=\"center\">6.9<\/td>\n<td class=\"has-text-align-center\" data-align=\"center\">29.9-40.9<\/td>\n<td class=\"has-text-align-center\" data-align=\"center\">10.4<\/td>\n<td class=\"has-text-align-center\" data-align=\"center\">28.3-37.0<\/td>\n<\/tr>\n<\/tbody>\n<\/table>\n<\/figure>","protected":false},"excerpt":{"rendered":"<p>Embarquez sur une mer de style avec ce s\u00e9duisant <strong>ensemble de soutien-gorge bleu<\/strong>, avec un design push-up qui \u00e9l\u00e8ve et accentue. Ce <strong>soutien-gorge attach\u00e9, culotte<\/strong> la combinaison est une c\u00e9l\u00e9bration de la forme et de la fonction.<\/p>","protected":false},"featured_media":50916,"template":"","meta":[],"product_brand":[],"product_cat":[368,367,375],"product_tag":[868,448,518],"class_list":{"0":"post-50917","1":"product","2":"type-product","3":"status-publish","4":"has-post-thumbnail","6":"product_cat-bra-panty-set","7":"product_cat-sexy-lingerie","8":"product_cat-whoelsale-sheer-bra-and-panty-sets","9":"product_tag-4-piece-lingerie-set","10":"product_tag-wholesale-elegant-sexy-lingerie","11":"product_tag-mesh-lingerie","12":"pa_color-blue-women-sexy-lingerie","13":"pa_size-wholesale-large-size-women-sexy-lingerie","14":"pa_size-wholesale-medium-size-women-sexy-lingerie","15":"pa_size-wholesale-small-size-sexy-lingerie","17":"first","18":"instock","19":"taxable","20":"shipping-taxable","21":"purchasable","22":"product-type-variable"},"tiered_pricing_type":"fixed","tiered_pricing_fixed_rules":[],"tiered_pricing_product_settings":{"layout":"table","base_unit_name":{"singular":null,"plural":null},"default_variation":null},"tiered_pricing_minimum_quantity":null,"tiered_pricing_roles_data":[],"tiered_pricing_percentage_rules":[],"tiered_pricing_maximum_quantity":null,"tiered_pricing_quantity_step":null,"_links":{"self":[{"href":"https:\/\/gretasexylingerie.com\/fr\/wp-json\/wp\/v2\/product\/50917","targetHints":{"allow":["GET"]}}],"collection":[{"href":"https:\/\/gretasexylingerie.com\/fr\/wp-json\/wp\/v2\/product"}],"about":[{"href":"https:\/\/gretasexylingerie.com\/fr\/wp-json\/wp\/v2\/types\/product"}],"wp:featuredmedia":[{"embeddable":true,"href":"https:\/\/gretasexylingerie.com\/fr\/wp-json\/wp\/v2\/media\/50916"}],"wp:attachment":[{"href":"https:\/\/gretasexylingerie.com\/fr\/wp-json\/wp\/v2\/media?parent=50917"}],"wp:term":[{"taxonomy":"product_brand","embeddable":true,"href":"https:\/\/gretasexylingerie.com\/fr\/wp-json\/wp\/v2\/product_brand?post=50917"},{"taxonomy":"product_cat","embeddable":true,"href":"https:\/\/gretasexylingerie.com\/fr\/wp-json\/wp\/v2\/product_cat?post=50917"},{"taxonomy":"product_tag","embeddable":true,"href":"https:\/\/gretasexylingerie.com\/fr\/wp-json\/wp\/v2\/product_tag?post=50917"}],"curies":[{"name":"wp","href":"https:\/\/api.w.org\/{rel}","templated":true}]}}