{"id":50902,"date":"2024-04-20T21:23:38","date_gmt":"2024-04-20T13:23:38","guid":{"rendered":"https:\/\/gretasexylingerie.com\/?post_type=product&#038;p=50902"},"modified":"2024-04-20T21:35:46","modified_gmt":"2024-04-20T13:35:46","slug":"vente-en-gros-ensemble-bralette-transparente-a-pois-azur","status":"publish","type":"product","link":"https:\/\/gretasexylingerie.com\/fr\/products\/wholesale-azure-polka-dot-sheer-bralette-ensemble\/","title":{"rendered":"Ensemble bralette transparente \u00e0 pois azur en gros"},"content":{"rendered":"<p><strong>Charme \u00e9th\u00e9r\u00e9<\/strong>: Le <strong>ensemble soutien-gorge \u00e0 pois<\/strong> pr\u00e9sente des points fantaisistes parsem\u00e9s sur une toile de fond transparente, mariant l&#039;innocence avec une touche de malice.<\/p>\n\n\n\n<p><strong>Pure sophistication<\/strong>: Con\u00e7u pour les audacieux, le tissu diaphane du <strong>ensemble brassi\u00e8re transparent<\/strong> offre un aper\u00e7u de l&#039;allure, tandis que le motif \u00e0 pois conserve un air d&#039;\u00e9l\u00e9gance ludique.<\/p>\n\n\n\n<p><strong>S\u00e9duction Saphir<\/strong>: Envelopp\u00e9 dans un bleu riche, ce <strong>ensemble soutien-gorge et culotte bleu<\/strong> est un clin d&#039;\u0153il \u00e0 la fois au style classique et \u00e0 la sensualit\u00e9 contemporaine, ce qui en fait un ajout polyvalent \u00e0 toute collection de lingerie.<\/p>\n\n\n\n<p><strong>Fondations coquettes<\/strong>: La bralette et la culotte de l&#039;ensemble sont dot\u00e9es d&#039;un tissu d\u00e9licat qui ressemble \u00e0 une seconde peau, assurant un confort sans compromettre l&#039;attrait s\u00e9duisant.<\/p>\n\n\n\n<p><strong>Pr\u00eat pour la vente au d\u00e9tail<\/strong>: Arrivez pr\u00eat \u00e0 captiver votre client\u00e8le avec cet ensemble, gr\u00e2ce \u00e0 notre <a href=\"https:\/\/gretasexylingerie.com\/fr\/service-de-lingerie-dropshipping\/\">service de livraison directe<\/a> qui offre des solutions de stockage sans effort, sans quantit\u00e9 minimale de commande.<\/p>\n\n\n\n<p>Ajoutez une touche d&#039;allure ludique \u00e0 votre s\u00e9lection avec notre <strong>Ensemble bralette transparente \u00e0 pois Azure<\/strong>. Invitez vos clients \u00e0 adopter leur c\u00f4t\u00e9 flirt avec une touche de transparence. Passez votre commande aujourd&#039;hui et laissez le jeu de cache-cache commencer avec sophistication et style.<\/p>\n\n\n\n<figure class=\"wp-block-table\">\n<table>\n<tbody>\n<tr>\n<td class=\"has-text-align-center\" colspan=\"5\" data-align=\"center\"><strong>Tableau des tailles (CM)<\/strong><\/td>\n<\/tr>\n<tr>\n<td class=\"has-text-align-center\" data-align=\"center\"><strong>Taille<\/strong><\/td>\n<td class=\"has-text-align-center\" data-align=\"center\"><strong>Sous le buste (cm)<\/strong><\/td>\n<td class=\"has-text-align-center\" data-align=\"center\"><strong>Taille jarreti\u00e8re (cm)<\/strong><\/td>\n<td class=\"has-text-align-center\" data-align=\"center\"><strong>Taille de la culotte (cm)<\/strong><\/td>\n<td class=\"has-text-align-center\" data-align=\"center\"><strong>Longueur de la culotte (cm)<\/strong><\/td>\n<\/tr>\n<tr>\n<td class=\"has-text-align-center\" data-align=\"center\">S<\/td>\n<td class=\"has-text-align-center\" data-align=\"center\">60-76<\/td>\n<td class=\"has-text-align-center\" data-align=\"center\">60<\/td>\n<td class=\"has-text-align-center\" data-align=\"center\">64<\/td>\n<td class=\"has-text-align-center\" data-align=\"center\">20<\/td>\n<\/tr>\n<tr>\n<td class=\"has-text-align-center\" data-align=\"center\">M<\/td>\n<td class=\"has-text-align-center\" data-align=\"center\">64-80<\/td>\n<td class=\"has-text-align-center\" data-align=\"center\">64<\/td>\n<td class=\"has-text-align-center\" data-align=\"center\">68<\/td>\n<td class=\"has-text-align-center\" data-align=\"center\">21<\/td>\n<\/tr>\n<tr>\n<td class=\"has-text-align-center\" data-align=\"center\">L<\/td>\n<td class=\"has-text-align-center\" data-align=\"center\">68-84<\/td>\n<td class=\"has-text-align-center\" data-align=\"center\">68<\/td>\n<td class=\"has-text-align-center\" data-align=\"center\">72<\/td>\n<td class=\"has-text-align-center\" data-align=\"center\">22<\/td>\n<\/tr>\n<\/tbody>\n<\/table>\n<\/figure>\n\n\n\n<figure class=\"wp-block-table\">\n<table>\n<tbody>\n<tr>\n<td class=\"has-text-align-center\" colspan=\"5\" data-align=\"center\"><strong>Tableau des tailles (POUCES)<\/strong><\/td>\n<\/tr>\n<tr>\n<td class=\"has-text-align-center\" data-align=\"center\"><strong>Taille<\/strong><\/td>\n<td class=\"has-text-align-center\" data-align=\"center\"><strong>Sous le buste (po)<\/strong><\/td>\n<td class=\"has-text-align-center\" data-align=\"center\"><strong>Taille jarreti\u00e8re (po)<\/strong><\/td>\n<td class=\"has-text-align-center\" data-align=\"center\"><strong>Taille de culotte (po)<\/strong><\/td>\n<td class=\"has-text-align-center\" data-align=\"center\"><strong>Longueur de la culotte (po)<\/strong><\/td>\n<\/tr>\n<tr>\n<td class=\"has-text-align-center\" data-align=\"center\">S<\/td>\n<td class=\"has-text-align-center\" data-align=\"center\">23.6-29.9<\/td>\n<td class=\"has-text-align-center\" data-align=\"center\">23.6<\/td>\n<td class=\"has-text-align-center\" data-align=\"center\">25.2<\/td>\n<td class=\"has-text-align-center\" data-align=\"center\">7.9<\/td>\n<\/tr>\n<tr>\n<td class=\"has-text-align-center\" data-align=\"center\">M<\/td>\n<td class=\"has-text-align-center\" data-align=\"center\">25.2-31.5<\/td>\n<td class=\"has-text-align-center\" data-align=\"center\">25.2<\/td>\n<td class=\"has-text-align-center\" data-align=\"center\">26.8<\/td>\n<td class=\"has-text-align-center\" data-align=\"center\">8.3<\/td>\n<\/tr>\n<tr>\n<td class=\"has-text-align-center\" data-align=\"center\">L<\/td>\n<td class=\"has-text-align-center\" data-align=\"center\">26.8-33.1<\/td>\n<td class=\"has-text-align-center\" data-align=\"center\">26.8<\/td>\n<td class=\"has-text-align-center\" data-align=\"center\">28.3<\/td>\n<td class=\"has-text-align-center\" data-align=\"center\">8.7<\/td>\n<\/tr>\n<\/tbody>\n<\/table>\n<\/figure>","protected":false},"excerpt":{"rendered":"<p>Plongez dans une esth\u00e9tique ludique mais provocante avec notre <strong>ensemble soutien-gorge \u00e0 pois<\/strong>. C&#039;est all\u00e9chant <strong>ensemble brassi\u00e8re transparent<\/strong> dans une d\u00e9licieuse teinte bleue, combine des motifs intemporels avec une touche moderne audacieuse.<\/p>","protected":false},"featured_media":50899,"template":"","meta":[],"product_brand":[],"product_cat":[368,367,375],"product_tag":[507,518,446,865],"class_list":{"0":"post-50902","1":"product","2":"type-product","3":"status-publish","4":"has-post-thumbnail","6":"product_cat-bra-panty-set","7":"product_cat-sexy-lingerie","8":"product_cat-whoelsale-sheer-bra-and-panty-sets","9":"product_tag-three-pcs-set","10":"product_tag-mesh-lingerie","11":"product_tag-wholesale-sexy-see-through-lingerie","12":"product_tag-sexy-skimpy-lingerie","13":"pa_color-blue-women-sexy-lingerie","14":"pa_size-wholesale-large-size-women-sexy-lingerie","15":"pa_size-wholesale-medium-size-women-sexy-lingerie","16":"pa_size-wholesale-small-size-sexy-lingerie","18":"first","19":"instock","20":"taxable","21":"shipping-taxable","22":"purchasable","23":"product-type-variable"},"tiered_pricing_type":"fixed","tiered_pricing_fixed_rules":[],"tiered_pricing_product_settings":{"layout":"table","base_unit_name":{"singular":null,"plural":null},"default_variation":null},"tiered_pricing_minimum_quantity":null,"tiered_pricing_roles_data":[],"tiered_pricing_percentage_rules":[],"tiered_pricing_maximum_quantity":null,"tiered_pricing_quantity_step":null,"_links":{"self":[{"href":"https:\/\/gretasexylingerie.com\/fr\/wp-json\/wp\/v2\/product\/50902","targetHints":{"allow":["GET"]}}],"collection":[{"href":"https:\/\/gretasexylingerie.com\/fr\/wp-json\/wp\/v2\/product"}],"about":[{"href":"https:\/\/gretasexylingerie.com\/fr\/wp-json\/wp\/v2\/types\/product"}],"wp:featuredmedia":[{"embeddable":true,"href":"https:\/\/gretasexylingerie.com\/fr\/wp-json\/wp\/v2\/media\/50899"}],"wp:attachment":[{"href":"https:\/\/gretasexylingerie.com\/fr\/wp-json\/wp\/v2\/media?parent=50902"}],"wp:term":[{"taxonomy":"product_brand","embeddable":true,"href":"https:\/\/gretasexylingerie.com\/fr\/wp-json\/wp\/v2\/product_brand?post=50902"},{"taxonomy":"product_cat","embeddable":true,"href":"https:\/\/gretasexylingerie.com\/fr\/wp-json\/wp\/v2\/product_cat?post=50902"},{"taxonomy":"product_tag","embeddable":true,"href":"https:\/\/gretasexylingerie.com\/fr\/wp-json\/wp\/v2\/product_tag?post=50902"}],"curies":[{"name":"wp","href":"https:\/\/api.w.org\/{rel}","templated":true}]}}