{"id":50885,"date":"2024-04-20T21:22:19","date_gmt":"2024-04-20T13:22:19","guid":{"rendered":"https:\/\/gretasexylingerie.com\/?post_type=product&#038;p=50885"},"modified":"2024-04-21T12:21:33","modified_gmt":"2024-04-21T04:21:33","slug":"vente-en-gros-baillon-balle-silhouette-de-luxe","status":"publish","type":"product","link":"https:\/\/gretasexylingerie.com\/fr\/products\/wholesale-deluxe-silhouette-ball-gag\/","title":{"rendered":"Vente en gros B\u00e2illon Boule Silhouette Deluxe"},"content":{"rendered":"<p><strong>Discours retenu<\/strong>: Notre <strong>s&amp;m gag<\/strong> est con\u00e7u pour \u00e9touffer les sons de la soumission. La boule en silicone reste bien en place, assurant une communication claire du contr\u00f4le sans un mot.<\/p>\n\n\n\n<p><strong>Suppression sensuelle<\/strong>: Sp\u00e9cialement con\u00e7u pour le confort d&#039;une femme, ce <strong>b\u00e2illon-boule pour femme<\/strong> pr\u00e9sente une conception de sangle profil\u00e9e qui s&#039;adapte gracieusement tout en conservant son objectif.<\/p>\n\n\n\n<p><strong>Construction sup\u00e9rieure<\/strong>: Fabriqu\u00e9 \u00e0 partir de mat\u00e9riaux haut de gamme, ce <strong>b\u00e2illon-boule de haute qualit\u00e9<\/strong> est \u00e0 la fois durable et sans danger pour le corps, offrant une tranquillit\u00e9 d&#039;esprit ainsi qu&#039;un plaisir intense.<\/p>\n\n\n\n<p><strong>Assurance r\u00e9glable<\/strong>: Avec sa sangle r\u00e9glable et sa boucle s\u00e9curis\u00e9e, le b\u00e2illon peut \u00eatre personnalis\u00e9 pour s&#039;adapter \u00e0 n&#039;importe quel porteur, permettant un jeu prolong\u00e9 sans compromis sur la s\u00e9curit\u00e9 ou le confort.<\/p>\n\n\n\n<p><strong>Esth\u00e9tique \u00e9l\u00e9gante<\/strong>: Le design noir \u00e9l\u00e9gant d\u00e9gage un air de domination sophistiqu\u00e9e, ce qui en fait un ajout \u00e9l\u00e9gant \u00e0 toute s\u00e9ance ou collection S&amp;M.<\/p>\n\n\n\n<p>\u00c9levez l&#039;exp\u00e9rience sensorielle avec notre <strong>B\u00e2illon boule Silhouette de luxe<\/strong>, disponible d\u00e8s maintenant pour votre client\u00e8le exigeante. Gr\u00e2ce \u00e0 notre <a href=\"https:\/\/gretasexylingerie.com\/fr\/service-de-lingerie-dropshipping\/\">service de livraison directe<\/a>, vous pouvez proposer cette pi\u00e8ce de retenue exquise sans avoir besoin de stocker, garantissant ainsi un acc\u00e8s imm\u00e9diat \u00e0 vos clients. Perfectionnez l\u2019art de la conversation silencieuse \u2013 commandez d\u00e8s aujourd\u2019hui.<\/p>","protected":false},"excerpt":{"rendered":"<p>Introduisez l&#039;\u00e9loquence silencieuse \u00e0 votre collection S&amp;M avec notre <strong>b\u00e2illon-boule de haute qualit\u00e9<\/strong>. Parfait pour ceux qui recherchent un m\u00e9lange harmonieux de confort et de retenue, ce b\u00e2illon est con\u00e7u pour les passionn\u00e9s exigeants.<\/p>","protected":false},"featured_media":50880,"template":"","meta":[],"product_brand":[],"product_cat":[1059,1064],"product_tag":[],"class_list":{"0":"post-50885","1":"product","2":"type-product","3":"status-publish","4":"has-post-thumbnail","6":"product_cat-wholesale-bondage-equipment","7":"product_cat-wholesale-gag-gifts","8":"pa_color-black","9":"pa_size-free","11":"first","12":"instock","13":"taxable","14":"shipping-taxable","15":"purchasable","16":"product-type-variable"},"tiered_pricing_type":"fixed","tiered_pricing_fixed_rules":[],"tiered_pricing_product_settings":{"layout":"table","base_unit_name":{"singular":null,"plural":null},"default_variation":null},"tiered_pricing_minimum_quantity":null,"tiered_pricing_roles_data":[],"tiered_pricing_percentage_rules":[],"tiered_pricing_maximum_quantity":null,"tiered_pricing_quantity_step":null,"_links":{"self":[{"href":"https:\/\/gretasexylingerie.com\/fr\/wp-json\/wp\/v2\/product\/50885","targetHints":{"allow":["GET"]}}],"collection":[{"href":"https:\/\/gretasexylingerie.com\/fr\/wp-json\/wp\/v2\/product"}],"about":[{"href":"https:\/\/gretasexylingerie.com\/fr\/wp-json\/wp\/v2\/types\/product"}],"wp:featuredmedia":[{"embeddable":true,"href":"https:\/\/gretasexylingerie.com\/fr\/wp-json\/wp\/v2\/media\/50880"}],"wp:attachment":[{"href":"https:\/\/gretasexylingerie.com\/fr\/wp-json\/wp\/v2\/media?parent=50885"}],"wp:term":[{"taxonomy":"product_brand","embeddable":true,"href":"https:\/\/gretasexylingerie.com\/fr\/wp-json\/wp\/v2\/product_brand?post=50885"},{"taxonomy":"product_cat","embeddable":true,"href":"https:\/\/gretasexylingerie.com\/fr\/wp-json\/wp\/v2\/product_cat?post=50885"},{"taxonomy":"product_tag","embeddable":true,"href":"https:\/\/gretasexylingerie.com\/fr\/wp-json\/wp\/v2\/product_tag?post=50885"}],"curies":[{"name":"wp","href":"https:\/\/api.w.org\/{rel}","templated":true}]}}