{"id":50877,"date":"2024-04-20T21:21:49","date_gmt":"2024-04-20T13:21:49","guid":{"rendered":"https:\/\/gretasexylingerie.com\/?post_type=product&#038;p=50877"},"modified":"2024-04-21T12:18:07","modified_gmt":"2024-04-21T04:18:07","slug":"vente-en-gros-fouet-en-cuir-vegetalien-bicolore-exquis","status":"publish","type":"product","link":"https:\/\/gretasexylingerie.com\/fr\/products\/wholesale-exquisite-dual-tone-vegan-leather-flogger\/","title":{"rendered":"Flogger exquis en cuir v\u00e9g\u00e9talien bicolore en gros"},"content":{"rendered":"<p><strong>Esth\u00e9tique artisanale<\/strong>: D\u00e9couvrez la finesse de nos <strong>fouet haut de gamme<\/strong>, avec un tissage rouge et noir saisissant qui exige l&#039;attention et respire la puissance.<\/p>\n\n\n\n<p><strong>\u00c9l\u00e9gance \u00e9thique<\/strong>: Compos\u00e9 de cuir v\u00e9g\u00e9talien de premi\u00e8re qualit\u00e9, ce fouet t\u00e9moigne d&#039;un savoir-faire responsable, offrant un ajout sans culpabilit\u00e9 \u00e0 l&#039;arsenal de toute dominatrice.<\/p>\n\n\n\n<p><strong>Ma\u00eetrise sensorielle<\/strong>: Con\u00e7us pour ceux qui commandent avec un toucher tactile, les m\u00e8ches souples offrent un claquement satisfaisant ou une douce caresse, polyvalentes pour un jeu nuanc\u00e9.<\/p>\n\n\n\n<p><strong>Conception \u00e9quilibr\u00e9e<\/strong>: La poign\u00e9e lest\u00e9e assure une prise en main confortable et un contr\u00f4le pr\u00e9cis, ce qui en fait <strong>fouet femdom<\/strong> une extension de l&#039;intention du porteur.<\/p>\n\n\n\n<p><strong>Un savoir-faire durable<\/strong>: La durabilit\u00e9 rencontre le design dans ce flogger, promettant une pr\u00e9sence durable dans toute collection d&#039;accessoires pour adultes exigeants.<\/p>\n\n\n\n<p>\u00c9levez les normes des offres de votre boutique avec notre bicolore <strong>fouet en cuir v\u00e9g\u00e9talien<\/strong>. Invitez votre client\u00e8le \u00e0 s\u2019adonner au luxe du contr\u00f4le et \u00e0 la beaut\u00e9 des choix \u00e9thiques. Gr\u00e2ce \u00e0 notre <a href=\"https:\/\/gretasexylingerie.com\/fr\/service-de-lingerie-dropshipping\/\">service de livraison directe<\/a>, acc\u00e9dez \u00e0 un monde o\u00f9 la qualit\u00e9 rencontre le d\u00e9sir, sans minimum de commande. Ajoutez cette pi\u00e8ce exquise \u00e0 votre s\u00e9lection et laissez les jeux de pouvoir et de plaisir commencer.<\/p>","protected":false},"excerpt":{"rendered":"<p>Affirmez votre domination avec gr\u00e2ce en utilisant notre <strong>fouet haut de gamme<\/strong>. Fabriqu\u00e9 \u00e0 partir de cuir v\u00e9g\u00e9talien de premi\u00e8re qualit\u00e9, cet essentiel femdom allie luxe \u00e9thique et performance sans compromis.<\/p>","protected":false},"featured_media":50868,"template":"","meta":[],"product_brand":[],"product_cat":[1059,1067],"product_tag":[],"class_list":{"0":"post-50877","1":"product","2":"type-product","3":"status-publish","4":"has-post-thumbnail","6":"product_cat-wholesale-bondage-equipment","7":"product_cat-wholesale-spanking-whips-paddles","8":"pa_color-red-women-sexy-lingerie","9":"pa_size-free","11":"first","12":"instock","13":"taxable","14":"shipping-taxable","15":"purchasable","16":"product-type-variable"},"tiered_pricing_type":"fixed","tiered_pricing_fixed_rules":[],"tiered_pricing_product_settings":{"layout":"table","base_unit_name":{"singular":null,"plural":null},"default_variation":null},"tiered_pricing_minimum_quantity":null,"tiered_pricing_roles_data":[],"tiered_pricing_percentage_rules":[],"tiered_pricing_maximum_quantity":null,"tiered_pricing_quantity_step":null,"_links":{"self":[{"href":"https:\/\/gretasexylingerie.com\/fr\/wp-json\/wp\/v2\/product\/50877","targetHints":{"allow":["GET"]}}],"collection":[{"href":"https:\/\/gretasexylingerie.com\/fr\/wp-json\/wp\/v2\/product"}],"about":[{"href":"https:\/\/gretasexylingerie.com\/fr\/wp-json\/wp\/v2\/types\/product"}],"wp:featuredmedia":[{"embeddable":true,"href":"https:\/\/gretasexylingerie.com\/fr\/wp-json\/wp\/v2\/media\/50868"}],"wp:attachment":[{"href":"https:\/\/gretasexylingerie.com\/fr\/wp-json\/wp\/v2\/media?parent=50877"}],"wp:term":[{"taxonomy":"product_brand","embeddable":true,"href":"https:\/\/gretasexylingerie.com\/fr\/wp-json\/wp\/v2\/product_brand?post=50877"},{"taxonomy":"product_cat","embeddable":true,"href":"https:\/\/gretasexylingerie.com\/fr\/wp-json\/wp\/v2\/product_cat?post=50877"},{"taxonomy":"product_tag","embeddable":true,"href":"https:\/\/gretasexylingerie.com\/fr\/wp-json\/wp\/v2\/product_tag?post=50877"}],"curies":[{"name":"wp","href":"https:\/\/api.w.org\/{rel}","templated":true}]}}