{"id":50859,"date":"2024-04-20T21:20:33","date_gmt":"2024-04-20T13:20:33","guid":{"rendered":"https:\/\/gretasexylingerie.com\/?post_type=product&#038;p=50859"},"modified":"2024-04-21T12:13:39","modified_gmt":"2024-04-21T04:13:39","slug":"vente-en-gros-fessee-en-cuir-de-luxe-pour-le-jeu-sensoriel","status":"publish","type":"product","link":"https:\/\/gretasexylingerie.com\/fr\/products\/wholesale-luxe-leather-spanker-for-sensory-play\/","title":{"rendered":"Fess\u00e9e en cuir de luxe en gros pour le jeu sensoriel"},"content":{"rendered":"<p>Introduisez une touche de gourmandise contr\u00f4l\u00e9e avec ce <strong>fess\u00e9e en cuir<\/strong>, une pi\u00e8ce cl\u00e9 pour toute collection exigeante de fouets SM. Ce fouet jouet pour adulte allie savoir-faire et confort, garantissant une exp\u00e9rience passionnante.<br>Con\u00e7u pour la pr\u00e9cision et la performance, ce <strong>fess\u00e9e en cuir<\/strong> est un incontournable pour ceux qui d\u00e9sirent qualit\u00e9 et fonctionnalit\u00e9 dans leur jeu d&#039;adulte. Son design tress\u00e9 ajoute non seulement \u00e0 son attrait esth\u00e9tique, mais offre \u00e9galement une prise en main confortable pour un meilleur contr\u00f4le lors de l&#039;utilisation.<\/p>\n\n\n\n<p>La boucle de poignet int\u00e9gr\u00e9e garantit que la fess\u00e9e reste en main, tandis que le cuir souple mais robuste offre un impact satisfaisant \u00e0 chaque utilisation. Que ce soit pour les d\u00e9butants explorant de nouvelles exp\u00e9riences ou pour les passionn\u00e9s qui compl\u00e8tent leur collection, cette fess\u00e9e constitue un outil polyvalent pour un large \u00e9ventail d&#039;activit\u00e9s pour adultes.<\/p>\n\n\n\n<p>Dans un souci de durabilit\u00e9, chaque pi\u00e8ce est con\u00e7ue pour r\u00e9sister aux rigueurs du jeu, en conservant son int\u00e9grit\u00e9 et son apparence au fil du temps. Cela en fait un excellent choix pour les d\u00e9taillants qui cherchent \u00e0 proposer \u00e0 leurs clients des fouets de jouets pour adultes durables.<\/p>\n\n\n\n<p>Associez-vous \u00e0 Greta Sexy Lingerie pour acc\u00e9der \u00e0 des produits SM de haute qualit\u00e9 sans les tracas de la gestion des stocks. Gr\u00e2ce \u00e0 notre <a href=\"https:\/\/gretasexylingerie.com\/fr\/service-de-lingerie-dropshipping\/\">service de livraison directe<\/a>, profitez de l&#039;avantage de fournir facilement \u00e0 vos clients les meilleurs jouets pour adultes.<\/p>\n\n\n\n<p>\u00c9levez votre gamme d&#039;accessoires intimes avec notre fess\u00e9e en cuir et assurez \u00e0 votre client\u00e8le un ajout haut de gamme \u00e0 leur collection personnelle. Commandez maintenant et laissez l&#039;exploration du plaisir commencer avec confiance et style.<\/p>","protected":false},"excerpt":{"rendered":"<p>D\u00e9couvrez le c\u00f4t\u00e9 raffin\u00e9 du plaisir avec ce <strong>fess\u00e9e en cuir<\/strong>, un incontournable dans le domaine des fouets SM. Con\u00e7u aussi bien pour les aguerris que pour les curieux, ce fouet allie qualit\u00e9 artisanale et sensations fortes de l&#039;exploration sensorielle.<\/p>","protected":false},"featured_media":50854,"template":"","meta":[],"product_brand":[],"product_cat":[1059,1067],"product_tag":[],"class_list":{"0":"post-50859","1":"product","2":"type-product","3":"status-publish","4":"has-post-thumbnail","6":"product_cat-wholesale-bondage-equipment","7":"product_cat-wholesale-spanking-whips-paddles","8":"pa_color-black","9":"pa_size-free","11":"first","12":"instock","13":"taxable","14":"shipping-taxable","15":"purchasable","16":"product-type-variable"},"tiered_pricing_type":"fixed","tiered_pricing_fixed_rules":[],"tiered_pricing_product_settings":{"layout":"table","base_unit_name":{"singular":null,"plural":null},"default_variation":null},"tiered_pricing_minimum_quantity":null,"tiered_pricing_roles_data":[],"tiered_pricing_percentage_rules":[],"tiered_pricing_maximum_quantity":null,"tiered_pricing_quantity_step":null,"_links":{"self":[{"href":"https:\/\/gretasexylingerie.com\/fr\/wp-json\/wp\/v2\/product\/50859","targetHints":{"allow":["GET"]}}],"collection":[{"href":"https:\/\/gretasexylingerie.com\/fr\/wp-json\/wp\/v2\/product"}],"about":[{"href":"https:\/\/gretasexylingerie.com\/fr\/wp-json\/wp\/v2\/types\/product"}],"wp:featuredmedia":[{"embeddable":true,"href":"https:\/\/gretasexylingerie.com\/fr\/wp-json\/wp\/v2\/media\/50854"}],"wp:attachment":[{"href":"https:\/\/gretasexylingerie.com\/fr\/wp-json\/wp\/v2\/media?parent=50859"}],"wp:term":[{"taxonomy":"product_brand","embeddable":true,"href":"https:\/\/gretasexylingerie.com\/fr\/wp-json\/wp\/v2\/product_brand?post=50859"},{"taxonomy":"product_cat","embeddable":true,"href":"https:\/\/gretasexylingerie.com\/fr\/wp-json\/wp\/v2\/product_cat?post=50859"},{"taxonomy":"product_tag","embeddable":true,"href":"https:\/\/gretasexylingerie.com\/fr\/wp-json\/wp\/v2\/product_tag?post=50859"}],"curies":[{"name":"wp","href":"https:\/\/api.w.org\/{rel}","templated":true}]}}