{"id":50761,"date":"2024-04-16T16:48:25","date_gmt":"2024-04-16T08:48:25","guid":{"rendered":"https:\/\/gretasexylingerie.com\/?post_type=product&#038;p=50761"},"modified":"2024-04-17T01:50:26","modified_gmt":"2024-04-16T17:50:26","slug":"vente-en-gros-ensemble-soutien-gorge-et-culotte-transparent-ombre-delicate","status":"publish","type":"product","link":"https:\/\/gretasexylingerie.com\/fr\/products\/wholesale-delicate-shadow-sheer-bra-and-panty-set\/","title":{"rendered":"Ensemble soutien-gorge et culotte transparent ombre d\u00e9licate en gros"},"content":{"rendered":"<p><strong>Murmures de dentelle<\/strong>: Le <strong>ensembles de sous-v\u00eatements en dentelle pour femmes<\/strong> nous proposons un \u00e9quilibre entre audace et gr\u00e2ce, avec la fine bordure en dentelle ajoutant une touche de beaut\u00e9 classique au tissu transparent audacieux.<\/p>\n\n\n\n<p><strong>Translucidit\u00e9 astucieuse<\/strong>: Cet ensemble exquis comprend un soutien-gorge et une culotte transparents qui jouent avec la visibilit\u00e9, offrant un aper\u00e7u all\u00e9chant tout en offrant une couverture \u00e9l\u00e9gante, incarnant l&#039;attrait de <strong>jolis ensembles de lingerie<\/strong>.<\/p>\n\n\n\n<p><strong>Silhouette profil\u00e9e<\/strong>: La construction r\u00e9fl\u00e9chie du soutien-gorge am\u00e9liore la forme naturelle, tandis que le design de la culotte s&#039;allonge et flatte, assurant un confort sans compromettre l&#039;attrait s\u00e9duisant de la lingerie.<\/p>\n\n\n\n<p><strong>D\u00e9tails en tulle ludiques<\/strong>: Un volant en tulle s\u00e9duisant ajoute une touche ludique \u00e0 l&#039;ensemble, cr\u00e9ant un jeu dynamique de textures et de formes qui ne manquera pas de s\u00e9duire.<\/p>\n\n\n\n<p><strong>Le r\u00eave du d\u00e9taillant<\/strong>: \u00c9quipez votre boutique de cet ensemble enchanteur, facilement approvisionn\u00e9 avec notre <a href=\"https:\/\/gretasexylingerie.com\/fr\/service-de-lingerie-dropshipping\/\">service de livraison directe<\/a>, offrant l&#039;attrait de la lingerie de luxe sans la n\u00e9cessit\u00e9 de d\u00e9tenir un inventaire.<\/p>\n\n\n\n<p>Invitez vos clients \u00e0 se draper dans l\u2019\u00e9l\u00e9gance de notre ensemble soutien-gorge et culotte Shadow Sheer. Parfaits pour ceux qui recherchent une touche de myst\u00e8re dans leur confort, ces ensembles sont une toile d\u2019expression personnelle. Associez-vous \u00e0 Greta Sexy Lingerie pour une lingerie qui parle avec de doux murmures d&#039;allure et de sophistication.<\/p>\n\n\n\n<figure class=\"wp-block-table\">\n<table>\n<tbody>\n<tr>\n<td class=\"has-text-align-center\" colspan=\"6\" data-align=\"center\"><strong>Tableau des tailles (CM)<\/strong><\/td>\n<\/tr>\n<tr>\n<td class=\"has-text-align-center\" data-align=\"center\"><strong>Taille<\/strong><\/td>\n<td class=\"has-text-align-center\" data-align=\"center\"><strong>Buste (cm)<\/strong><\/td>\n<td class=\"has-text-align-center\" data-align=\"center\"><strong>Longueur (cm)<\/strong><\/td>\n<td class=\"has-text-align-center\" data-align=\"center\"><strong>Tour de taille (cm)<\/strong><\/td>\n<td class=\"has-text-align-center\" data-align=\"center\"><strong>Longueur du pantalon (cm)<\/strong><\/td>\n<td class=\"has-text-align-center\" data-align=\"center\"><strong>Taille de la jarreti\u00e8re (cm)<\/strong><\/td>\n<\/tr>\n<tr>\n<td class=\"has-text-align-center\" data-align=\"center\">S<\/td>\n<td class=\"has-text-align-center\" data-align=\"center\">64-90<\/td>\n<td class=\"has-text-align-center\" data-align=\"center\">17<\/td>\n<td class=\"has-text-align-center\" data-align=\"center\">68-90<\/td>\n<td class=\"has-text-align-center\" data-align=\"center\">22<\/td>\n<td class=\"has-text-align-center\" data-align=\"center\">60-86<\/td>\n<\/tr>\n<tr>\n<td class=\"has-text-align-center\" data-align=\"center\">M<\/td>\n<td class=\"has-text-align-center\" data-align=\"center\">68-94<\/td>\n<td class=\"has-text-align-center\" data-align=\"center\">18<\/td>\n<td class=\"has-text-align-center\" data-align=\"center\">72-94<\/td>\n<td class=\"has-text-align-center\" data-align=\"center\">23<\/td>\n<td class=\"has-text-align-center\" data-align=\"center\">64-90<\/td>\n<\/tr>\n<tr>\n<td class=\"has-text-align-center\" data-align=\"center\">L<\/td>\n<td class=\"has-text-align-center\" data-align=\"center\">72-98<\/td>\n<td class=\"has-text-align-center\" data-align=\"center\">19<\/td>\n<td class=\"has-text-align-center\" data-align=\"center\">76-98<\/td>\n<td class=\"has-text-align-center\" data-align=\"center\">24<\/td>\n<td class=\"has-text-align-center\" data-align=\"center\">68-94<\/td>\n<\/tr>\n<\/tbody>\n<\/table>\n<\/figure>","protected":false},"excerpt":{"rendered":"<p>D\u00e9voilez l&#039;essence de la beaut\u00e9 discr\u00e8te avec ce <strong>soutiens-gorge et culottes transparents<\/strong> ensemble, un m\u00e9lange parfait de dentelle d\u00e9licate et de finesse transparente. Cet ensemble est la quintessence de <strong>jolis ensembles de lingerie<\/strong>, offrant un murmure d&#039;\u00e9l\u00e9gance \u00e0 chaque couche.<\/p>","protected":false},"featured_media":50740,"template":"","meta":[],"product_brand":[],"product_cat":[368,374,367,375],"product_tag":[868,452,541,875,446],"class_list":{"0":"post-50761","1":"product","2":"type-product","3":"status-publish","4":"has-post-thumbnail","6":"product_cat-bra-panty-set","7":"product_cat-wholesale-garter-belt-set","8":"product_cat-sexy-lingerie","9":"product_cat-whoelsale-sheer-bra-and-panty-sets","10":"product_tag-4-piece-lingerie-set","11":"product_tag-wholesale-boudoir-lingerie","12":"product_tag-fishnet-lingerie","13":"product_tag-lace-sexy-lingerie","14":"product_tag-wholesale-sexy-see-through-lingerie","15":"pa_color-black","16":"pa_color-red-women-sexy-lingerie","17":"pa_size-wholesale-large-size-women-sexy-lingerie","18":"pa_size-wholesale-medium-size-women-sexy-lingerie","19":"pa_size-wholesale-small-size-sexy-lingerie","21":"first","22":"instock","23":"taxable","24":"shipping-taxable","25":"purchasable","26":"product-type-variable"},"tiered_pricing_type":"fixed","tiered_pricing_fixed_rules":[],"tiered_pricing_product_settings":{"layout":"table","base_unit_name":{"singular":null,"plural":null},"default_variation":null},"tiered_pricing_minimum_quantity":null,"tiered_pricing_roles_data":[],"tiered_pricing_percentage_rules":[],"tiered_pricing_maximum_quantity":null,"tiered_pricing_quantity_step":null,"_links":{"self":[{"href":"https:\/\/gretasexylingerie.com\/fr\/wp-json\/wp\/v2\/product\/50761","targetHints":{"allow":["GET"]}}],"collection":[{"href":"https:\/\/gretasexylingerie.com\/fr\/wp-json\/wp\/v2\/product"}],"about":[{"href":"https:\/\/gretasexylingerie.com\/fr\/wp-json\/wp\/v2\/types\/product"}],"wp:featuredmedia":[{"embeddable":true,"href":"https:\/\/gretasexylingerie.com\/fr\/wp-json\/wp\/v2\/media\/50740"}],"wp:attachment":[{"href":"https:\/\/gretasexylingerie.com\/fr\/wp-json\/wp\/v2\/media?parent=50761"}],"wp:term":[{"taxonomy":"product_brand","embeddable":true,"href":"https:\/\/gretasexylingerie.com\/fr\/wp-json\/wp\/v2\/product_brand?post=50761"},{"taxonomy":"product_cat","embeddable":true,"href":"https:\/\/gretasexylingerie.com\/fr\/wp-json\/wp\/v2\/product_cat?post=50761"},{"taxonomy":"product_tag","embeddable":true,"href":"https:\/\/gretasexylingerie.com\/fr\/wp-json\/wp\/v2\/product_tag?post=50761"}],"curies":[{"name":"wp","href":"https:\/\/api.w.org\/{rel}","templated":true}]}}