{"id":50733,"date":"2024-04-16T16:47:04","date_gmt":"2024-04-16T08:47:04","guid":{"rendered":"https:\/\/gretasexylingerie.com\/?post_type=product&#038;p=50733"},"modified":"2024-04-17T01:43:36","modified_gmt":"2024-04-16T17:43:36","slug":"vente-en-gros-corset-en-dentelle-noire-allure-minuit","status":"publish","type":"product","link":"https:\/\/gretasexylingerie.com\/fr\/products\/wholesale-midnight-allure-black-lace-corset\/","title":{"rendered":"Vente en gros Corset en dentelle noire Midnight Allure"},"content":{"rendered":"<p><strong>Artisanat \u00e9l\u00e9gant<\/strong>: Le corset est une tapisserie de d\u00e9tails, avec des motifs de dentelle complexes cr\u00e9ant un superbe effet sur le tissu transparent, ce qui en fait <strong>bustier transparent<\/strong> un v\u00eatement de luxe et de style.<\/p>\n\n\n\n<p><strong>Con\u00e7u pour \u00e9blouir<\/strong>: La superposition exquise de dentelle noire sur ce bustier offre un d\u00e9licieux contraste avec la peau, offrant une exp\u00e9rience sensuelle \u00e0 la fois pour celle qui le porte et pour celle qui la regarde.<\/p>\n\n\n\n<p><strong>Contouring intemporel<\/strong>: Avec sa silhouette sculptante, ce corset se cintre et se courbe aux bons endroits, offrant une coupe flatteuse \u00e0 la fois confortable et captivante.<\/p>\n\n\n\n<p><strong>S\u00e9duction subtile<\/strong>: Ce <strong>haut bustier fantaisie<\/strong> est bord\u00e9 de d\u00e9tails fins qui murmurent de la classe, et les porte-jarretelles r\u00e9glables ajoutent une touche pratique \u00e0 sa forme s\u00e9duisante.<\/p>\n\n\n\n<p><strong>Excellence du commerce de d\u00e9tail<\/strong>: Profitez de la facilit\u00e9 de stocker cette superbe pi\u00e8ce gr\u00e2ce \u00e0 notre <a href=\"https:\/\/gretasexylingerie.com\/fr\/service-de-lingerie-dropshipping\/\">service de livraison directe<\/a>, ce qui garantit un ajout sans tracas \u00e0 votre collection sans avoir besoin de quantit\u00e9s minimales de commande.<\/p>\n\n\n\n<p>Organisez une s\u00e9lection qui respire l&#039;\u00e9l\u00e9gance avec notre <strong>Corset en dentelle noire Midnight Allure<\/strong>. Invitez vos clientes \u00e0 s&#039;envelopper dans l&#039;\u00e9treinte luxueuse de la dentelle, pr\u00eates \u00e0 jeter un sort enchanteur en toute occasion. Connectez-vous avec Greta Sexy Lingerie pour offrir cette pi\u00e8ce intemporelle qui allie romance classique et allure moderne.<\/p>\n\n\n\n<figure class=\"wp-block-table\">\n<table>\n<tbody>\n<tr>\n<td class=\"has-text-align-center\" colspan=\"5\" data-align=\"center\"><strong>Tableau des tailles (CM)<\/strong><\/td>\n<\/tr>\n<tr>\n<td class=\"has-text-align-center\" data-align=\"center\"><strong>Taille<\/strong><\/td>\n<td class=\"has-text-align-center\" data-align=\"center\"><strong>Buste (cm)<\/strong><\/td>\n<td class=\"has-text-align-center\" data-align=\"center\"><strong>Longueur (cm)<\/strong><\/td>\n<td class=\"has-text-align-center\" data-align=\"center\"><strong>Taille (cm)<\/strong><\/td>\n<td class=\"has-text-align-center\" data-align=\"center\"><strong>Longueur du pantalon (cm)<\/strong><\/td>\n<\/tr>\n<tr>\n<td class=\"has-text-align-center\" data-align=\"center\">S<\/td>\n<td class=\"has-text-align-center\" data-align=\"center\">69-80<\/td>\n<td class=\"has-text-align-center\" data-align=\"center\">39<\/td>\n<td class=\"has-text-align-center\" data-align=\"center\">70-96<\/td>\n<td class=\"has-text-align-center\" data-align=\"center\">23.5<\/td>\n<\/tr>\n<tr>\n<td class=\"has-text-align-center\" data-align=\"center\">M<\/td>\n<td class=\"has-text-align-center\" data-align=\"center\">73-84<\/td>\n<td class=\"has-text-align-center\" data-align=\"center\">41<\/td>\n<td class=\"has-text-align-center\" data-align=\"center\">74-100<\/td>\n<td class=\"has-text-align-center\" data-align=\"center\">24.5<\/td>\n<\/tr>\n<tr>\n<td class=\"has-text-align-center\" data-align=\"center\">L<\/td>\n<td class=\"has-text-align-center\" data-align=\"center\">77-88<\/td>\n<td class=\"has-text-align-center\" data-align=\"center\">43<\/td>\n<td class=\"has-text-align-center\" data-align=\"center\">78-104<\/td>\n<td class=\"has-text-align-center\" data-align=\"center\">25.5<\/td>\n<\/tr>\n<\/tbody>\n<\/table>\n<\/figure>\n\n\n\n<figure class=\"wp-block-table\">\n<table>\n<tbody>\n<tr>\n<td class=\"has-text-align-center\" colspan=\"5\" data-align=\"center\"><strong>Tableau des tailles (POUCES)<\/strong><\/td>\n<\/tr>\n<tr>\n<td class=\"has-text-align-center\" data-align=\"center\"><strong>Taille<\/strong><\/td>\n<td class=\"has-text-align-center\" data-align=\"center\"><strong>Buste (en)<\/strong><\/td>\n<td class=\"has-text-align-center\" data-align=\"center\"><strong>Longueur (po)<\/strong><\/td>\n<td class=\"has-text-align-center\" data-align=\"center\"><strong>Taille (po)<\/strong><\/td>\n<td class=\"has-text-align-center\" data-align=\"center\"><strong>Longueur du pantalon (po)<\/strong><\/td>\n<\/tr>\n<tr>\n<td class=\"has-text-align-center\" data-align=\"center\">S<\/td>\n<td class=\"has-text-align-center\" data-align=\"center\">27.17-31.50<\/td>\n<td class=\"has-text-align-center\" data-align=\"center\">15.35<\/td>\n<td class=\"has-text-align-center\" data-align=\"center\">27.56-37.80<\/td>\n<td class=\"has-text-align-center\" data-align=\"center\">9.25<\/td>\n<\/tr>\n<tr>\n<td class=\"has-text-align-center\" data-align=\"center\">M<\/td>\n<td class=\"has-text-align-center\" data-align=\"center\">28.74-33.07<\/td>\n<td class=\"has-text-align-center\" data-align=\"center\">16.14<\/td>\n<td class=\"has-text-align-center\" data-align=\"center\">29.13-39.37<\/td>\n<td class=\"has-text-align-center\" data-align=\"center\">9.65<\/td>\n<\/tr>\n<tr>\n<td class=\"has-text-align-center\" data-align=\"center\">L<\/td>\n<td class=\"has-text-align-center\" data-align=\"center\">30.31-34.65<\/td>\n<td class=\"has-text-align-center\" data-align=\"center\">16.93<\/td>\n<td class=\"has-text-align-center\" data-align=\"center\">30.71-40.94<\/td>\n<td class=\"has-text-align-center\" data-align=\"center\">10.04<\/td>\n<\/tr>\n<\/tbody>\n<\/table>\n<\/figure>","protected":false},"excerpt":{"rendered":"<p>Entrez dans une vision de sophistication avec ce <strong>haut bustier fantaisie<\/strong>, une composition en dentelle noire et allure transparente. Ce <strong>corset en dentelle noire<\/strong> est une c\u00e9l\u00e9bration de la s\u00e9duction artisanale, con\u00e7ue pour le connaisseur moderne de lingerie.<\/p>","protected":false},"featured_media":50720,"template":"","meta":[],"product_brand":[],"product_cat":[389,386,367],"product_tag":[452,880,865],"class_list":{"0":"post-50733","1":"product","2":"type-product","3":"status-publish","4":"has-post-thumbnail","6":"product_cat-wholesale-lace-bustier","7":"product_cat-sexy-bustiers","8":"product_cat-sexy-lingerie","9":"product_tag-wholesale-boudoir-lingerie","10":"product_tag-sexy-2-piece-lingerie","11":"product_tag-sexy-skimpy-lingerie","12":"pa_color-black","13":"pa_size-wholesale-large-size-women-sexy-lingerie","14":"pa_size-wholesale-medium-size-women-sexy-lingerie","15":"pa_size-wholesale-small-size-sexy-lingerie","17":"first","18":"instock","19":"taxable","20":"shipping-taxable","21":"purchasable","22":"product-type-variable"},"tiered_pricing_type":"fixed","tiered_pricing_fixed_rules":[],"tiered_pricing_product_settings":{"layout":"table","base_unit_name":{"singular":null,"plural":null},"default_variation":null},"tiered_pricing_minimum_quantity":null,"tiered_pricing_roles_data":[],"tiered_pricing_percentage_rules":[],"tiered_pricing_maximum_quantity":null,"tiered_pricing_quantity_step":null,"_links":{"self":[{"href":"https:\/\/gretasexylingerie.com\/fr\/wp-json\/wp\/v2\/product\/50733","targetHints":{"allow":["GET"]}}],"collection":[{"href":"https:\/\/gretasexylingerie.com\/fr\/wp-json\/wp\/v2\/product"}],"about":[{"href":"https:\/\/gretasexylingerie.com\/fr\/wp-json\/wp\/v2\/types\/product"}],"wp:featuredmedia":[{"embeddable":true,"href":"https:\/\/gretasexylingerie.com\/fr\/wp-json\/wp\/v2\/media\/50720"}],"wp:attachment":[{"href":"https:\/\/gretasexylingerie.com\/fr\/wp-json\/wp\/v2\/media?parent=50733"}],"wp:term":[{"taxonomy":"product_brand","embeddable":true,"href":"https:\/\/gretasexylingerie.com\/fr\/wp-json\/wp\/v2\/product_brand?post=50733"},{"taxonomy":"product_cat","embeddable":true,"href":"https:\/\/gretasexylingerie.com\/fr\/wp-json\/wp\/v2\/product_cat?post=50733"},{"taxonomy":"product_tag","embeddable":true,"href":"https:\/\/gretasexylingerie.com\/fr\/wp-json\/wp\/v2\/product_tag?post=50733"}],"curies":[{"name":"wp","href":"https:\/\/api.w.org\/{rel}","templated":true}]}}