{"id":50657,"date":"2024-04-16T16:43:07","date_gmt":"2024-04-16T08:43:07","guid":{"rendered":"https:\/\/gretasexylingerie.com\/?post_type=product&#038;p=50657"},"modified":"2024-04-17T01:25:36","modified_gmt":"2024-04-16T17:25:36","slug":"vente-en-gros-ensemble-de-lingerie-balconnet-transparent-murmure-a-la-lavande","status":"publish","type":"product","link":"https:\/\/gretasexylingerie.com\/fr\/products\/wholesale-lavender-whisper-sheer-balconette-lingerie-set\/","title":{"rendered":"Vente en gros Ensemble de lingerie balconnet transparent Whisper Lavande"},"content":{"rendered":"<p><strong>Fantaisie florale<\/strong>: Le motif complexe de dentelle florale transparente orne d\u00e9licatement le soutien-gorge et la culotte, offrant un aper\u00e7u de romance et d&#039;art qui transforme le corps en un jardin de beaut\u00e9 \u00e9th\u00e9r\u00e9e.<\/p>\n\n\n\n<p><strong>Charme de lavande douce<\/strong>: Habill\u00e9 d&#039;une douce teinte violette, cet ensemble de lingerie d\u00e9gage un sentiment de sophistication calme, permettant un r\u00e9cit de lingerie ludique mais compos\u00e9.<\/p>\n\n\n\n<p><strong>Brillance du balconnet<\/strong>: La structure du soutien-gorge balconnet offre une \u00e9treinte exaltante, mettant en valeur une silhouette flatteuse tout en restant fid\u00e8le au confort attendu d&#039;une lingerie luxueuse.<\/p>\n\n\n\n<p><strong>Puret\u00e9 subtile<\/strong>: Ce <strong>lingerie florale transparente<\/strong> L&#039;ensemble t\u00e9moigne de l&#039;attrait de ce qui est vu et invisible, avec son tissu translucide agissant comme un voile de mystique.<\/p>\n\n\n\n<p><strong>Ensemble Excellence<\/strong>: Offert avec notre efficace <a href=\"https:\/\/gretasexylingerie.com\/fr\/service-de-lingerie-dropshipping\/\">service de livraison directe<\/a>, cet ensemble est un jeu d&#039;enfant \u00e0 stocker, r\u00e9pondant au d\u00e9sir d&#039;\u00e9l\u00e9gance de votre client\u00e8le sans le fardeau d&#039;un inventaire exc\u00e9dentaire.<\/p>\n\n\n\n<p>Offrez l&#039;ensemble de lingerie balconnet transparent Lavender Whisper \u00e0 votre collection et regardez-le transformer vos d\u00e9sirs en r\u00e9alit\u00e9. Connectez-vous avec Greta Sexy Lingerie pour vous procurer cet ensemble, o\u00f9 chaque pi\u00e8ce en dit long \u00e0 travers le langage de la dentelle et du luxe.<\/p>\n\n\n\n<figure class=\"wp-block-table\">\n<table>\n<tbody>\n<tr>\n<td class=\"has-text-align-center\" colspan=\"6\" data-align=\"center\"><strong>Tableau des tailles (CM)<\/strong><\/td>\n<\/tr>\n<tr>\n<td class=\"has-text-align-center\" data-align=\"center\"><strong>Taille<\/strong><\/td>\n<td class=\"has-text-align-center\" data-align=\"center\"><strong>Buste (cm)<\/strong><\/td>\n<td class=\"has-text-align-center\" data-align=\"center\"><strong>Longueur (cm)<\/strong><\/td>\n<td class=\"has-text-align-center\" data-align=\"center\"><strong>Taille (cm)<\/strong><\/td>\n<td class=\"has-text-align-center\" data-align=\"center\"><strong>Longueur du pantalon (cm)<\/strong><\/td>\n<td class=\"has-text-align-center\" data-align=\"center\"><strong>Taille jarreti\u00e8re (cm)<\/strong><\/td>\n<\/tr>\n<tr>\n<td class=\"has-text-align-center\" data-align=\"center\">S<\/td>\n<td class=\"has-text-align-center\" data-align=\"center\">64<\/td>\n<td class=\"has-text-align-center\" data-align=\"center\">13<\/td>\n<td class=\"has-text-align-center\" data-align=\"center\">72<\/td>\n<td class=\"has-text-align-center\" data-align=\"center\">19.5<\/td>\n<td class=\"has-text-align-center\" data-align=\"center\">62<\/td>\n<\/tr>\n<tr>\n<td class=\"has-text-align-center\" data-align=\"center\">M<\/td>\n<td class=\"has-text-align-center\" data-align=\"center\">68<\/td>\n<td class=\"has-text-align-center\" data-align=\"center\">14<\/td>\n<td class=\"has-text-align-center\" data-align=\"center\">76<\/td>\n<td class=\"has-text-align-center\" data-align=\"center\">20.5<\/td>\n<td class=\"has-text-align-center\" data-align=\"center\">64<\/td>\n<\/tr>\n<tr>\n<td class=\"has-text-align-center\" data-align=\"center\">L<\/td>\n<td class=\"has-text-align-center\" data-align=\"center\">72<\/td>\n<td class=\"has-text-align-center\" data-align=\"center\">15<\/td>\n<td class=\"has-text-align-center\" data-align=\"center\">80<\/td>\n<td class=\"has-text-align-center\" data-align=\"center\">21.5<\/td>\n<td class=\"has-text-align-center\" data-align=\"center\">68<\/td>\n<\/tr>\n<\/tbody>\n<\/table>\n<\/figure>\n\n\n\n<figure class=\"wp-block-table\">\n<table>\n<tbody>\n<tr>\n<td class=\"has-text-align-center\" colspan=\"6\" data-align=\"center\"><strong>Tableau des tailles (POUCES)<\/strong><\/td>\n<\/tr>\n<tr>\n<td class=\"has-text-align-center\" data-align=\"center\"><strong>Taille<\/strong><\/td>\n<td class=\"has-text-align-center\" data-align=\"center\"><strong>Buste (en)<\/strong><\/td>\n<td class=\"has-text-align-center\" data-align=\"center\"><strong>Longueur (po)<\/strong><\/td>\n<td class=\"has-text-align-center\" data-align=\"center\"><strong>Taille (po)<\/strong><\/td>\n<td class=\"has-text-align-center\" data-align=\"center\"><strong>Longueur du pantalon (po)<\/strong><\/td>\n<td class=\"has-text-align-center\" data-align=\"center\"><strong>Taille jarreti\u00e8re (po)<\/strong><\/td>\n<\/tr>\n<tr>\n<td class=\"has-text-align-center\" data-align=\"center\">S<\/td>\n<td class=\"has-text-align-center\" data-align=\"center\">25.20<\/td>\n<td class=\"has-text-align-center\" data-align=\"center\">5.12<\/td>\n<td class=\"has-text-align-center\" data-align=\"center\">28.35<\/td>\n<td class=\"has-text-align-center\" data-align=\"center\">7.68<\/td>\n<td class=\"has-text-align-center\" data-align=\"center\">24.41<\/td>\n<\/tr>\n<tr>\n<td class=\"has-text-align-center\" data-align=\"center\">M<\/td>\n<td class=\"has-text-align-center\" data-align=\"center\">26.77<\/td>\n<td class=\"has-text-align-center\" data-align=\"center\">5.51<\/td>\n<td class=\"has-text-align-center\" data-align=\"center\">29.92<\/td>\n<td class=\"has-text-align-center\" data-align=\"center\">8.07<\/td>\n<td class=\"has-text-align-center\" data-align=\"center\">25.20<\/td>\n<\/tr>\n<tr>\n<td class=\"has-text-align-center\" data-align=\"center\">L<\/td>\n<td class=\"has-text-align-center\" data-align=\"center\">28.35<\/td>\n<td class=\"has-text-align-center\" data-align=\"center\">5.91<\/td>\n<td class=\"has-text-align-center\" data-align=\"center\">31.50<\/td>\n<td class=\"has-text-align-center\" data-align=\"center\">8.46<\/td>\n<td class=\"has-text-align-center\" data-align=\"center\">26.77<\/td>\n<\/tr>\n<\/tbody>\n<\/table>\n<\/figure>","protected":false},"excerpt":{"rendered":"<p>Invoquez une touche de gr\u00e2ce avec notre <strong>ensemble soutien-gorge et sous-v\u00eatements violet<\/strong>, avec de d\u00e9licats d\u00e9tails floraux qui s&#039;\u00e9panouissent sur une toile de tissu transparent. Ce <strong>ensemble soutien-gorge balconnet et culotte<\/strong> est un m\u00e9lange po\u00e9tique de soutien et d&#039;allure, con\u00e7u pour une \u00e9l\u00e9gance discr\u00e8te.<\/p>","protected":false},"featured_media":50641,"template":"","meta":[],"product_brand":[],"product_cat":[368,369,367],"product_tag":[507,452,528,875,453,865],"class_list":{"0":"post-50657","1":"product","2":"type-product","3":"status-publish","4":"has-post-thumbnail","6":"product_cat-bra-panty-set","7":"product_cat-wholesale-lace-bra-and-panty-sets","8":"product_cat-sexy-lingerie","9":"product_tag-three-pcs-set","10":"product_tag-wholesale-boudoir-lingerie","11":"product_tag-halter-lingerie","12":"product_tag-lace-sexy-lingerie","13":"product_tag-wholesale-sexy-naughty-lingerie","14":"product_tag-sexy-skimpy-lingerie","15":"pa_color-purple-women-sexy-lingerie","16":"pa_size-wholesale-large-size-women-sexy-lingerie","17":"pa_size-wholesale-medium-size-women-sexy-lingerie","18":"pa_size-wholesale-small-size-sexy-lingerie","20":"first","21":"instock","22":"taxable","23":"shipping-taxable","24":"purchasable","25":"product-type-variable"},"tiered_pricing_type":"fixed","tiered_pricing_fixed_rules":[],"tiered_pricing_product_settings":{"layout":"table","base_unit_name":{"singular":null,"plural":null},"default_variation":null},"tiered_pricing_minimum_quantity":null,"tiered_pricing_roles_data":[],"tiered_pricing_percentage_rules":[],"tiered_pricing_maximum_quantity":null,"tiered_pricing_quantity_step":null,"_links":{"self":[{"href":"https:\/\/gretasexylingerie.com\/fr\/wp-json\/wp\/v2\/product\/50657","targetHints":{"allow":["GET"]}}],"collection":[{"href":"https:\/\/gretasexylingerie.com\/fr\/wp-json\/wp\/v2\/product"}],"about":[{"href":"https:\/\/gretasexylingerie.com\/fr\/wp-json\/wp\/v2\/types\/product"}],"wp:featuredmedia":[{"embeddable":true,"href":"https:\/\/gretasexylingerie.com\/fr\/wp-json\/wp\/v2\/media\/50641"}],"wp:attachment":[{"href":"https:\/\/gretasexylingerie.com\/fr\/wp-json\/wp\/v2\/media?parent=50657"}],"wp:term":[{"taxonomy":"product_brand","embeddable":true,"href":"https:\/\/gretasexylingerie.com\/fr\/wp-json\/wp\/v2\/product_brand?post=50657"},{"taxonomy":"product_cat","embeddable":true,"href":"https:\/\/gretasexylingerie.com\/fr\/wp-json\/wp\/v2\/product_cat?post=50657"},{"taxonomy":"product_tag","embeddable":true,"href":"https:\/\/gretasexylingerie.com\/fr\/wp-json\/wp\/v2\/product_tag?post=50657"}],"curies":[{"name":"wp","href":"https:\/\/api.w.org\/{rel}","templated":true}]}}