{"id":50630,"date":"2024-04-16T16:41:51","date_gmt":"2024-04-16T08:41:51","guid":{"rendered":"https:\/\/gretasexylingerie.com\/?post_type=product&#038;p=50630"},"modified":"2024-04-17T01:21:48","modified_gmt":"2024-04-16T17:21:48","slug":"vente-en-gros-nounours-en-dentelle-a-col-licou-enchante","status":"publish","type":"product","link":"https:\/\/gretasexylingerie.com\/fr\/products\/wholesale-enchante-halter-neck-lace-teddy\/","title":{"rendered":"Vente en gros Teddy Enchante En Dentelle \u00c0 Col Halter"},"content":{"rendered":"<p><strong>\u00c9l\u00e9gance intemporelle de la dentelle<\/strong>: Adoptez la romance classique avec la dentelle aux motifs complexes qui orne ce nounours, cr\u00e9ant une silhouette saisissante \u00e0 la fois sophistiqu\u00e9e et s\u00e9duisante.<\/p>\n\n\n\n<p><strong>Sophistication du licol<\/strong>: L&#039;encolure dos nu ajoute un \u00e9l\u00e9ment de gr\u00e2ce intemporelle, offrant un rehaussement flatteur et soulignant les \u00e9paules, tandis que l&#039;attache au dos assure un ajustement parfait \u00e0 chaque silhouette.<\/p>\n\n\n\n<p><strong>Audacieux dos ouvert<\/strong>: Un dos ouvert spectaculaire offre un contraste audacieux avec le devant \u00e0 couverture compl\u00e8te, donnant \u00e0 ce <strong>body dos ouvert<\/strong> un \u00e9quilibre entre r\u00e9v\u00e9lation et dissimulation qui ne manquera pas de s\u00e9duire.<\/p>\n\n\n\n<p><strong>Peplum ludique<\/strong>: Un basque l\u00e9g\u00e8rement volant\u00e9 \u00e0 la taille ajoute une touche coquette, tombant doucement en cascade sur les hanches pour rehausser le charme f\u00e9minin du v\u00eatement.<\/p>\n\n\n\n<p><strong>Choix color\u00e9s<\/strong>: Que vos clients pr\u00e9f\u00e8rent l&#039;\u00e9l\u00e9gance aust\u00e8re du noir, la puret\u00e9 du blanc ou la passion du rouge, cette peluche est con\u00e7ue pour r\u00e9pondre \u00e0 leur humeur et \u00e0 leurs pr\u00e9f\u00e9rences.<\/p>\n\n\n\n<p><strong>Int\u00e9gration transparente du commerce de d\u00e9tail<\/strong>: Chaque variation de couleur de ce <strong>costume en dentelle teddy<\/strong> est pr\u00eat \u00e0 enchanter vos clients, le tout avec la commodit\u00e9 de notre <a href=\"https:\/\/gretasexylingerie.com\/fr\/service-de-lingerie-dropshipping\/\">service de livraison directe<\/a>, vous garantissant ainsi de pouvoir proposer ces superbes pi\u00e8ces sans vous soucier des niveaux de stock ou du minimum de commandes.<\/p>\n\n\n\n<p>\u00c9levez vos offres avec le nounours en dentelle Enchante Halter Neck, une d\u00e9claration de beaut\u00e9 pour toute occasion intime. Commandez maintenant et captivez votre client\u00e8le avec la fusion astucieuse de la dentelle et du design, disponible via Greta Sexy Lingerie. O\u00f9 chaque pi\u00e8ce est plus que de la lingerie, c&#039;est une expression personnelle.<\/p>\n\n\n\n<figure class=\"wp-block-table\">\n<table>\n<tbody>\n<tr>\n<td class=\"has-text-align-center\" colspan=\"5\" data-align=\"center\"><strong>Tableau des tailles (CM)<\/strong><\/td>\n<\/tr>\n<tr>\n<td class=\"has-text-align-center\" data-align=\"center\"><strong>Taille<\/strong><\/td>\n<td class=\"has-text-align-center\" data-align=\"center\"><strong>Buste (cm)<\/strong><\/td>\n<td class=\"has-text-align-center\" data-align=\"center\"><strong>Longueur (cm)<\/strong><\/td>\n<td class=\"has-text-align-center\" data-align=\"center\"><strong>Taille (cm)<\/strong><\/td>\n<td class=\"has-text-align-center\" data-align=\"center\"><strong>Tour de hanche (cm)<\/strong><\/td>\n<\/tr>\n<tr>\n<td class=\"has-text-align-center\" data-align=\"center\">S<\/td>\n<td class=\"has-text-align-center\" data-align=\"center\">68<\/td>\n<td class=\"has-text-align-center\" data-align=\"center\">61<\/td>\n<td class=\"has-text-align-center\" data-align=\"center\">68<\/td>\n<td class=\"has-text-align-center\" data-align=\"center\">72<\/td>\n<\/tr>\n<tr>\n<td class=\"has-text-align-center\" data-align=\"center\">M<\/td>\n<td class=\"has-text-align-center\" data-align=\"center\">72<\/td>\n<td class=\"has-text-align-center\" data-align=\"center\">63<\/td>\n<td class=\"has-text-align-center\" data-align=\"center\">72<\/td>\n<td class=\"has-text-align-center\" data-align=\"center\">76<\/td>\n<\/tr>\n<tr>\n<td class=\"has-text-align-center\" data-align=\"center\">L<\/td>\n<td class=\"has-text-align-center\" data-align=\"center\">76<\/td>\n<td class=\"has-text-align-center\" data-align=\"center\">65<\/td>\n<td class=\"has-text-align-center\" data-align=\"center\">76<\/td>\n<td class=\"has-text-align-center\" data-align=\"center\">80<\/td>\n<\/tr>\n<\/tbody>\n<\/table>\n<\/figure>\n\n\n\n<figure class=\"wp-block-table\">\n<table>\n<tbody>\n<tr>\n<td class=\"has-text-align-center\" colspan=\"5\" data-align=\"center\"><strong>Tableau des tailles (POUCES)<\/strong><\/td>\n<\/tr>\n<tr>\n<td class=\"has-text-align-center\" data-align=\"center\"><strong>Taille<\/strong><\/td>\n<td class=\"has-text-align-center\" data-align=\"center\"><strong>Buste (en)<\/strong><\/td>\n<td class=\"has-text-align-center\" data-align=\"center\"><strong>Longueur (po)<\/strong><\/td>\n<td class=\"has-text-align-center\" data-align=\"center\"><strong>Taille (po)<\/strong><\/td>\n<td class=\"has-text-align-center\" data-align=\"center\"><strong>Tour de hanche (po)<\/strong><\/td>\n<\/tr>\n<tr>\n<td class=\"has-text-align-center\" data-align=\"center\">S<\/td>\n<td class=\"has-text-align-center\" data-align=\"center\">26.77<\/td>\n<td class=\"has-text-align-center\" data-align=\"center\">24.02<\/td>\n<td class=\"has-text-align-center\" data-align=\"center\">26.77<\/td>\n<td class=\"has-text-align-center\" data-align=\"center\">28.35<\/td>\n<\/tr>\n<tr>\n<td class=\"has-text-align-center\" data-align=\"center\">M<\/td>\n<td class=\"has-text-align-center\" data-align=\"center\">28.35<\/td>\n<td class=\"has-text-align-center\" data-align=\"center\">24.80<\/td>\n<td class=\"has-text-align-center\" data-align=\"center\">28.35<\/td>\n<td class=\"has-text-align-center\" data-align=\"center\">29.92<\/td>\n<\/tr>\n<tr>\n<td class=\"has-text-align-center\" data-align=\"center\">L<\/td>\n<td class=\"has-text-align-center\" data-align=\"center\">29.92<\/td>\n<td class=\"has-text-align-center\" data-align=\"center\">25.59<\/td>\n<td class=\"has-text-align-center\" data-align=\"center\">29.92<\/td>\n<td class=\"has-text-align-center\" data-align=\"center\">31.50<\/td>\n<\/tr>\n<\/tbody>\n<\/table>\n<\/figure>","protected":false},"excerpt":{"rendered":"<p>body, une pi\u00e8ce qui entrem\u00eale \u00e9l\u00e9gance et allure. Le <strong>costume en dentelle teddy<\/strong> est con\u00e7u pour flatter avec son dos ouvert et ses d\u00e9licats d\u00e9tails en dentelle, propos\u00e9 dans des couleurs essentielles de noir, blanc et rouge.<\/p>","protected":false},"featured_media":50610,"template":"","meta":[],"product_brand":[],"product_cat":[397,367,395],"product_tag":[870,528,875,864,866,862],"class_list":{"0":"post-50630","1":"product","2":"type-product","3":"status-publish","4":"has-post-thumbnail","6":"product_cat-wholesale-sexy-lace-teddy","7":"product_cat-sexy-lingerie","8":"product_cat-sexy-teddy-suit","9":"product_tag-floral-lingerie","10":"product_tag-halter-lingerie","11":"product_tag-lace-sexy-lingerie","12":"product_tag-sexy-petite-lingerie","13":"product_tag-sexy-romper-lingerie","14":"product_tag-sexy-silk-lingerie","15":"pa_color-black","16":"pa_color-red-women-sexy-lingerie","17":"pa_color-white","18":"pa_size-wholesale-large-size-women-sexy-lingerie","19":"pa_size-wholesale-medium-size-women-sexy-lingerie","20":"pa_size-wholesale-small-size-sexy-lingerie","22":"first","23":"instock","24":"taxable","25":"shipping-taxable","26":"purchasable","27":"product-type-variable"},"tiered_pricing_type":"fixed","tiered_pricing_fixed_rules":[],"tiered_pricing_product_settings":{"layout":"table","base_unit_name":{"singular":null,"plural":null},"default_variation":null},"tiered_pricing_minimum_quantity":null,"tiered_pricing_roles_data":[],"tiered_pricing_percentage_rules":[],"tiered_pricing_maximum_quantity":null,"tiered_pricing_quantity_step":null,"_links":{"self":[{"href":"https:\/\/gretasexylingerie.com\/fr\/wp-json\/wp\/v2\/product\/50630","targetHints":{"allow":["GET"]}}],"collection":[{"href":"https:\/\/gretasexylingerie.com\/fr\/wp-json\/wp\/v2\/product"}],"about":[{"href":"https:\/\/gretasexylingerie.com\/fr\/wp-json\/wp\/v2\/types\/product"}],"wp:featuredmedia":[{"embeddable":true,"href":"https:\/\/gretasexylingerie.com\/fr\/wp-json\/wp\/v2\/media\/50610"}],"wp:attachment":[{"href":"https:\/\/gretasexylingerie.com\/fr\/wp-json\/wp\/v2\/media?parent=50630"}],"wp:term":[{"taxonomy":"product_brand","embeddable":true,"href":"https:\/\/gretasexylingerie.com\/fr\/wp-json\/wp\/v2\/product_brand?post=50630"},{"taxonomy":"product_cat","embeddable":true,"href":"https:\/\/gretasexylingerie.com\/fr\/wp-json\/wp\/v2\/product_cat?post=50630"},{"taxonomy":"product_tag","embeddable":true,"href":"https:\/\/gretasexylingerie.com\/fr\/wp-json\/wp\/v2\/product_tag?post=50630"}],"curies":[{"name":"wp","href":"https:\/\/api.w.org\/{rel}","templated":true}]}}