{"id":50591,"date":"2024-04-16T16:39:38","date_gmt":"2024-04-16T08:39:38","guid":{"rendered":"https:\/\/gretasexylingerie.com\/?post_type=product&#038;p=50591"},"modified":"2024-04-17T01:07:02","modified_gmt":"2024-04-16T17:07:02","slug":"vente-en-gros-trio-de-lingerie-soutien-gorge-et-jarretelles-en-dentelle-intrigue","status":"publish","type":"product","link":"https:\/\/gretasexylingerie.com\/fr\/products\/wholesale-intrigue-lace-bra-and-suspender-lingerie-trio\/","title":{"rendered":"Trio de lingerie et soutien-gorge en dentelle Intrigue en gros"},"content":{"rendered":"<p><strong>Dentelle \u00e9l\u00e9gante<\/strong>: Le soutien-gorge et la culotte sont orn\u00e9s de dentelle de qualit\u00e9 sup\u00e9rieure, offrant une sensation luxueuse et un attrait visuel complexe. Les motifs pr\u00e9cis et les bords festonn\u00e9s d\u00e9licats de ce <strong>ensemble sous-v\u00eatements et soutien-gorge en dentelle<\/strong> accentuer la beaut\u00e9 et la sophistication.<\/p>\n\n\n\n<p><strong>Gr\u00e2ce coordonn\u00e9e<\/strong>: Un porte-jarretelles assorti compl\u00e8te l&#039;ensemble, avec des bretelles r\u00e9glables qui maintiennent le tout en place, tout en ajoutant une dimension suppl\u00e9mentaire d&#039;allure \u00e0 l&#039;ensemble.<\/p>\n\n\n\n<p><strong>Trio de Charme<\/strong>: Comme un <strong>lingerie trois pi\u00e8ces<\/strong> ensemble, il offre un look complet harmonieux et soigneusement con\u00e7u, des bonnets \u00e0 armatures de soutien aux jarretelles taille haute flatteuses.<\/p>\n\n\n\n<p><strong>Appel intemporel<\/strong>: La palette de couleurs noires classique et le design intemporel font de cet ensemble un incontournable de toute collection de v\u00eatements intimes, parfait pour les occasions sp\u00e9ciales ou pour ajouter une touche de luxe au quotidien.<\/p>\n\n\n\n<p><strong>Int\u00e9gration transparente<\/strong>: Disponible via notre <a href=\"https:\/\/gretasexylingerie.com\/fr\/service-de-lingerie-dropshipping\/\">service de livraison directe<\/a>, cet ensemble allie commodit\u00e9 et classe. Les d\u00e9taillants peuvent proposer ce trio exquis sans se soucier des niveaux de stock ou des quantit\u00e9s minimales de commande.<\/p>\n\n\n\n<p>Cr\u00e9ez une gamme de go\u00fbts exquis avec le trio de lingerie avec soutien-gorge et porte-jarretelles Intrigue en dentelle et offrez \u00e0 vos clients le summum du luxe en mati\u00e8re de lingerie. Parfait pour offrir ou se faire plaisir, cet ensemble attend d&#039;\u00eatre un point culminant dans la garde-robe de tout amateur de lingerie. Associez-vous \u00e0 Greta Sexy Lingerie pour une \u00e9l\u00e9gance sans effort et un style in\u00e9gal\u00e9.<\/p>\n\n\n\n<figure class=\"wp-block-table\"><table><tbody><tr><td colspan=\"6\"><strong>Tableau des tailles (CM)<\/strong><\/td><\/tr><tr><td><strong>Taille<\/strong><\/td><td><strong>Buste (cm)<\/strong><\/td><td><strong>Longueur (cm)<\/strong><\/td><td><strong>Taille (cm)<\/strong><\/td><td><strong>Longueur du pantalon (cm)<\/strong><\/td><td><strong>Taille de la jarreti\u00e8re (cm)<\/strong><\/td><\/tr><tr><td>S<\/td><td>66-86<\/td><td>14<\/td><td>68-96<\/td><td>23<\/td><td>62-86<\/td><\/tr><tr><td>M<\/td><td>70-90<\/td><td>15<\/td><td>72-100<\/td><td>24<\/td><td>66-90<\/td><\/tr><tr><td>L<\/td><td>74-94<\/td><td>16<\/td><td>76-104<\/td><td>25<\/td><td>70-94<\/td><\/tr><\/tbody><\/table><\/figure>\n\n\n\n<figure class=\"wp-block-table\"><table><tbody><tr><td colspan=\"6\"><strong>Tableau des tailles (POUCES)<\/strong><\/td><\/tr><tr><td><strong>Taille<\/strong><\/td><td><strong>Buste (en)<\/strong><\/td><td><strong>Longueur (po)<\/strong><\/td><td><strong>Taille (po)<\/strong><\/td><td><strong>Longueur du pantalon (po)<\/strong><\/td><td><strong>Taille de la jarreti\u00e8re (po)<\/strong><\/td><\/tr><tr><td>S<\/td><td>26-33.9<\/td><td>5.5<\/td><td>26.8-37.8<\/td><td>9.1<\/td><td>24.4-33.9<\/td><\/tr><tr><td>M<\/td><td>27.6-35.4<\/td><td>5.9<\/td><td>28.3-39.4<\/td><td>9.4<\/td><td>26-35.4<\/td><\/tr><tr><td>L<\/td><td>29.1-37<\/td><td>6.3<\/td><td>29.9-41<\/td><td>9.8<\/td><td>27.6-37<\/td><\/tr><\/tbody><\/table><\/figure>","protected":false},"excerpt":{"rendered":"<p>Entrez dans un monde de sensualit\u00e9 raffin\u00e9e avec notre <strong>ensemble sous-v\u00eatements et soutien-gorge en dentelle<\/strong>. Cet exquis <strong>lingerie trois pi\u00e8ces<\/strong> La collection, compl\u00e9t\u00e9e par un porte-jarretelles, est con\u00e7ue pour celles qui ch\u00e9rissent l&#039;\u00e9l\u00e9gance \u00e0 chaque couche.<\/p>","protected":false},"featured_media":50583,"template":"","meta":[],"product_brand":[],"product_cat":[368,369,367],"product_tag":[507,452,861,875,865],"class_list":{"0":"post-50591","1":"product","2":"type-product","3":"status-publish","4":"has-post-thumbnail","6":"product_cat-bra-panty-set","7":"product_cat-wholesale-lace-bra-and-panty-sets","8":"product_cat-sexy-lingerie","9":"product_tag-three-pcs-set","10":"product_tag-wholesale-boudoir-lingerie","11":"product_tag-brunette-lingerie","12":"product_tag-lace-sexy-lingerie","13":"product_tag-sexy-skimpy-lingerie","14":"pa_color-black","15":"pa_size-wholesale-large-size-women-sexy-lingerie","16":"pa_size-wholesale-medium-size-women-sexy-lingerie","17":"pa_size-wholesale-small-size-sexy-lingerie","19":"first","20":"instock","21":"taxable","22":"shipping-taxable","23":"purchasable","24":"product-type-variable"},"tiered_pricing_type":"fixed","tiered_pricing_fixed_rules":[],"tiered_pricing_product_settings":{"layout":"table","base_unit_name":{"singular":null,"plural":null},"default_variation":null},"tiered_pricing_minimum_quantity":null,"tiered_pricing_roles_data":[],"tiered_pricing_percentage_rules":[],"tiered_pricing_maximum_quantity":null,"tiered_pricing_quantity_step":null,"_links":{"self":[{"href":"https:\/\/gretasexylingerie.com\/fr\/wp-json\/wp\/v2\/product\/50591","targetHints":{"allow":["GET"]}}],"collection":[{"href":"https:\/\/gretasexylingerie.com\/fr\/wp-json\/wp\/v2\/product"}],"about":[{"href":"https:\/\/gretasexylingerie.com\/fr\/wp-json\/wp\/v2\/types\/product"}],"wp:featuredmedia":[{"embeddable":true,"href":"https:\/\/gretasexylingerie.com\/fr\/wp-json\/wp\/v2\/media\/50583"}],"wp:attachment":[{"href":"https:\/\/gretasexylingerie.com\/fr\/wp-json\/wp\/v2\/media?parent=50591"}],"wp:term":[{"taxonomy":"product_brand","embeddable":true,"href":"https:\/\/gretasexylingerie.com\/fr\/wp-json\/wp\/v2\/product_brand?post=50591"},{"taxonomy":"product_cat","embeddable":true,"href":"https:\/\/gretasexylingerie.com\/fr\/wp-json\/wp\/v2\/product_cat?post=50591"},{"taxonomy":"product_tag","embeddable":true,"href":"https:\/\/gretasexylingerie.com\/fr\/wp-json\/wp\/v2\/product_tag?post=50591"}],"curies":[{"name":"wp","href":"https:\/\/api.w.org\/{rel}","templated":true}]}}