{"id":50573,"date":"2024-04-16T16:38:35","date_gmt":"2024-04-16T08:38:35","guid":{"rendered":"https:\/\/gretasexylingerie.com\/?post_type=product&#038;p=50573"},"modified":"2024-04-17T00:54:38","modified_gmt":"2024-04-16T16:54:38","slug":"vente-en-gros-ensemble-de-chemise-en-dentelle-a-pois-de-minuit","status":"publish","type":"product","link":"https:\/\/gretasexylingerie.com\/fr\/products\/wholesale-midnight-polka-dot-lace-chemise-set\/","title":{"rendered":"Vente en gros Ensemble Chemise En Dentelle \u00c0 Pois De Minuit"},"content":{"rendered":"<p><strong>Sophistication mouchet\u00e9e<\/strong>: Cette nuisette pr\u00e9sente un charmant motif \u00e0 pois dispers\u00e9s sur un fond transparent, conf\u00e9rant une touche ludique mais chic au classique. <strong>nuisette noire<\/strong>.<\/p>\n\n\n\n<p><strong>\u00c9treinte de dentelle<\/strong>: Des manches longues orn\u00e9es de dentelle tombent gracieusement, apportant une touche d&#039;\u00e9l\u00e9gance et une texture douce qui contraste magnifiquement avec le tissu transparent de la nuisette.<\/p>\n\n\n\n<p><strong>Style f\u00e9minin<\/strong>: Le corsage ajust\u00e9 s&#039;\u00e9vase en une jupe d\u00e9licate, permettant une silhouette \u00e0 la fois flatteuse et libre, incarnant l&#039;essence de la f\u00e9minit\u00e9 dans chaque d\u00e9tail.<\/p>\n\n\n\n<p><strong>Renarde polyvalente<\/strong>: Que ce soit comme couche intime ou comme pi\u00e8ce s\u00e9duisante autonome, cet ensemble de chemises s&#039;adapte \u00e0 l&#039;occasion, assurant la polyvalence ainsi que son design \u00e9poustouflant.<\/p>\n\n\n\n<p><strong>Partenariat transparent<\/strong>: Pr\u00eat \u00e0 rejoindre votre gamme de produits, cet ensemble de lingerie vous parvient via notre <a href=\"https:\/\/gretasexylingerie.com\/fr\/service-de-lingerie-dropshipping\/\">service de livraison directe<\/a>, ce qui facilite grandement l&#039;offre \u00e0 vos clients sans vous soucier des exigences minimales de commande.<\/p>\n\n\n\n<p>Introduisez une touche d\u2019\u00e9l\u00e9gance ludique \u00e0 votre s\u00e9lection avec notre ensemble chemise en dentelle \u00e0 pois de minuit. C&#039;est le m\u00e9lange parfait de couverture et de r\u00e9v\u00e9lation, con\u00e7u pour celles qui aiment superposer leur allure. Contactez Greta Sexy Lingerie d\u00e8s aujourd&#039;hui et laissez-nous vous aider \u00e0 apporter une touche de sophistication fantaisiste aux soir\u00e9es de vos clients.<\/p>\n\n\n\n<figure class=\"wp-block-table\">\n<table>\n<tbody>\n<tr>\n<td class=\"has-text-align-center\" colspan=\"4\" data-align=\"center\"><strong>Tableau des tailles (CM)<\/strong><\/td>\n<\/tr>\n<tr>\n<td class=\"has-text-align-center\" data-align=\"center\"><strong>Taille<\/strong><\/td>\n<td class=\"has-text-align-center\" data-align=\"center\"><strong>Buste (cm)<\/strong><\/td>\n<td class=\"has-text-align-center\" data-align=\"center\"><strong>Longueur (cm)<\/strong><\/td>\n<td class=\"has-text-align-center\" data-align=\"center\"><strong>Taille (cm)<\/strong><\/td>\n<\/tr>\n<tr>\n<td class=\"has-text-align-center\" data-align=\"center\">S<\/td>\n<td class=\"has-text-align-center\" data-align=\"center\">64<\/td>\n<td class=\"has-text-align-center\" data-align=\"center\">50<\/td>\n<td class=\"has-text-align-center\" data-align=\"center\">68<\/td>\n<\/tr>\n<tr>\n<td class=\"has-text-align-center\" data-align=\"center\">M<\/td>\n<td class=\"has-text-align-center\" data-align=\"center\">68<\/td>\n<td class=\"has-text-align-center\" data-align=\"center\">51<\/td>\n<td class=\"has-text-align-center\" data-align=\"center\">72<\/td>\n<\/tr>\n<tr>\n<td class=\"has-text-align-center\" data-align=\"center\">L<\/td>\n<td class=\"has-text-align-center\" data-align=\"center\">72<\/td>\n<td class=\"has-text-align-center\" data-align=\"center\">52<\/td>\n<td class=\"has-text-align-center\" data-align=\"center\">76<\/td>\n<\/tr>\n<\/tbody>\n<\/table>\n<\/figure>\n\n\n\n<figure class=\"wp-block-table\">\n<table>\n<tbody>\n<tr>\n<td class=\"has-text-align-center\" colspan=\"4\" data-align=\"center\"><strong>Tableau des tailles (POUCES)<\/strong><\/td>\n<\/tr>\n<tr>\n<td class=\"has-text-align-center\" data-align=\"center\"><strong>Taille<\/strong><\/td>\n<td class=\"has-text-align-center\" data-align=\"center\"><strong>Buste (en)<\/strong><\/td>\n<td class=\"has-text-align-center\" data-align=\"center\"><strong>Longueur (po)<\/strong><\/td>\n<td class=\"has-text-align-center\" data-align=\"center\"><strong>Taille (po)<\/strong><\/td>\n<\/tr>\n<tr>\n<td class=\"has-text-align-center\" data-align=\"center\">S<\/td>\n<td class=\"has-text-align-center\" data-align=\"center\">25.20<\/td>\n<td class=\"has-text-align-center\" data-align=\"center\">19.69<\/td>\n<td class=\"has-text-align-center\" data-align=\"center\">26.77<\/td>\n<\/tr>\n<tr>\n<td class=\"has-text-align-center\" data-align=\"center\">M<\/td>\n<td class=\"has-text-align-center\" data-align=\"center\">26.77<\/td>\n<td class=\"has-text-align-center\" data-align=\"center\">20.08<\/td>\n<td class=\"has-text-align-center\" data-align=\"center\">28.35<\/td>\n<\/tr>\n<tr>\n<td class=\"has-text-align-center\" data-align=\"center\">L<\/td>\n<td class=\"has-text-align-center\" data-align=\"center\">28.35<\/td>\n<td class=\"has-text-align-center\" data-align=\"center\">20.47<\/td>\n<td class=\"has-text-align-center\" data-align=\"center\">29.92<\/td>\n<\/tr>\n<\/tbody>\n<\/table>\n<\/figure>","protected":false},"excerpt":{"rendered":"<p>Enveloppez-vous dans le myst\u00e8re de la nuit avec ceci <strong>nuisette longue noire<\/strong> ensemble. Orn\u00e9 de pois ludiques et de dentelle enveloppante, ce <strong>nuisette en dentelle \u00e0 manches longues<\/strong> offre une allure coquette et intemporelle<\/p>","protected":false},"featured_media":50559,"template":"","meta":[],"product_brand":[],"product_cat":[394,422,367],"product_tag":[507,446,866,865],"class_list":{"0":"post-50573","1":"product","2":"type-product","3":"status-publish","4":"has-post-thumbnail","6":"product_cat-wholesale-mesh-chemise","7":"product_cat-sexy-chemise","8":"product_cat-sexy-lingerie","9":"product_tag-three-pcs-set","10":"product_tag-wholesale-sexy-see-through-lingerie","11":"product_tag-sexy-romper-lingerie","12":"product_tag-sexy-skimpy-lingerie","13":"pa_color-black","14":"pa_size-wholesale-large-size-women-sexy-lingerie","15":"pa_size-wholesale-medium-size-women-sexy-lingerie","16":"pa_size-wholesale-small-size-sexy-lingerie","18":"first","19":"instock","20":"taxable","21":"shipping-taxable","22":"purchasable","23":"product-type-variable"},"tiered_pricing_type":"fixed","tiered_pricing_fixed_rules":[],"tiered_pricing_product_settings":{"layout":"table","base_unit_name":{"singular":null,"plural":null},"default_variation":null},"tiered_pricing_minimum_quantity":null,"tiered_pricing_roles_data":[],"tiered_pricing_percentage_rules":[],"tiered_pricing_maximum_quantity":null,"tiered_pricing_quantity_step":null,"_links":{"self":[{"href":"https:\/\/gretasexylingerie.com\/fr\/wp-json\/wp\/v2\/product\/50573","targetHints":{"allow":["GET"]}}],"collection":[{"href":"https:\/\/gretasexylingerie.com\/fr\/wp-json\/wp\/v2\/product"}],"about":[{"href":"https:\/\/gretasexylingerie.com\/fr\/wp-json\/wp\/v2\/types\/product"}],"wp:featuredmedia":[{"embeddable":true,"href":"https:\/\/gretasexylingerie.com\/fr\/wp-json\/wp\/v2\/media\/50559"}],"wp:attachment":[{"href":"https:\/\/gretasexylingerie.com\/fr\/wp-json\/wp\/v2\/media?parent=50573"}],"wp:term":[{"taxonomy":"product_brand","embeddable":true,"href":"https:\/\/gretasexylingerie.com\/fr\/wp-json\/wp\/v2\/product_brand?post=50573"},{"taxonomy":"product_cat","embeddable":true,"href":"https:\/\/gretasexylingerie.com\/fr\/wp-json\/wp\/v2\/product_cat?post=50573"},{"taxonomy":"product_tag","embeddable":true,"href":"https:\/\/gretasexylingerie.com\/fr\/wp-json\/wp\/v2\/product_tag?post=50573"}],"curies":[{"name":"wp","href":"https:\/\/api.w.org\/{rel}","templated":true}]}}