{"id":50527,"date":"2024-04-16T16:36:46","date_gmt":"2024-04-16T08:36:46","guid":{"rendered":"https:\/\/gretasexylingerie.com\/?post_type=product&#038;p=50527"},"modified":"2024-04-17T00:41:06","modified_gmt":"2024-04-16T16:41:06","slug":"vente-en-gros-ensemble-de-lingerie-jarretiere-en-dentelle-pure","status":"publish","type":"product","link":"https:\/\/gretasexylingerie.com\/fr\/products\/wholesale-sheer-lace-garter-lingerie-ensemble\/","title":{"rendered":"Vente en gros Ensemble De Lingerie Jarreti\u00e8re En Dentelle Transparente"},"content":{"rendered":"<p><strong>Charme Transparent<\/strong>: Le <strong>soutien-gorge et culotte transparents<\/strong> sont confectionn\u00e9s avec de la dentelle complexe, offrant un aper\u00e7u d&#039;un monde de s\u00e9duction \u00e9l\u00e9gante tout en conservant un air de gr\u00e2ce raffin\u00e9e.<\/p>\n\n\n\n<p><strong>De la couleur pour chaque humeur<\/strong>: Avec une palette allant de la puret\u00e9 du blanc \u00e0 l&#039;intensit\u00e9 du noir, en passant par le romantisme du rouge, la gaiet\u00e9 du jaune et le ton naturel du biscuit, il existe une teinte pour tous les styles et pr\u00e9f\u00e9rences personnels.<\/p>\n\n\n\n<p><strong>Dentelle en pleine floraison<\/strong>: Les motifs de dentelle florale s&#039;\u00e9panouissent sur le tissu, offrant un festin visuel de design et de texture aussi agr\u00e9able au toucher qu&#039;\u00e0 l&#039;\u0153il.<\/p>\n\n\n\n<p><strong>Des bretelles qui attirent<\/strong>: Le porte-jarretelles assorti n&#039;est pas seulement un clin d&#039;\u0153il au glamour vintage mais aussi une pi\u00e8ce fonctionnelle qui ajoute une couche suppl\u00e9mentaire d&#039;allure \u00e0 l&#039;ensemble.<\/p>\n\n\n\n<p><strong>Service transparent<\/strong>: Cet ensemble de lingerie exquis est disponible \u00e0 la commande via notre <a href=\"https:\/\/gretasexylingerie.com\/fr\/service-de-lingerie-dropshipping\/\">service de livraison directe<\/a>, garantissant un processus d&#039;achat fluide depuis notre entrep\u00f4t jusqu&#039;au tiroir de votre client sans quantit\u00e9 minimum de commande, parfait pour stocker une vari\u00e9t\u00e9 de couleurs.<\/p>\n\n\n\n<p>Organisez un affichage \u00e0 couper le souffle avec ceci <strong>ensemble de lingerie jarreti\u00e8re en dentelle transparente<\/strong>, offrant un go\u00fbt d&#039;opulence et la promesse d&#039;un enchantement. Associez-vous \u00e0 Greta Sexy Lingerie pour une s\u00e9lection qui respire le luxe dans chaque fil. Ajoutez cette pi\u00e8ce incontournable \u00e0 votre offre et captivez vos clients avec le charme de la dentelle.<\/p>\n\n\n\n<figure class=\"wp-block-table\">\n<table>\n<tbody>\n<tr>\n<td class=\"has-text-align-center\" data-align=\"center\" colspan=\"7\"><strong>Tableau des tailles (CM)<\/strong><\/td>\n<\/tr>\n<tr>\n<td class=\"has-text-align-center\" data-align=\"center\"><strong>Taille<\/strong><\/td>\n<td class=\"has-text-align-center\" data-align=\"center\"><strong>Tour de poitrine (cm)<\/strong><\/td>\n<td class=\"has-text-align-center\" data-align=\"center\"><strong>Hauteur de la tasse (cm)<\/strong><\/td>\n<td class=\"has-text-align-center\" data-align=\"center\"><strong>Ceinture (cm)<\/strong><\/td>\n<td class=\"has-text-align-center\" data-align=\"center\"><strong>Tour de taille (cm)<\/strong><\/td>\n<td class=\"has-text-align-center\" data-align=\"center\"><strong>Longueur (cm)<\/strong><\/td>\n<td class=\"has-text-align-center\" data-align=\"center\"><strong>Poids (cm)<\/strong><\/td>\n<\/tr>\n<tr>\n<td class=\"has-text-align-center\" data-align=\"center\">S<\/td>\n<td class=\"has-text-align-center\" data-align=\"center\">69-86<\/td>\n<td class=\"has-text-align-center\" data-align=\"center\">14.6<\/td>\n<td class=\"has-text-align-center\" data-align=\"center\">62<\/td>\n<td class=\"has-text-align-center\" data-align=\"center\">69<\/td>\n<td class=\"has-text-align-center\" data-align=\"center\">21<\/td>\n<td class=\"has-text-align-center\" data-align=\"center\">113<\/td>\n<\/tr>\n<tr>\n<td class=\"has-text-align-center\" data-align=\"center\">M<\/td>\n<td class=\"has-text-align-center\" data-align=\"center\">73-90<\/td>\n<td class=\"has-text-align-center\" data-align=\"center\">15.5<\/td>\n<td class=\"has-text-align-center\" data-align=\"center\">66<\/td>\n<td class=\"has-text-align-center\" data-align=\"center\">73<\/td>\n<td class=\"has-text-align-center\" data-align=\"center\">22<\/td>\n<td class=\"has-text-align-center\" data-align=\"center\">115<\/td>\n<\/tr>\n<tr>\n<td class=\"has-text-align-center\" data-align=\"center\">L<\/td>\n<td class=\"has-text-align-center\" data-align=\"center\">77-94<\/td>\n<td class=\"has-text-align-center\" data-align=\"center\">16.5<\/td>\n<td class=\"has-text-align-center\" data-align=\"center\">70<\/td>\n<td class=\"has-text-align-center\" data-align=\"center\">77<\/td>\n<td class=\"has-text-align-center\" data-align=\"center\">23<\/td>\n<td class=\"has-text-align-center\" data-align=\"center\">117<\/td>\n<\/tr>\n<\/tbody>\n<\/table>\n<\/figure>\n\n\n\n<figure class=\"wp-block-table\">\n<table>\n<tbody>\n<tr>\n<td class=\"has-text-align-center\" data-align=\"center\" colspan=\"7\"><strong>Tableau des tailles (POUCES)<\/strong><\/td>\n<\/tr>\n<tr>\n<td class=\"has-text-align-center\" data-align=\"center\"><strong>Taille<\/strong><\/td>\n<td class=\"has-text-align-center\" data-align=\"center\"><strong>Sous la poitrine (po)<\/strong><\/td>\n<td class=\"has-text-align-center\" data-align=\"center\"><strong>Hauteur de la tasse (po)<\/strong><\/td>\n<td class=\"has-text-align-center\" data-align=\"center\"><strong>Ceinture (po)<\/strong><\/td>\n<td class=\"has-text-align-center\" data-align=\"center\"><strong>Tour de taille (po)<\/strong><\/td>\n<td class=\"has-text-align-center\" data-align=\"center\"><strong>Longueur (po)<\/strong><\/td>\n<td class=\"has-text-align-center\" data-align=\"center\"><strong>Poids (po)<\/strong><\/td>\n<\/tr>\n<tr>\n<td class=\"has-text-align-center\" data-align=\"center\">S<\/td>\n<td class=\"has-text-align-center\" data-align=\"center\">27.17-33.86<\/td>\n<td class=\"has-text-align-center\" data-align=\"center\">5.75<\/td>\n<td class=\"has-text-align-center\" data-align=\"center\">24.41<\/td>\n<td class=\"has-text-align-center\" data-align=\"center\">27.17<\/td>\n<td class=\"has-text-align-center\" data-align=\"center\">8.27<\/td>\n<td class=\"has-text-align-center\" data-align=\"center\">44.49<\/td>\n<\/tr>\n<tr>\n<td class=\"has-text-align-center\" data-align=\"center\">M<\/td>\n<td class=\"has-text-align-center\" data-align=\"center\">28.74-35.43<\/td>\n<td class=\"has-text-align-center\" data-align=\"center\">6.10<\/td>\n<td class=\"has-text-align-center\" data-align=\"center\">25.98<\/td>\n<td class=\"has-text-align-center\" data-align=\"center\">28.74<\/td>\n<td class=\"has-text-align-center\" data-align=\"center\">8.66<\/td>\n<td class=\"has-text-align-center\" data-align=\"center\">45.28<\/td>\n<\/tr>\n<tr>\n<td class=\"has-text-align-center\" data-align=\"center\">L<\/td>\n<td class=\"has-text-align-center\" data-align=\"center\">30.31-37.01<\/td>\n<td class=\"has-text-align-center\" data-align=\"center\">6.50<\/td>\n<td class=\"has-text-align-center\" data-align=\"center\">27.56<\/td>\n<td class=\"has-text-align-center\" data-align=\"center\">30.31<\/td>\n<td class=\"has-text-align-center\" data-align=\"center\">9.06<\/td>\n<td class=\"has-text-align-center\" data-align=\"center\">46.06<\/td>\n<\/tr>\n<\/tbody>\n<\/table>\n<\/figure>","protected":false},"excerpt":{"rendered":"<p>D\u00e9lectez-vous du talent artistique d\u00e9licat de notre <strong>ensemble de soutien-gorge culotte fantaisie<\/strong>, avec un ensemble transparent orn\u00e9 de dentelle qui apporte une touche de sophistication \u00e0 toute collection intime. Ce <strong>ensemble jarreti\u00e8re en dentelle<\/strong> est une c\u00e9l\u00e9bration de la beaut\u00e9 classique et de l&#039;allure moderne.<\/p>","protected":false},"featured_media":50516,"template":"","meta":[],"product_brand":[],"product_cat":[368,367,375],"product_tag":[507,452,875,524,446,865],"class_list":{"0":"post-50527","1":"product","2":"type-product","3":"status-publish","4":"has-post-thumbnail","6":"product_cat-bra-panty-set","7":"product_cat-sexy-lingerie","8":"product_cat-whoelsale-sheer-bra-and-panty-sets","9":"product_tag-three-pcs-set","10":"product_tag-wholesale-boudoir-lingerie","11":"product_tag-lace-sexy-lingerie","12":"product_tag-metal-lingerie","13":"product_tag-wholesale-sexy-see-through-lingerie","14":"product_tag-sexy-skimpy-lingerie","15":"pa_color-bisque-women-sexy-lingerie","16":"pa_color-black","17":"pa_color-red-women-sexy-lingerie","18":"pa_color-white","19":"pa_color-yellow","20":"pa_size-wholesale-large-size-women-sexy-lingerie","21":"pa_size-wholesale-medium-size-women-sexy-lingerie","22":"pa_size-wholesale-small-size-sexy-lingerie","24":"first","25":"instock","26":"taxable","27":"shipping-taxable","28":"purchasable","29":"product-type-variable"},"tiered_pricing_type":"fixed","tiered_pricing_fixed_rules":[],"tiered_pricing_product_settings":{"layout":"table","base_unit_name":{"singular":null,"plural":null},"default_variation":null},"tiered_pricing_minimum_quantity":null,"tiered_pricing_roles_data":[],"tiered_pricing_percentage_rules":[],"tiered_pricing_maximum_quantity":null,"tiered_pricing_quantity_step":null,"_links":{"self":[{"href":"https:\/\/gretasexylingerie.com\/fr\/wp-json\/wp\/v2\/product\/50527","targetHints":{"allow":["GET"]}}],"collection":[{"href":"https:\/\/gretasexylingerie.com\/fr\/wp-json\/wp\/v2\/product"}],"about":[{"href":"https:\/\/gretasexylingerie.com\/fr\/wp-json\/wp\/v2\/types\/product"}],"wp:featuredmedia":[{"embeddable":true,"href":"https:\/\/gretasexylingerie.com\/fr\/wp-json\/wp\/v2\/media\/50516"}],"wp:attachment":[{"href":"https:\/\/gretasexylingerie.com\/fr\/wp-json\/wp\/v2\/media?parent=50527"}],"wp:term":[{"taxonomy":"product_brand","embeddable":true,"href":"https:\/\/gretasexylingerie.com\/fr\/wp-json\/wp\/v2\/product_brand?post=50527"},{"taxonomy":"product_cat","embeddable":true,"href":"https:\/\/gretasexylingerie.com\/fr\/wp-json\/wp\/v2\/product_cat?post=50527"},{"taxonomy":"product_tag","embeddable":true,"href":"https:\/\/gretasexylingerie.com\/fr\/wp-json\/wp\/v2\/product_tag?post=50527"}],"curies":[{"name":"wp","href":"https:\/\/api.w.org\/{rel}","templated":true}]}}