{"id":50340,"date":"2024-03-29T20:28:04","date_gmt":"2024-03-29T12:28:04","guid":{"rendered":"https:\/\/gretasexylingerie.com\/?post_type=product&#038;p=50340"},"modified":"2024-03-29T21:29:45","modified_gmt":"2024-03-29T13:29:45","slug":"vente-en-gros-ensemble-de-lingerie-harnais-chaine-a-bretelles","status":"publish","type":"product","link":"https:\/\/gretasexylingerie.com\/fr\/products\/wholesale-strappy-chain-harness-lingerie-set\/","title":{"rendered":"Vente en gros Ensemble De Lingerie Harnais \u00c0 Cha\u00eene \u00c0 Bretelles"},"content":{"rendered":"<p><strong>G\u00e9om\u00e9trie sensuelle<\/strong>: Cet ensemble est une classe magistrale d&#039;allure avant-gardiste, avec ses lani\u00e8res de cuir g\u00e9om\u00e9triques et ses cha\u00eenes interconnect\u00e9es cr\u00e9ant un impact visuel \u00e9poustouflant.<\/p>\n\n\n\n<p><strong>Majest\u00e9 m\u00e9tallique<\/strong>: Le soutien-gorge harnais cha\u00eene n&#039;est pas qu&#039;un accessoire ; c&#039;est la pi\u00e8ce ma\u00eetresse, con\u00e7ue pour scintiller de mouvement et captiver par sa disposition complexe.<\/p>\n\n\n\n<p><strong>Cuir Luxe<\/strong>: Savamment confectionn\u00e9 \u00e0 partir de cuir souple, chaque bracelet de ce <strong>lingerie harnais en cuir<\/strong> L&#039;ensemble enveloppe la forme dans le luxe, promettant \u00e0 la fois confort et drame.<\/p>\n\n\n\n<p><strong>Lib\u00e9rez la confiance<\/strong>: Plus que de la lingerie, cet ensemble est une pi\u00e8ce phare, permettant \u00e0 celles qui le portent d&#039;exprimer leur personnalit\u00e9 la plus confiante et audacieuse.<\/p>\n\n\n\n<p><strong>Afficher avec fiert\u00e9<\/strong>: Offert dans le cadre de notre gamme compl\u00e8te <a href=\"https:\/\/gretasexylingerie.com\/fr\/service-de-lingerie-dropshipping\/\">service de livraison directe<\/a>, cet ensemble est un pr\u00e9sentoir incontournable pour toute boutique cherchant \u00e0 offrir le summum du design de lingerie contemporaine sans quantit\u00e9 minimum de commande.<\/p>\n\n\n\n<p>Cr\u00e9ez une collection qui parle d&#039;une mode intr\u00e9pide avec notre <strong>ensemble de lingerie \u00e0 bretelles<\/strong>. Invitez vos clients \u00e0 se draper dans l\u2019art de la s\u00e9duction avec cet ensemble unique de harnais en cha\u00eene. Avec Greta Sexy Lingerie, chaque pi\u00e8ce est une promesse d&#039;innovation et d&#039;intrigue. Faites le plein d\u00e8s maintenant et laissez votre client\u00e8le devenir artisane de son charme.<\/p>","protected":false},"excerpt":{"rendered":"<p>Sculptez une silhouette audacieuse avec ce <strong>ensemble de lingerie \u00e0 bretelles<\/strong>, orn\u00e9 d&#039;un soutien-gorge harnais en cha\u00eene en cascade. Cette lingerie harnais en cuir est une symphonie de lignes audacieuses et d&#039;accents m\u00e9talliques, con\u00e7ue pour celles qui commandent le feu des projecteurs.<\/p>","protected":false},"featured_media":50334,"template":"","meta":[],"product_brand":[],"product_cat":[380,377,367,1059,1060],"product_tag":[452,448,453,504],"class_list":{"0":"post-50340","1":"product","2":"type-product","3":"status-publish","4":"has-post-thumbnail","6":"product_cat-wholesale-harness-bra-and-panty-set","7":"product_cat-harness-lingerie","8":"product_cat-sexy-lingerie","9":"product_cat-wholesale-bondage-equipment","10":"product_cat-wholesale-bondage-lingerie","11":"product_tag-wholesale-boudoir-lingerie","12":"product_tag-wholesale-elegant-sexy-lingerie","13":"product_tag-wholesale-sexy-naughty-lingerie","14":"product_tag-ultra-sexy","15":"pa_color-black","16":"pa_size-free","18":"first","19":"instock","20":"taxable","21":"shipping-taxable","22":"purchasable","23":"product-type-variable"},"tiered_pricing_type":"fixed","tiered_pricing_fixed_rules":[],"tiered_pricing_product_settings":{"layout":"table","base_unit_name":{"singular":null,"plural":null},"default_variation":null},"tiered_pricing_minimum_quantity":null,"tiered_pricing_roles_data":[],"tiered_pricing_percentage_rules":[],"tiered_pricing_maximum_quantity":null,"tiered_pricing_quantity_step":null,"_links":{"self":[{"href":"https:\/\/gretasexylingerie.com\/fr\/wp-json\/wp\/v2\/product\/50340","targetHints":{"allow":["GET"]}}],"collection":[{"href":"https:\/\/gretasexylingerie.com\/fr\/wp-json\/wp\/v2\/product"}],"about":[{"href":"https:\/\/gretasexylingerie.com\/fr\/wp-json\/wp\/v2\/types\/product"}],"wp:featuredmedia":[{"embeddable":true,"href":"https:\/\/gretasexylingerie.com\/fr\/wp-json\/wp\/v2\/media\/50334"}],"wp:attachment":[{"href":"https:\/\/gretasexylingerie.com\/fr\/wp-json\/wp\/v2\/media?parent=50340"}],"wp:term":[{"taxonomy":"product_brand","embeddable":true,"href":"https:\/\/gretasexylingerie.com\/fr\/wp-json\/wp\/v2\/product_brand?post=50340"},{"taxonomy":"product_cat","embeddable":true,"href":"https:\/\/gretasexylingerie.com\/fr\/wp-json\/wp\/v2\/product_cat?post=50340"},{"taxonomy":"product_tag","embeddable":true,"href":"https:\/\/gretasexylingerie.com\/fr\/wp-json\/wp\/v2\/product_tag?post=50340"}],"curies":[{"name":"wp","href":"https:\/\/api.w.org\/{rel}","templated":true}]}}