{"id":50332,"date":"2024-03-29T20:27:35","date_gmt":"2024-03-29T12:27:35","guid":{"rendered":"https:\/\/gretasexylingerie.com\/?post_type=product&#038;p=50332"},"modified":"2024-03-29T21:25:18","modified_gmt":"2024-03-29T13:25:18","slug":"vente-en-gros-ensemble-de-lingerie-de-bondage-en-cuir","status":"publish","type":"product","link":"https:\/\/gretasexylingerie.com\/fr\/products\/wholesale-leather-bondage-lingerie-set\/","title":{"rendered":"Ensemble de lingerie inspir\u00e9 du bondage en cuir \u00e9nerv\u00e9 en gros"},"content":{"rendered":"<p><strong>L&#039;\u00e9l\u00e9gance au service<\/strong>: Affirmez votre style avec ce sophistiqu\u00e9 <strong>v\u00eatements dominatrice pour femmes<\/strong>. Les lani\u00e8res en cuir et les d\u00e9tails m\u00e9talliques cr\u00e9ent un look imposant, aussi affirm\u00e9 que s\u00e9duisant.<\/p>\n\n\n\n<p><strong>Raffinement retenu<\/strong>: Chaque pi\u00e8ce de cet ensemble, du tour de cou \u00e0 la ceinture cintrant la taille, est con\u00e7ue avec <strong>contraintes de bondage en cuir<\/strong> esth\u00e9tique, alliant contr\u00f4le et confort.<\/p>\n\n\n\n<p><strong>Audacieux et beau<\/strong>: Cet ensemble d\u00e9fie les conventions avec ses lignes audacieuses et ses mat\u00e9riaux inflexibles, invitant \u00e0 une incursion sans peur dans la fantaisie et le jeu de r\u00f4le.<\/p>\n\n\n\n<p><strong>Fabrication de qualit\u00e9<\/strong>: Con\u00e7u pour la durabilit\u00e9 et les d\u00e9tails, le cuir de haute qualit\u00e9 et les fermetures s\u00e9curis\u00e9es garantissent que cet ensemble est un ajout durable \u00e0 toute garde-robe aventureuse.<\/p>\n\n\n\n<p><strong>Vendre le fantasme<\/strong>: En tant qu&#039;\u00e9l\u00e9ment cl\u00e9 de notre <a href=\"https:\/\/gretasexylingerie.com\/fr\/service-de-lingerie-dropshipping\/\">service de livraison directe<\/a>, cet ensemble de lingerie offre \u00e0 vos clients le nec plus ultra en mati\u00e8re de v\u00eatements f\u00e9tichistes haute couture, sans quantit\u00e9 minimum de commande, vous permettant ainsi de r\u00e9pondre \u00e0 la demande aussi rapidement qu&#039;elle augmente.<\/p>\n\n\n\n<p>R\u00e9pondez au d\u00e9sir de jeu de pouvoir de votre client\u00e8le avec notre <strong>v\u00eatements de bondage f\u00e9minin<\/strong>. \u00c9levez vos offres et lib\u00e9rez leurs fantasmes avec une pi\u00e8ce tendance qui se vend toute seule. Gr\u00e2ce \u00e0 la s\u00e9lection et au service d&#039;\u00e9lite de Greta Sexy Lingerie, votre entreprise peut lier succ\u00e8s et style. Stockez cette pi\u00e8ce aujourd&#039;hui et regardez vos clients se d\u00e9lecter du charme du bondage en cuir.<\/p>","protected":false},"excerpt":{"rendered":"<p>Attirez l&#039;attention avec ceci <strong>v\u00eatements de bondage f\u00e9minin<\/strong> ensemble, une d\u00e9monstration audacieuse de style dominatrice. Fabriqu\u00e9 en cuir et con\u00e7u pour ceux qui dirigent, cet ensemble promet une exploration sans vergogne du pouvoir et de la s\u00e9duction.<\/p>","protected":false},"featured_media":50327,"template":"","meta":[],"product_brand":[],"product_cat":[1059,1060],"product_tag":[452,451,504],"class_list":{"0":"post-50332","1":"product","2":"type-product","3":"status-publish","4":"has-post-thumbnail","6":"product_cat-wholesale-bondage-equipment","7":"product_cat-wholesale-bondage-lingerie","8":"product_tag-wholesale-boudoir-lingerie","9":"product_tag-wholesale-revealing-lingerie","10":"product_tag-ultra-sexy","11":"pa_color-black","12":"pa_size-free","14":"first","15":"instock","16":"taxable","17":"shipping-taxable","18":"purchasable","19":"product-type-variable"},"tiered_pricing_type":"fixed","tiered_pricing_fixed_rules":[],"tiered_pricing_product_settings":{"layout":"table","base_unit_name":{"singular":null,"plural":null},"default_variation":null},"tiered_pricing_minimum_quantity":null,"tiered_pricing_roles_data":[],"tiered_pricing_percentage_rules":[],"tiered_pricing_maximum_quantity":null,"tiered_pricing_quantity_step":null,"_links":{"self":[{"href":"https:\/\/gretasexylingerie.com\/fr\/wp-json\/wp\/v2\/product\/50332","targetHints":{"allow":["GET"]}}],"collection":[{"href":"https:\/\/gretasexylingerie.com\/fr\/wp-json\/wp\/v2\/product"}],"about":[{"href":"https:\/\/gretasexylingerie.com\/fr\/wp-json\/wp\/v2\/types\/product"}],"wp:featuredmedia":[{"embeddable":true,"href":"https:\/\/gretasexylingerie.com\/fr\/wp-json\/wp\/v2\/media\/50327"}],"wp:attachment":[{"href":"https:\/\/gretasexylingerie.com\/fr\/wp-json\/wp\/v2\/media?parent=50332"}],"wp:term":[{"taxonomy":"product_brand","embeddable":true,"href":"https:\/\/gretasexylingerie.com\/fr\/wp-json\/wp\/v2\/product_brand?post=50332"},{"taxonomy":"product_cat","embeddable":true,"href":"https:\/\/gretasexylingerie.com\/fr\/wp-json\/wp\/v2\/product_cat?post=50332"},{"taxonomy":"product_tag","embeddable":true,"href":"https:\/\/gretasexylingerie.com\/fr\/wp-json\/wp\/v2\/product_tag?post=50332"}],"curies":[{"name":"wp","href":"https:\/\/api.w.org\/{rel}","templated":true}]}}