{"id":50318,"date":"2024-03-29T20:26:51","date_gmt":"2024-03-29T12:26:51","guid":{"rendered":"https:\/\/gretasexylingerie.com\/?post_type=product&#038;p=50318"},"modified":"2024-03-29T21:14:16","modified_gmt":"2024-03-29T13:14:16","slug":"vente-en-gros-ensemble-de-lingerie-fantaisie-policiere-seduisante","status":"publish","type":"product","link":"https:\/\/gretasexylingerie.com\/fr\/products\/wholesale-seductive-police-fantasy-lingerie-set\/","title":{"rendered":"Vente en gros Ensemble De Lingerie Fantaisie Police S\u00e9duisante"},"content":{"rendered":"<p><strong>Autorit\u00e9 dans Allure<\/strong>: Faites respecter les lois de l&#039;attraction avec ce commandement <strong>costume de policier coquin<\/strong>, dot\u00e9 d&#039;un corsage bleu marine brillant qui cintre la taille et accentue chaque courbe.<\/p>\n\n\n\n<p><strong>Devoir de s\u00e9duire<\/strong>: Le d\u00e9tail en maille ajoute une touche de myst\u00e8re interdit, invitant \u00e0 une inspection plus approfondie, tandis que la casquette d&#039;officier scelle l&#039;affaire avec un air d&#039;authenticit\u00e9 et de contr\u00f4le.<\/p>\n\n\n\n<p><strong>Appliquer l&#039;excitation<\/strong>: Parfait pour des \u00e9v\u00e9nements \u00e0 th\u00e8me ou des jeux de r\u00f4le personnels, ce costume est une pi\u00e8ce essentielle pour toute garde-robe aventureuse, promettant une soir\u00e9e amusante et fringante.<\/p>\n\n\n\n<p><strong>Insigne de qualit\u00e9<\/strong>: Fabriqu\u00e9 avec des mat\u00e9riaux de haute qualit\u00e9 qui r\u00e9sistent \u00e0 toutes les enqu\u00eates, ce costume est con\u00e7u pour \u00eatre port\u00e9 de mani\u00e8re r\u00e9p\u00e9t\u00e9e et pour un jeu polyvalent.<\/p>\n\n\n\n<p><strong>Verrouillez les ventes<\/strong>: Equip\u00e9 pour un approvisionnement facile gr\u00e2ce \u00e0 notre <a href=\"https:\/\/gretasexylingerie.com\/fr\/service-de-lingerie-dropshipping\/\">service de livraison directe<\/a>, ce costume est livr\u00e9 menott\u00e9 en cas de forte demande et sans MOQ, lib\u00e9rant ainsi votre inventaire pour attirer l&#039;attention qu&#039;il m\u00e9rite.<\/p>\n\n\n\n<p>\u00c9quipez votre magasin de cet ultime <strong>tenue de police sexy<\/strong> et regardez les clients faire la queue pour avoir la chance d&#039;incarner la loi de la luxure. Offrez-leur le pouvoir de patrouiller la f\u00eate ou l&#039;intimit\u00e9 de leur chambre avec les meilleurs v\u00eatements fantastiques. Passez vos commandes chez Greta Sexy Lingerie d\u00e8s maintenant, o\u00f9 chaque vente est une phrase de satisfaction.<\/p>","protected":false},"excerpt":{"rendered":"<p>Prenez le contr\u00f4le de la nuit avec \u00e7a <strong>tenue de flic pour femme<\/strong>, con\u00e7u pour renforcer l&#039;allure dans chaque d\u00e9tail. Ce <strong>tenue de police sexy<\/strong> allie autorit\u00e9 et s\u00e9duction, garantissant que vos clients captiveront les c\u0153urs partout.<\/p>","protected":false},"featured_media":50313,"template":"","meta":[],"product_brand":[],"product_cat":[974],"product_tag":[978],"class_list":{"0":"post-50318","1":"product","2":"type-product","3":"status-publish","4":"has-post-thumbnail","6":"product_cat-wholesale-sexy-costumes","7":"product_tag-policewoman-costume","8":"pa_color-black","9":"pa_size-free","11":"first","12":"instock","13":"taxable","14":"shipping-taxable","15":"purchasable","16":"product-type-variable"},"tiered_pricing_type":"fixed","tiered_pricing_fixed_rules":[],"tiered_pricing_product_settings":{"layout":"table","base_unit_name":{"singular":null,"plural":null},"default_variation":null},"tiered_pricing_minimum_quantity":null,"tiered_pricing_roles_data":[],"tiered_pricing_percentage_rules":[],"tiered_pricing_maximum_quantity":null,"tiered_pricing_quantity_step":null,"_links":{"self":[{"href":"https:\/\/gretasexylingerie.com\/fr\/wp-json\/wp\/v2\/product\/50318","targetHints":{"allow":["GET"]}}],"collection":[{"href":"https:\/\/gretasexylingerie.com\/fr\/wp-json\/wp\/v2\/product"}],"about":[{"href":"https:\/\/gretasexylingerie.com\/fr\/wp-json\/wp\/v2\/types\/product"}],"wp:featuredmedia":[{"embeddable":true,"href":"https:\/\/gretasexylingerie.com\/fr\/wp-json\/wp\/v2\/media\/50313"}],"wp:attachment":[{"href":"https:\/\/gretasexylingerie.com\/fr\/wp-json\/wp\/v2\/media?parent=50318"}],"wp:term":[{"taxonomy":"product_brand","embeddable":true,"href":"https:\/\/gretasexylingerie.com\/fr\/wp-json\/wp\/v2\/product_brand?post=50318"},{"taxonomy":"product_cat","embeddable":true,"href":"https:\/\/gretasexylingerie.com\/fr\/wp-json\/wp\/v2\/product_cat?post=50318"},{"taxonomy":"product_tag","embeddable":true,"href":"https:\/\/gretasexylingerie.com\/fr\/wp-json\/wp\/v2\/product_tag?post=50318"}],"curies":[{"name":"wp","href":"https:\/\/api.w.org\/{rel}","templated":true}]}}